{"id":122482,"date":"2024-08-09T15:56:20","date_gmt":"2024-09-17T15:18:19","guid":{"rendered":"https:\/\/depagterinterieurs.nl\/?post_type=product&#038;p=122482"},"modified":"2024-09-17T16:18:19","modified_gmt":"2024-09-17T15:18:19","slug":"lampe-de-table-hexagone-kopie","status":"publish","type":"product","link":"https:\/\/depagterinterieurs.nl\/fr\/collectie\/marques\/eichholtz\/lampe-de-table-hexagone-kopie\/","title":{"rendered":"LAMPE DE TABLE HEXAGONE&#x2122;"},"content":{"rendered":"","protected":false},"excerpt":{"rendered":"<p>Cette lampe de table hexagonale avec ses \u00e9l\u00e9ments en marbre noir facett\u00e9 et sa tige en laiton antique est typique de Philipp Plein. La lampe de table \u00ab Hexagone \u00bb est un ajout parfait au salon avec son abat-jour hexagonal contrast\u00e9 \u00e0 imprim\u00e9 l\u00e9opard.  &nbsp;<\/p>\n","protected":false},"featured_media":110462,"template":"","meta":[],"product_brand":[],"product_cat":[1039,1071,1042,1079,1060],"product_tag":[],"class_list":{"0":"post-122482","1":"product","2":"type-product","3":"status-publish","4":"has-post-thumbnail","6":"product_cat-eclairage","7":"product_cat-eichholtz","8":"product_cat-marques","9":"product_cat-philipp-plein-x-eichholtz-fr","10":"product_cat-promo","12":"first","13":"instock","14":"sale","15":"shipping-taxable","16":"purchasable","17":"product-type-simple"},"yoast_head":"<!-- This site is optimized with the Yoast SEO plugin v27.3 - https:\/\/yoast.com\/product\/yoast-seo-wordpress\/ -->\n<title>LAMPE DE TABLE HEXAGONE&#x2122; - De Pagter Interieurs<\/title>\n<meta name=\"description\" content=\"Cette lampe de table hexagonale avec ses \u00e9l\u00e9ments en marbre noir facett\u00e9 et sa tige en laiton antique est typique de Philipp Plein. La lampe de table \u00ab Hexagone \u00bb est un ajout parfait au salon avec son abat-jour hexagonal contrast\u00e9 \u00e0 imprim\u00e9 l\u00e9opard.\" \/>\n<meta name=\"robots\" content=\"index, follow, max-snippet:-1, max-image-preview:large, max-video-preview:-1\" \/>\n<link rel=\"canonical\" href=\"https:\/\/depagterinterieurs.nl\/fr\/collectie\/marques\/eichholtz\/lampe-de-table-hexagone-kopie\/\" \/>\n<meta property=\"og:locale\" content=\"fr_FR\" \/>\n<meta property=\"og:type\" content=\"article\" \/>\n<meta property=\"og:title\" content=\"LAMPE DE TABLE HEXAGONE&#x2122; - De Pagter Interieurs\" \/>\n<meta property=\"og:description\" content=\"Cette lampe de table hexagonale avec ses \u00e9l\u00e9ments en marbre noir facett\u00e9 et sa tige en laiton antique est typique de Philipp Plein. La lampe de table \u00ab Hexagone \u00bb est un ajout parfait au salon avec son abat-jour hexagonal contrast\u00e9 \u00e0 imprim\u00e9 l\u00e9opard.\" \/>\n<meta property=\"og:url\" content=\"https:\/\/depagterinterieurs.nl\/fr\/collectie\/marques\/eichholtz\/lampe-de-table-hexagone-kopie\/\" \/>\n<meta property=\"og:site_name\" content=\"De Pagter Interieurs\" \/>\n<meta property=\"article:publisher\" content=\"https:\/\/www.facebook.com\/depagterinterieurs\/\" \/>\n<meta property=\"og:image\" content=\"https:\/\/depagterinterieurs.nl\/wp-content\/uploads\/2023\/04\/Tafellamp-PP.jpg\" \/>\n\t<meta property=\"og:image:width\" content=\"1080\" \/>\n\t<meta property=\"og:image:height\" content=\"1080\" \/>\n\t<meta property=\"og:image:type\" content=\"image\/jpeg\" \/>\n<meta name=\"twitter:card\" content=\"summary_large_image\" \/>\n<script type=\"application\/ld+json\" class=\"yoast-schema-graph\">{\"@context\":\"https:\\\/\\\/schema.org\",\"@graph\":[{\"@type\":\"WebPage\",\"@id\":\"https:\\\/\\\/depagterinterieurs.nl\\\/fr\\\/collectie\\\/marques\\\/eichholtz\\\/lampe-de-table-hexagone-kopie\\\/\",\"url\":\"https:\\\/\\\/depagterinterieurs.nl\\\/fr\\\/collectie\\\/marques\\\/eichholtz\\\/lampe-de-table-hexagone-kopie\\\/\",\"name\":\"LAMPE DE TABLE HEXAGONE&#x2122; - De Pagter Interieurs\",\"isPartOf\":{\"@id\":\"https:\\\/\\\/depagterinterieurs.nl\\\/fr\\\/#website\"},\"primaryImageOfPage\":{\"@id\":\"https:\\\/\\\/depagterinterieurs.nl\\\/fr\\\/collectie\\\/marques\\\/eichholtz\\\/lampe-de-table-hexagone-kopie\\\/#primaryimage\"},\"image\":{\"@id\":\"https:\\\/\\\/depagterinterieurs.nl\\\/fr\\\/collectie\\\/marques\\\/eichholtz\\\/lampe-de-table-hexagone-kopie\\\/#primaryimage\"},\"thumbnailUrl\":\"https:\\\/\\\/depagterinterieurs.nl\\\/wp-content\\\/uploads\\\/2023\\\/04\\\/Tafellamp-PP.jpg\",\"datePublished\":\"2024-09-17T15:18:19+00:00\",\"description\":\"Cette lampe de table hexagonale avec ses \u00e9l\u00e9ments en marbre noir facett\u00e9 et sa tige en laiton antique est typique de Philipp Plein. La lampe de table \u00ab Hexagone \u00bb est un ajout parfait au salon avec son abat-jour hexagonal contrast\u00e9 \u00e0 imprim\u00e9 l\u00e9opard.\",\"breadcrumb\":{\"@id\":\"https:\\\/\\\/depagterinterieurs.nl\\\/fr\\\/collectie\\\/marques\\\/eichholtz\\\/lampe-de-table-hexagone-kopie\\\/#breadcrumb\"},\"inLanguage\":\"fr-FR\",\"potentialAction\":[{\"@type\":\"ReadAction\",\"target\":[\"https:\\\/\\\/depagterinterieurs.nl\\\/fr\\\/collectie\\\/marques\\\/eichholtz\\\/lampe-de-table-hexagone-kopie\\\/\"]}]},{\"@type\":\"ImageObject\",\"inLanguage\":\"fr-FR\",\"@id\":\"https:\\\/\\\/depagterinterieurs.nl\\\/fr\\\/collectie\\\/marques\\\/eichholtz\\\/lampe-de-table-hexagone-kopie\\\/#primaryimage\",\"url\":\"https:\\\/\\\/depagterinterieurs.nl\\\/wp-content\\\/uploads\\\/2023\\\/04\\\/Tafellamp-PP.jpg\",\"contentUrl\":\"https:\\\/\\\/depagterinterieurs.nl\\\/wp-content\\\/uploads\\\/2023\\\/04\\\/Tafellamp-PP.jpg\",\"width\":1080,\"height\":1080},{\"@type\":\"BreadcrumbList\",\"@id\":\"https:\\\/\\\/depagterinterieurs.nl\\\/fr\\\/collectie\\\/marques\\\/eichholtz\\\/lampe-de-table-hexagone-kopie\\\/#breadcrumb\",\"itemListElement\":[{\"@type\":\"ListItem\",\"position\":1,\"name\":\"Home\",\"item\":\"https:\\\/\\\/depagterinterieurs.nl\\\/fr\\\/domicile\\\/\"},{\"@type\":\"ListItem\",\"position\":2,\"name\":\"Collection\",\"item\":\"https:\\\/\\\/depagterinterieurs.nl\\\/fr\\\/collection\\\/\"},{\"@type\":\"ListItem\",\"position\":3,\"name\":\"LAMPE DE TABLE HEXAGONE&#x2122;\"}]},{\"@type\":\"WebSite\",\"@id\":\"https:\\\/\\\/depagterinterieurs.nl\\\/fr\\\/#website\",\"url\":\"https:\\\/\\\/depagterinterieurs.nl\\\/fr\\\/\",\"name\":\"De Pagter Interieurs\",\"description\":\"Woonwinkels in Middelburg - Domburg - Veere\",\"potentialAction\":[{\"@type\":\"SearchAction\",\"target\":{\"@type\":\"EntryPoint\",\"urlTemplate\":\"https:\\\/\\\/depagterinterieurs.nl\\\/fr\\\/?s={search_term_string}\"},\"query-input\":{\"@type\":\"PropertyValueSpecification\",\"valueRequired\":true,\"valueName\":\"search_term_string\"}}],\"inLanguage\":\"fr-FR\"}]}<\/script>\n<!-- \/ Yoast SEO plugin. -->","yoast_head_json":{"title":"LAMPE DE TABLE HEXAGONE&#x2122; - De Pagter Interieurs","description":"Cette lampe de table hexagonale avec ses \u00e9l\u00e9ments en marbre noir facett\u00e9 et sa tige en laiton antique est typique de Philipp Plein. La lampe de table \u00ab Hexagone \u00bb est un ajout parfait au salon avec son abat-jour hexagonal contrast\u00e9 \u00e0 imprim\u00e9 l\u00e9opard.","robots":{"index":"index","follow":"follow","max-snippet":"max-snippet:-1","max-image-preview":"max-image-preview:large","max-video-preview":"max-video-preview:-1"},"canonical":"https:\/\/depagterinterieurs.nl\/fr\/collectie\/marques\/eichholtz\/lampe-de-table-hexagone-kopie\/","og_locale":"fr_FR","og_type":"article","og_title":"LAMPE DE TABLE HEXAGONE&#x2122; - De Pagter Interieurs","og_description":"Cette lampe de table hexagonale avec ses \u00e9l\u00e9ments en marbre noir facett\u00e9 et sa tige en laiton antique est typique de Philipp Plein. La lampe de table \u00ab Hexagone \u00bb est un ajout parfait au salon avec son abat-jour hexagonal contrast\u00e9 \u00e0 imprim\u00e9 l\u00e9opard.","og_url":"https:\/\/depagterinterieurs.nl\/fr\/collectie\/marques\/eichholtz\/lampe-de-table-hexagone-kopie\/","og_site_name":"De Pagter Interieurs","article_publisher":"https:\/\/www.facebook.com\/depagterinterieurs\/","og_image":[{"width":1080,"height":1080,"url":"https:\/\/depagterinterieurs.nl\/wp-content\/uploads\/2023\/04\/Tafellamp-PP.jpg","type":"image\/jpeg"}],"twitter_card":"summary_large_image","schema":{"@context":"https:\/\/schema.org","@graph":[{"@type":"WebPage","@id":"https:\/\/depagterinterieurs.nl\/fr\/collectie\/marques\/eichholtz\/lampe-de-table-hexagone-kopie\/","url":"https:\/\/depagterinterieurs.nl\/fr\/collectie\/marques\/eichholtz\/lampe-de-table-hexagone-kopie\/","name":"LAMPE DE TABLE HEXAGONE&#x2122; - De Pagter Interieurs","isPartOf":{"@id":"https:\/\/depagterinterieurs.nl\/fr\/#website"},"primaryImageOfPage":{"@id":"https:\/\/depagterinterieurs.nl\/fr\/collectie\/marques\/eichholtz\/lampe-de-table-hexagone-kopie\/#primaryimage"},"image":{"@id":"https:\/\/depagterinterieurs.nl\/fr\/collectie\/marques\/eichholtz\/lampe-de-table-hexagone-kopie\/#primaryimage"},"thumbnailUrl":"https:\/\/depagterinterieurs.nl\/wp-content\/uploads\/2023\/04\/Tafellamp-PP.jpg","datePublished":"2024-09-17T15:18:19+00:00","description":"Cette lampe de table hexagonale avec ses \u00e9l\u00e9ments en marbre noir facett\u00e9 et sa tige en laiton antique est typique de Philipp Plein. La lampe de table \u00ab Hexagone \u00bb est un ajout parfait au salon avec son abat-jour hexagonal contrast\u00e9 \u00e0 imprim\u00e9 l\u00e9opard.","breadcrumb":{"@id":"https:\/\/depagterinterieurs.nl\/fr\/collectie\/marques\/eichholtz\/lampe-de-table-hexagone-kopie\/#breadcrumb"},"inLanguage":"fr-FR","potentialAction":[{"@type":"ReadAction","target":["https:\/\/depagterinterieurs.nl\/fr\/collectie\/marques\/eichholtz\/lampe-de-table-hexagone-kopie\/"]}]},{"@type":"ImageObject","inLanguage":"fr-FR","@id":"https:\/\/depagterinterieurs.nl\/fr\/collectie\/marques\/eichholtz\/lampe-de-table-hexagone-kopie\/#primaryimage","url":"https:\/\/depagterinterieurs.nl\/wp-content\/uploads\/2023\/04\/Tafellamp-PP.jpg","contentUrl":"https:\/\/depagterinterieurs.nl\/wp-content\/uploads\/2023\/04\/Tafellamp-PP.jpg","width":1080,"height":1080},{"@type":"BreadcrumbList","@id":"https:\/\/depagterinterieurs.nl\/fr\/collectie\/marques\/eichholtz\/lampe-de-table-hexagone-kopie\/#breadcrumb","itemListElement":[{"@type":"ListItem","position":1,"name":"Home","item":"https:\/\/depagterinterieurs.nl\/fr\/domicile\/"},{"@type":"ListItem","position":2,"name":"Collection","item":"https:\/\/depagterinterieurs.nl\/fr\/collection\/"},{"@type":"ListItem","position":3,"name":"LAMPE DE TABLE HEXAGONE&#x2122;"}]},{"@type":"WebSite","@id":"https:\/\/depagterinterieurs.nl\/fr\/#website","url":"https:\/\/depagterinterieurs.nl\/fr\/","name":"De Pagter Interieurs","description":"Woonwinkels in Middelburg - Domburg - Veere","potentialAction":[{"@type":"SearchAction","target":{"@type":"EntryPoint","urlTemplate":"https:\/\/depagterinterieurs.nl\/fr\/?s={search_term_string}"},"query-input":{"@type":"PropertyValueSpecification","valueRequired":true,"valueName":"search_term_string"}}],"inLanguage":"fr-FR"}]}},"_links":{"self":[{"href":"https:\/\/depagterinterieurs.nl\/fr\/wp-json\/wp\/v2\/product\/122482","targetHints":{"allow":["GET"]}}],"collection":[{"href":"https:\/\/depagterinterieurs.nl\/fr\/wp-json\/wp\/v2\/product"}],"about":[{"href":"https:\/\/depagterinterieurs.nl\/fr\/wp-json\/wp\/v2\/types\/product"}],"wp:featuredmedia":[{"embeddable":true,"href":"https:\/\/depagterinterieurs.nl\/fr\/wp-json\/wp\/v2\/media\/110462"}],"wp:attachment":[{"href":"https:\/\/depagterinterieurs.nl\/fr\/wp-json\/wp\/v2\/media?parent=122482"}],"wp:term":[{"taxonomy":"product_brand","embeddable":true,"href":"https:\/\/depagterinterieurs.nl\/fr\/wp-json\/wp\/v2\/product_brand?post=122482"},{"taxonomy":"product_cat","embeddable":true,"href":"https:\/\/depagterinterieurs.nl\/fr\/wp-json\/wp\/v2\/product_cat?post=122482"},{"taxonomy":"product_tag","embeddable":true,"href":"https:\/\/depagterinterieurs.nl\/fr\/wp-json\/wp\/v2\/product_tag?post=122482"}],"curies":[{"name":"wp","href":"https:\/\/api.w.org\/{rel}","templated":true}]}}