{"id":122486,"date":"2024-08-09T16:05:24","date_gmt":"2024-09-17T15:18:18","guid":{"rendered":"https:\/\/depagterinterieurs.nl\/?post_type=product&#038;p=122486"},"modified":"2024-09-17T16:18:18","modified_gmt":"2024-09-17T15:18:18","slug":"bete-de-baskets-kopie","status":"publish","type":"product","link":"https:\/\/depagterinterieurs.nl\/fr\/collectie\/marques\/eichholtz\/bete-de-baskets-kopie\/","title":{"rendered":"SNEAKER BEAST&#x2122;"},"content":{"rendered":"","protected":false},"excerpt":{"rendered":"<p>L\u2019\u00e9tui Sneaker Beast est fabriqu\u00e9 \u00e0 partir de PVC noir \u00e9l\u00e9gant et doubl\u00e9 d\u2019un velours personnalis\u00e9 avec logo PP. C\u2019est pour le connaisseur qui veut montrer sa derni\u00e8re collection.  &nbsp;<\/p>\n","protected":false},"featured_media":110468,"template":"","meta":[],"product_brand":[],"product_cat":[1050,1071,1042,1047,1079,1060],"product_tag":[],"class_list":{"0":"post-122486","1":"product","2":"type-product","3":"status-publish","4":"has-post-thumbnail","6":"product_cat-armoires-commodes","7":"product_cat-eichholtz","8":"product_cat-marques","9":"product_cat-meubles-divers","10":"product_cat-philipp-plein-x-eichholtz-fr","11":"product_cat-promo","13":"first","14":"instock","15":"sale","16":"shipping-taxable","17":"purchasable","18":"product-type-simple"},"yoast_head":"<!-- This site is optimized with the Yoast SEO plugin v27.3 - https:\/\/yoast.com\/product\/yoast-seo-wordpress\/ -->\n<title>SNEAKER BEAST&#x2122; - De Pagter Interieurs<\/title>\n<meta name=\"description\" content=\"L\u2019\u00e9tui Sneaker Beast est fabriqu\u00e9 \u00e0 partir de PVC noir \u00e9l\u00e9gant et doubl\u00e9 d\u2019un velours personnalis\u00e9 avec logo PP. C\u2019est pour le connaisseur qui veut montrer sa derni\u00e8re collection.\" \/>\n<meta name=\"robots\" content=\"index, follow, max-snippet:-1, max-image-preview:large, max-video-preview:-1\" \/>\n<link rel=\"canonical\" href=\"https:\/\/depagterinterieurs.nl\/fr\/collectie\/marques\/eichholtz\/bete-de-baskets-kopie\/\" \/>\n<meta property=\"og:locale\" content=\"fr_FR\" \/>\n<meta property=\"og:type\" content=\"article\" \/>\n<meta property=\"og:title\" content=\"SNEAKER BEAST&#x2122; - De Pagter Interieurs\" \/>\n<meta property=\"og:description\" content=\"L\u2019\u00e9tui Sneaker Beast est fabriqu\u00e9 \u00e0 partir de PVC noir \u00e9l\u00e9gant et doubl\u00e9 d\u2019un velours personnalis\u00e9 avec logo PP. C\u2019est pour le connaisseur qui veut montrer sa derni\u00e8re collection.\" \/>\n<meta property=\"og:url\" content=\"https:\/\/depagterinterieurs.nl\/fr\/collectie\/marques\/eichholtz\/bete-de-baskets-kopie\/\" \/>\n<meta property=\"og:site_name\" content=\"De Pagter Interieurs\" \/>\n<meta property=\"article:publisher\" content=\"https:\/\/www.facebook.com\/depagterinterieurs\/\" \/>\n<meta property=\"og:image\" content=\"https:\/\/depagterinterieurs.nl\/wp-content\/uploads\/2023\/04\/Sneakerbox-PP.jpg\" \/>\n\t<meta property=\"og:image:width\" content=\"1080\" \/>\n\t<meta property=\"og:image:height\" content=\"1080\" \/>\n\t<meta property=\"og:image:type\" content=\"image\/jpeg\" \/>\n<meta name=\"twitter:card\" content=\"summary_large_image\" \/>\n<script type=\"application\/ld+json\" class=\"yoast-schema-graph\">{\"@context\":\"https:\\\/\\\/schema.org\",\"@graph\":[{\"@type\":\"WebPage\",\"@id\":\"https:\\\/\\\/depagterinterieurs.nl\\\/fr\\\/collectie\\\/marques\\\/eichholtz\\\/bete-de-baskets-kopie\\\/\",\"url\":\"https:\\\/\\\/depagterinterieurs.nl\\\/fr\\\/collectie\\\/marques\\\/eichholtz\\\/bete-de-baskets-kopie\\\/\",\"name\":\"SNEAKER BEAST&#x2122; - De Pagter Interieurs\",\"isPartOf\":{\"@id\":\"https:\\\/\\\/depagterinterieurs.nl\\\/fr\\\/#website\"},\"primaryImageOfPage\":{\"@id\":\"https:\\\/\\\/depagterinterieurs.nl\\\/fr\\\/collectie\\\/marques\\\/eichholtz\\\/bete-de-baskets-kopie\\\/#primaryimage\"},\"image\":{\"@id\":\"https:\\\/\\\/depagterinterieurs.nl\\\/fr\\\/collectie\\\/marques\\\/eichholtz\\\/bete-de-baskets-kopie\\\/#primaryimage\"},\"thumbnailUrl\":\"https:\\\/\\\/depagterinterieurs.nl\\\/wp-content\\\/uploads\\\/2023\\\/04\\\/Sneakerbox-PP.jpg\",\"datePublished\":\"2024-09-17T15:18:18+00:00\",\"description\":\"L\u2019\u00e9tui Sneaker Beast est fabriqu\u00e9 \u00e0 partir de PVC noir \u00e9l\u00e9gant et doubl\u00e9 d\u2019un velours personnalis\u00e9 avec logo PP. C\u2019est pour le connaisseur qui veut montrer sa derni\u00e8re collection.\",\"breadcrumb\":{\"@id\":\"https:\\\/\\\/depagterinterieurs.nl\\\/fr\\\/collectie\\\/marques\\\/eichholtz\\\/bete-de-baskets-kopie\\\/#breadcrumb\"},\"inLanguage\":\"fr-FR\",\"potentialAction\":[{\"@type\":\"ReadAction\",\"target\":[\"https:\\\/\\\/depagterinterieurs.nl\\\/fr\\\/collectie\\\/marques\\\/eichholtz\\\/bete-de-baskets-kopie\\\/\"]}]},{\"@type\":\"ImageObject\",\"inLanguage\":\"fr-FR\",\"@id\":\"https:\\\/\\\/depagterinterieurs.nl\\\/fr\\\/collectie\\\/marques\\\/eichholtz\\\/bete-de-baskets-kopie\\\/#primaryimage\",\"url\":\"https:\\\/\\\/depagterinterieurs.nl\\\/wp-content\\\/uploads\\\/2023\\\/04\\\/Sneakerbox-PP.jpg\",\"contentUrl\":\"https:\\\/\\\/depagterinterieurs.nl\\\/wp-content\\\/uploads\\\/2023\\\/04\\\/Sneakerbox-PP.jpg\",\"width\":1080,\"height\":1080},{\"@type\":\"BreadcrumbList\",\"@id\":\"https:\\\/\\\/depagterinterieurs.nl\\\/fr\\\/collectie\\\/marques\\\/eichholtz\\\/bete-de-baskets-kopie\\\/#breadcrumb\",\"itemListElement\":[{\"@type\":\"ListItem\",\"position\":1,\"name\":\"Home\",\"item\":\"https:\\\/\\\/depagterinterieurs.nl\\\/fr\\\/domicile\\\/\"},{\"@type\":\"ListItem\",\"position\":2,\"name\":\"Collection\",\"item\":\"https:\\\/\\\/depagterinterieurs.nl\\\/fr\\\/collection\\\/\"},{\"@type\":\"ListItem\",\"position\":3,\"name\":\"SNEAKER BEAST&#x2122;\"}]},{\"@type\":\"WebSite\",\"@id\":\"https:\\\/\\\/depagterinterieurs.nl\\\/fr\\\/#website\",\"url\":\"https:\\\/\\\/depagterinterieurs.nl\\\/fr\\\/\",\"name\":\"De Pagter Interieurs\",\"description\":\"Woonwinkels in Middelburg - Domburg - Veere\",\"potentialAction\":[{\"@type\":\"SearchAction\",\"target\":{\"@type\":\"EntryPoint\",\"urlTemplate\":\"https:\\\/\\\/depagterinterieurs.nl\\\/fr\\\/?s={search_term_string}\"},\"query-input\":{\"@type\":\"PropertyValueSpecification\",\"valueRequired\":true,\"valueName\":\"search_term_string\"}}],\"inLanguage\":\"fr-FR\"}]}<\/script>\n<!-- \/ Yoast SEO plugin. -->","yoast_head_json":{"title":"SNEAKER BEAST&#x2122; - De Pagter Interieurs","description":"L\u2019\u00e9tui Sneaker Beast est fabriqu\u00e9 \u00e0 partir de PVC noir \u00e9l\u00e9gant et doubl\u00e9 d\u2019un velours personnalis\u00e9 avec logo PP. C\u2019est pour le connaisseur qui veut montrer sa derni\u00e8re collection.","robots":{"index":"index","follow":"follow","max-snippet":"max-snippet:-1","max-image-preview":"max-image-preview:large","max-video-preview":"max-video-preview:-1"},"canonical":"https:\/\/depagterinterieurs.nl\/fr\/collectie\/marques\/eichholtz\/bete-de-baskets-kopie\/","og_locale":"fr_FR","og_type":"article","og_title":"SNEAKER BEAST&#x2122; - De Pagter Interieurs","og_description":"L\u2019\u00e9tui Sneaker Beast est fabriqu\u00e9 \u00e0 partir de PVC noir \u00e9l\u00e9gant et doubl\u00e9 d\u2019un velours personnalis\u00e9 avec logo PP. C\u2019est pour le connaisseur qui veut montrer sa derni\u00e8re collection.","og_url":"https:\/\/depagterinterieurs.nl\/fr\/collectie\/marques\/eichholtz\/bete-de-baskets-kopie\/","og_site_name":"De Pagter Interieurs","article_publisher":"https:\/\/www.facebook.com\/depagterinterieurs\/","og_image":[{"width":1080,"height":1080,"url":"https:\/\/depagterinterieurs.nl\/wp-content\/uploads\/2023\/04\/Sneakerbox-PP.jpg","type":"image\/jpeg"}],"twitter_card":"summary_large_image","schema":{"@context":"https:\/\/schema.org","@graph":[{"@type":"WebPage","@id":"https:\/\/depagterinterieurs.nl\/fr\/collectie\/marques\/eichholtz\/bete-de-baskets-kopie\/","url":"https:\/\/depagterinterieurs.nl\/fr\/collectie\/marques\/eichholtz\/bete-de-baskets-kopie\/","name":"SNEAKER BEAST&#x2122; - De Pagter Interieurs","isPartOf":{"@id":"https:\/\/depagterinterieurs.nl\/fr\/#website"},"primaryImageOfPage":{"@id":"https:\/\/depagterinterieurs.nl\/fr\/collectie\/marques\/eichholtz\/bete-de-baskets-kopie\/#primaryimage"},"image":{"@id":"https:\/\/depagterinterieurs.nl\/fr\/collectie\/marques\/eichholtz\/bete-de-baskets-kopie\/#primaryimage"},"thumbnailUrl":"https:\/\/depagterinterieurs.nl\/wp-content\/uploads\/2023\/04\/Sneakerbox-PP.jpg","datePublished":"2024-09-17T15:18:18+00:00","description":"L\u2019\u00e9tui Sneaker Beast est fabriqu\u00e9 \u00e0 partir de PVC noir \u00e9l\u00e9gant et doubl\u00e9 d\u2019un velours personnalis\u00e9 avec logo PP. C\u2019est pour le connaisseur qui veut montrer sa derni\u00e8re collection.","breadcrumb":{"@id":"https:\/\/depagterinterieurs.nl\/fr\/collectie\/marques\/eichholtz\/bete-de-baskets-kopie\/#breadcrumb"},"inLanguage":"fr-FR","potentialAction":[{"@type":"ReadAction","target":["https:\/\/depagterinterieurs.nl\/fr\/collectie\/marques\/eichholtz\/bete-de-baskets-kopie\/"]}]},{"@type":"ImageObject","inLanguage":"fr-FR","@id":"https:\/\/depagterinterieurs.nl\/fr\/collectie\/marques\/eichholtz\/bete-de-baskets-kopie\/#primaryimage","url":"https:\/\/depagterinterieurs.nl\/wp-content\/uploads\/2023\/04\/Sneakerbox-PP.jpg","contentUrl":"https:\/\/depagterinterieurs.nl\/wp-content\/uploads\/2023\/04\/Sneakerbox-PP.jpg","width":1080,"height":1080},{"@type":"BreadcrumbList","@id":"https:\/\/depagterinterieurs.nl\/fr\/collectie\/marques\/eichholtz\/bete-de-baskets-kopie\/#breadcrumb","itemListElement":[{"@type":"ListItem","position":1,"name":"Home","item":"https:\/\/depagterinterieurs.nl\/fr\/domicile\/"},{"@type":"ListItem","position":2,"name":"Collection","item":"https:\/\/depagterinterieurs.nl\/fr\/collection\/"},{"@type":"ListItem","position":3,"name":"SNEAKER BEAST&#x2122;"}]},{"@type":"WebSite","@id":"https:\/\/depagterinterieurs.nl\/fr\/#website","url":"https:\/\/depagterinterieurs.nl\/fr\/","name":"De Pagter Interieurs","description":"Woonwinkels in Middelburg - Domburg - Veere","potentialAction":[{"@type":"SearchAction","target":{"@type":"EntryPoint","urlTemplate":"https:\/\/depagterinterieurs.nl\/fr\/?s={search_term_string}"},"query-input":{"@type":"PropertyValueSpecification","valueRequired":true,"valueName":"search_term_string"}}],"inLanguage":"fr-FR"}]}},"_links":{"self":[{"href":"https:\/\/depagterinterieurs.nl\/fr\/wp-json\/wp\/v2\/product\/122486","targetHints":{"allow":["GET"]}}],"collection":[{"href":"https:\/\/depagterinterieurs.nl\/fr\/wp-json\/wp\/v2\/product"}],"about":[{"href":"https:\/\/depagterinterieurs.nl\/fr\/wp-json\/wp\/v2\/types\/product"}],"wp:featuredmedia":[{"embeddable":true,"href":"https:\/\/depagterinterieurs.nl\/fr\/wp-json\/wp\/v2\/media\/110468"}],"wp:attachment":[{"href":"https:\/\/depagterinterieurs.nl\/fr\/wp-json\/wp\/v2\/media?parent=122486"}],"wp:term":[{"taxonomy":"product_brand","embeddable":true,"href":"https:\/\/depagterinterieurs.nl\/fr\/wp-json\/wp\/v2\/product_brand?post=122486"},{"taxonomy":"product_cat","embeddable":true,"href":"https:\/\/depagterinterieurs.nl\/fr\/wp-json\/wp\/v2\/product_cat?post=122486"},{"taxonomy":"product_tag","embeddable":true,"href":"https:\/\/depagterinterieurs.nl\/fr\/wp-json\/wp\/v2\/product_tag?post=122486"}],"curies":[{"name":"wp","href":"https:\/\/api.w.org\/{rel}","templated":true}]}}