{"id":122710,"date":"2024-08-10T14:18:55","date_gmt":"2024-08-10T14:08:50","guid":{"rendered":"https:\/\/depagterinterieurs.nl\/collectie\/non class\u00e9\/cushion-silk-exotic\/"},"modified":"2024-08-10T15:08:50","modified_gmt":"2024-08-10T14:08:50","slug":"cushion-silk-exotic","status":"publish","type":"product","link":"https:\/\/depagterinterieurs.nl\/fr\/collectie\/marques\/eichholtz\/cushion-silk-exotic\/","title":{"rendered":"CUSHION SILK EXOTIC&#x2122;"},"content":{"rendered":"","protected":false},"excerpt":{"rendered":"<p>Fabriqu\u00e9 en Italie, mettant en vedette des cr\u00e9atures majestueuses de la jungle et une flore tropicale luxuriante, ce luxueux oreiller exotique de 70 cm est vraiment d\u00e9cadent. Le lettrage et l\u2019embellissement dor\u00e9s de Plein compl\u00e8tent le look.<\/p>\n","protected":false},"featured_media":122671,"template":"","meta":[],"product_brand":[],"product_cat":[1038,1071,1042,1079,1060],"product_tag":[],"class_list":{"0":"post-122710","1":"product","2":"type-product","3":"status-publish","4":"has-post-thumbnail","6":"product_cat-accessoires-pour-la-maison","7":"product_cat-eichholtz","8":"product_cat-marques","9":"product_cat-philipp-plein-x-eichholtz-fr","10":"product_cat-promo","12":"first","13":"instock","14":"sale","15":"shipping-taxable","16":"purchasable","17":"product-type-simple"},"yoast_head":"<!-- This site is optimized with the Yoast SEO plugin v27.3 - https:\/\/yoast.com\/product\/yoast-seo-wordpress\/ -->\n<title>CUSHION SILK EXOTIC&#x2122; - De Pagter Interieurs<\/title>\n<meta name=\"description\" content=\"Fabriqu\u00e9 en Italie, mettant en vedette des cr\u00e9atures majestueuses de la jungle et une flore tropicale luxuriante, ce luxueux oreiller exotique de 70 cm est vraiment d\u00e9cadent. Le lettrage et l\u2019embellissement dor\u00e9s de Plein compl\u00e8tent le look.\" \/>\n<meta name=\"robots\" content=\"index, follow, max-snippet:-1, max-image-preview:large, max-video-preview:-1\" \/>\n<link rel=\"canonical\" href=\"https:\/\/depagterinterieurs.nl\/fr\/collectie\/marques\/eichholtz\/cushion-silk-exotic\/\" \/>\n<meta property=\"og:locale\" content=\"fr_FR\" \/>\n<meta property=\"og:type\" content=\"article\" \/>\n<meta property=\"og:title\" content=\"CUSHION SILK EXOTIC&#x2122; - De Pagter Interieurs\" \/>\n<meta property=\"og:description\" content=\"Fabriqu\u00e9 en Italie, mettant en vedette des cr\u00e9atures majestueuses de la jungle et une flore tropicale luxuriante, ce luxueux oreiller exotique de 70 cm est vraiment d\u00e9cadent. Le lettrage et l\u2019embellissement dor\u00e9s de Plein compl\u00e8tent le look.\" \/>\n<meta property=\"og:url\" content=\"https:\/\/depagterinterieurs.nl\/fr\/collectie\/marques\/eichholtz\/cushion-silk-exotic\/\" \/>\n<meta property=\"og:site_name\" content=\"De Pagter Interieurs\" \/>\n<meta property=\"article:publisher\" content=\"https:\/\/www.facebook.com\/depagterinterieurs\/\" \/>\n<meta property=\"og:image\" content=\"https:\/\/depagterinterieurs.nl\/wp-content\/uploads\/2024\/08\/CUSHION-SILK-EXOTIC.jpg\" \/>\n\t<meta property=\"og:image:width\" content=\"768\" \/>\n\t<meta property=\"og:image:height\" content=\"978\" \/>\n\t<meta property=\"og:image:type\" content=\"image\/jpeg\" \/>\n<meta name=\"twitter:card\" content=\"summary_large_image\" \/>\n<script type=\"application\/ld+json\" class=\"yoast-schema-graph\">{\"@context\":\"https:\\\/\\\/schema.org\",\"@graph\":[{\"@type\":\"WebPage\",\"@id\":\"https:\\\/\\\/depagterinterieurs.nl\\\/fr\\\/collectie\\\/marques\\\/eichholtz\\\/cushion-silk-exotic\\\/\",\"url\":\"https:\\\/\\\/depagterinterieurs.nl\\\/fr\\\/collectie\\\/marques\\\/eichholtz\\\/cushion-silk-exotic\\\/\",\"name\":\"CUSHION SILK EXOTIC&#x2122; - De Pagter Interieurs\",\"isPartOf\":{\"@id\":\"https:\\\/\\\/depagterinterieurs.nl\\\/fr\\\/#website\"},\"primaryImageOfPage\":{\"@id\":\"https:\\\/\\\/depagterinterieurs.nl\\\/fr\\\/collectie\\\/marques\\\/eichholtz\\\/cushion-silk-exotic\\\/#primaryimage\"},\"image\":{\"@id\":\"https:\\\/\\\/depagterinterieurs.nl\\\/fr\\\/collectie\\\/marques\\\/eichholtz\\\/cushion-silk-exotic\\\/#primaryimage\"},\"thumbnailUrl\":\"https:\\\/\\\/depagterinterieurs.nl\\\/wp-content\\\/uploads\\\/2024\\\/08\\\/CUSHION-SILK-EXOTIC.jpg\",\"datePublished\":\"2024-08-10T14:08:50+00:00\",\"description\":\"Fabriqu\u00e9 en Italie, mettant en vedette des cr\u00e9atures majestueuses de la jungle et une flore tropicale luxuriante, ce luxueux oreiller exotique de 70 cm est vraiment d\u00e9cadent. Le lettrage et l\u2019embellissement dor\u00e9s de Plein compl\u00e8tent le look.\",\"breadcrumb\":{\"@id\":\"https:\\\/\\\/depagterinterieurs.nl\\\/fr\\\/collectie\\\/marques\\\/eichholtz\\\/cushion-silk-exotic\\\/#breadcrumb\"},\"inLanguage\":\"fr-FR\",\"potentialAction\":[{\"@type\":\"ReadAction\",\"target\":[\"https:\\\/\\\/depagterinterieurs.nl\\\/fr\\\/collectie\\\/marques\\\/eichholtz\\\/cushion-silk-exotic\\\/\"]}]},{\"@type\":\"ImageObject\",\"inLanguage\":\"fr-FR\",\"@id\":\"https:\\\/\\\/depagterinterieurs.nl\\\/fr\\\/collectie\\\/marques\\\/eichholtz\\\/cushion-silk-exotic\\\/#primaryimage\",\"url\":\"https:\\\/\\\/depagterinterieurs.nl\\\/wp-content\\\/uploads\\\/2024\\\/08\\\/CUSHION-SILK-EXOTIC.jpg\",\"contentUrl\":\"https:\\\/\\\/depagterinterieurs.nl\\\/wp-content\\\/uploads\\\/2024\\\/08\\\/CUSHION-SILK-EXOTIC.jpg\",\"width\":768,\"height\":978},{\"@type\":\"BreadcrumbList\",\"@id\":\"https:\\\/\\\/depagterinterieurs.nl\\\/fr\\\/collectie\\\/marques\\\/eichholtz\\\/cushion-silk-exotic\\\/#breadcrumb\",\"itemListElement\":[{\"@type\":\"ListItem\",\"position\":1,\"name\":\"Home\",\"item\":\"https:\\\/\\\/depagterinterieurs.nl\\\/fr\\\/domicile\\\/\"},{\"@type\":\"ListItem\",\"position\":2,\"name\":\"Collection\",\"item\":\"https:\\\/\\\/depagterinterieurs.nl\\\/fr\\\/collection\\\/\"},{\"@type\":\"ListItem\",\"position\":3,\"name\":\"CUSHION SILK EXOTIC&#x2122;\"}]},{\"@type\":\"WebSite\",\"@id\":\"https:\\\/\\\/depagterinterieurs.nl\\\/fr\\\/#website\",\"url\":\"https:\\\/\\\/depagterinterieurs.nl\\\/fr\\\/\",\"name\":\"De Pagter Interieurs\",\"description\":\"Woonwinkels in Middelburg - Domburg - Veere\",\"potentialAction\":[{\"@type\":\"SearchAction\",\"target\":{\"@type\":\"EntryPoint\",\"urlTemplate\":\"https:\\\/\\\/depagterinterieurs.nl\\\/fr\\\/?s={search_term_string}\"},\"query-input\":{\"@type\":\"PropertyValueSpecification\",\"valueRequired\":true,\"valueName\":\"search_term_string\"}}],\"inLanguage\":\"fr-FR\"}]}<\/script>\n<!-- \/ Yoast SEO plugin. -->","yoast_head_json":{"title":"CUSHION SILK EXOTIC&#x2122; - De Pagter Interieurs","description":"Fabriqu\u00e9 en Italie, mettant en vedette des cr\u00e9atures majestueuses de la jungle et une flore tropicale luxuriante, ce luxueux oreiller exotique de 70 cm est vraiment d\u00e9cadent. Le lettrage et l\u2019embellissement dor\u00e9s de Plein compl\u00e8tent le look.","robots":{"index":"index","follow":"follow","max-snippet":"max-snippet:-1","max-image-preview":"max-image-preview:large","max-video-preview":"max-video-preview:-1"},"canonical":"https:\/\/depagterinterieurs.nl\/fr\/collectie\/marques\/eichholtz\/cushion-silk-exotic\/","og_locale":"fr_FR","og_type":"article","og_title":"CUSHION SILK EXOTIC&#x2122; - De Pagter Interieurs","og_description":"Fabriqu\u00e9 en Italie, mettant en vedette des cr\u00e9atures majestueuses de la jungle et une flore tropicale luxuriante, ce luxueux oreiller exotique de 70 cm est vraiment d\u00e9cadent. Le lettrage et l\u2019embellissement dor\u00e9s de Plein compl\u00e8tent le look.","og_url":"https:\/\/depagterinterieurs.nl\/fr\/collectie\/marques\/eichholtz\/cushion-silk-exotic\/","og_site_name":"De Pagter Interieurs","article_publisher":"https:\/\/www.facebook.com\/depagterinterieurs\/","og_image":[{"width":768,"height":978,"url":"https:\/\/depagterinterieurs.nl\/wp-content\/uploads\/2024\/08\/CUSHION-SILK-EXOTIC.jpg","type":"image\/jpeg"}],"twitter_card":"summary_large_image","schema":{"@context":"https:\/\/schema.org","@graph":[{"@type":"WebPage","@id":"https:\/\/depagterinterieurs.nl\/fr\/collectie\/marques\/eichholtz\/cushion-silk-exotic\/","url":"https:\/\/depagterinterieurs.nl\/fr\/collectie\/marques\/eichholtz\/cushion-silk-exotic\/","name":"CUSHION SILK EXOTIC&#x2122; - De Pagter Interieurs","isPartOf":{"@id":"https:\/\/depagterinterieurs.nl\/fr\/#website"},"primaryImageOfPage":{"@id":"https:\/\/depagterinterieurs.nl\/fr\/collectie\/marques\/eichholtz\/cushion-silk-exotic\/#primaryimage"},"image":{"@id":"https:\/\/depagterinterieurs.nl\/fr\/collectie\/marques\/eichholtz\/cushion-silk-exotic\/#primaryimage"},"thumbnailUrl":"https:\/\/depagterinterieurs.nl\/wp-content\/uploads\/2024\/08\/CUSHION-SILK-EXOTIC.jpg","datePublished":"2024-08-10T14:08:50+00:00","description":"Fabriqu\u00e9 en Italie, mettant en vedette des cr\u00e9atures majestueuses de la jungle et une flore tropicale luxuriante, ce luxueux oreiller exotique de 70 cm est vraiment d\u00e9cadent. Le lettrage et l\u2019embellissement dor\u00e9s de Plein compl\u00e8tent le look.","breadcrumb":{"@id":"https:\/\/depagterinterieurs.nl\/fr\/collectie\/marques\/eichholtz\/cushion-silk-exotic\/#breadcrumb"},"inLanguage":"fr-FR","potentialAction":[{"@type":"ReadAction","target":["https:\/\/depagterinterieurs.nl\/fr\/collectie\/marques\/eichholtz\/cushion-silk-exotic\/"]}]},{"@type":"ImageObject","inLanguage":"fr-FR","@id":"https:\/\/depagterinterieurs.nl\/fr\/collectie\/marques\/eichholtz\/cushion-silk-exotic\/#primaryimage","url":"https:\/\/depagterinterieurs.nl\/wp-content\/uploads\/2024\/08\/CUSHION-SILK-EXOTIC.jpg","contentUrl":"https:\/\/depagterinterieurs.nl\/wp-content\/uploads\/2024\/08\/CUSHION-SILK-EXOTIC.jpg","width":768,"height":978},{"@type":"BreadcrumbList","@id":"https:\/\/depagterinterieurs.nl\/fr\/collectie\/marques\/eichholtz\/cushion-silk-exotic\/#breadcrumb","itemListElement":[{"@type":"ListItem","position":1,"name":"Home","item":"https:\/\/depagterinterieurs.nl\/fr\/domicile\/"},{"@type":"ListItem","position":2,"name":"Collection","item":"https:\/\/depagterinterieurs.nl\/fr\/collection\/"},{"@type":"ListItem","position":3,"name":"CUSHION SILK EXOTIC&#x2122;"}]},{"@type":"WebSite","@id":"https:\/\/depagterinterieurs.nl\/fr\/#website","url":"https:\/\/depagterinterieurs.nl\/fr\/","name":"De Pagter Interieurs","description":"Woonwinkels in Middelburg - Domburg - Veere","potentialAction":[{"@type":"SearchAction","target":{"@type":"EntryPoint","urlTemplate":"https:\/\/depagterinterieurs.nl\/fr\/?s={search_term_string}"},"query-input":{"@type":"PropertyValueSpecification","valueRequired":true,"valueName":"search_term_string"}}],"inLanguage":"fr-FR"}]}},"_links":{"self":[{"href":"https:\/\/depagterinterieurs.nl\/fr\/wp-json\/wp\/v2\/product\/122710","targetHints":{"allow":["GET"]}}],"collection":[{"href":"https:\/\/depagterinterieurs.nl\/fr\/wp-json\/wp\/v2\/product"}],"about":[{"href":"https:\/\/depagterinterieurs.nl\/fr\/wp-json\/wp\/v2\/types\/product"}],"wp:featuredmedia":[{"embeddable":true,"href":"https:\/\/depagterinterieurs.nl\/fr\/wp-json\/wp\/v2\/media\/122671"}],"wp:attachment":[{"href":"https:\/\/depagterinterieurs.nl\/fr\/wp-json\/wp\/v2\/media?parent=122710"}],"wp:term":[{"taxonomy":"product_brand","embeddable":true,"href":"https:\/\/depagterinterieurs.nl\/fr\/wp-json\/wp\/v2\/product_brand?post=122710"},{"taxonomy":"product_cat","embeddable":true,"href":"https:\/\/depagterinterieurs.nl\/fr\/wp-json\/wp\/v2\/product_cat?post=122710"},{"taxonomy":"product_tag","embeddable":true,"href":"https:\/\/depagterinterieurs.nl\/fr\/wp-json\/wp\/v2\/product_tag?post=122710"}],"curies":[{"name":"wp","href":"https:\/\/api.w.org\/{rel}","templated":true}]}}