{"id":122711,"date":"2024-08-10T14:12:23","date_gmt":"2024-08-10T14:08:52","guid":{"rendered":"https:\/\/depagterinterieurs.nl\/collectie\/non class\u00e9\/cushion-silk-jungle\/"},"modified":"2024-08-10T15:08:52","modified_gmt":"2024-08-10T14:08:52","slug":"cushion-silk-jungle","status":"publish","type":"product","link":"https:\/\/depagterinterieurs.nl\/fr\/collectie\/marques\/eichholtz\/cushion-silk-jungle\/","title":{"rendered":"CUSHION SILK JUNGLE&#x2122;"},"content":{"rendered":"","protected":false},"excerpt":{"rendered":"<p>Avec ses dimensions g\u00e9n\u00e9reuses de 70&#215;70 cm et fabriqu\u00e9 en Italie, le coussin Jungle imprim\u00e9 en soie est agr\u00e9able et sauvage avec son imprim\u00e9 sp\u00e9cialement con\u00e7u repr\u00e9sentant des animaux de la jungle et une faune luxuriante, fini avec une signature Plein dor\u00e9e.<\/p>\n","protected":false},"featured_media":122516,"template":"","meta":[],"product_brand":[],"product_cat":[1038,1071,1042,1079,1060],"product_tag":[],"class_list":{"0":"post-122711","1":"product","2":"type-product","3":"status-publish","4":"has-post-thumbnail","6":"product_cat-accessoires-pour-la-maison","7":"product_cat-eichholtz","8":"product_cat-marques","9":"product_cat-philipp-plein-x-eichholtz-fr","10":"product_cat-promo","12":"first","13":"instock","14":"sale","15":"shipping-taxable","16":"purchasable","17":"product-type-simple"},"yoast_head":"<!-- This site is optimized with the Yoast SEO plugin v27.3 - https:\/\/yoast.com\/product\/yoast-seo-wordpress\/ -->\n<title>CUSHION SILK JUNGLE&#x2122; - De Pagter Interieurs<\/title>\n<meta name=\"description\" content=\"Avec ses dimensions g\u00e9n\u00e9reuses de 70x70 cm et fabriqu\u00e9 en Italie, le coussin Jungle imprim\u00e9 en soie est agr\u00e9able et sauvage avec son imprim\u00e9 sp\u00e9cialement con\u00e7u repr\u00e9sentant des animaux de la jungle et une faune luxuriante, fini avec une signature Plein dor\u00e9e.\" \/>\n<meta name=\"robots\" content=\"index, follow, max-snippet:-1, max-image-preview:large, max-video-preview:-1\" \/>\n<link rel=\"canonical\" href=\"https:\/\/depagterinterieurs.nl\/fr\/collectie\/marques\/eichholtz\/cushion-silk-jungle\/\" \/>\n<meta property=\"og:locale\" content=\"fr_FR\" \/>\n<meta property=\"og:type\" content=\"article\" \/>\n<meta property=\"og:title\" content=\"CUSHION SILK JUNGLE&#x2122; - De Pagter Interieurs\" \/>\n<meta property=\"og:description\" content=\"Avec ses dimensions g\u00e9n\u00e9reuses de 70x70 cm et fabriqu\u00e9 en Italie, le coussin Jungle imprim\u00e9 en soie est agr\u00e9able et sauvage avec son imprim\u00e9 sp\u00e9cialement con\u00e7u repr\u00e9sentant des animaux de la jungle et une faune luxuriante, fini avec une signature Plein dor\u00e9e.\" \/>\n<meta property=\"og:url\" content=\"https:\/\/depagterinterieurs.nl\/fr\/collectie\/marques\/eichholtz\/cushion-silk-jungle\/\" \/>\n<meta property=\"og:site_name\" content=\"De Pagter Interieurs\" \/>\n<meta property=\"article:publisher\" content=\"https:\/\/www.facebook.com\/depagterinterieurs\/\" \/>\n<meta property=\"og:image\" content=\"https:\/\/depagterinterieurs.nl\/wp-content\/uploads\/2024\/08\/PP0028_0_1_1-1.jpg\" \/>\n\t<meta property=\"og:image:width\" content=\"768\" \/>\n\t<meta property=\"og:image:height\" content=\"768\" \/>\n\t<meta property=\"og:image:type\" content=\"image\/jpeg\" \/>\n<meta name=\"twitter:card\" content=\"summary_large_image\" \/>\n<script type=\"application\/ld+json\" class=\"yoast-schema-graph\">{\"@context\":\"https:\\\/\\\/schema.org\",\"@graph\":[{\"@type\":\"WebPage\",\"@id\":\"https:\\\/\\\/depagterinterieurs.nl\\\/fr\\\/collectie\\\/marques\\\/eichholtz\\\/cushion-silk-jungle\\\/\",\"url\":\"https:\\\/\\\/depagterinterieurs.nl\\\/fr\\\/collectie\\\/marques\\\/eichholtz\\\/cushion-silk-jungle\\\/\",\"name\":\"CUSHION SILK JUNGLE&#x2122; - De Pagter Interieurs\",\"isPartOf\":{\"@id\":\"https:\\\/\\\/depagterinterieurs.nl\\\/fr\\\/#website\"},\"primaryImageOfPage\":{\"@id\":\"https:\\\/\\\/depagterinterieurs.nl\\\/fr\\\/collectie\\\/marques\\\/eichholtz\\\/cushion-silk-jungle\\\/#primaryimage\"},\"image\":{\"@id\":\"https:\\\/\\\/depagterinterieurs.nl\\\/fr\\\/collectie\\\/marques\\\/eichholtz\\\/cushion-silk-jungle\\\/#primaryimage\"},\"thumbnailUrl\":\"https:\\\/\\\/depagterinterieurs.nl\\\/wp-content\\\/uploads\\\/2024\\\/08\\\/PP0028_0_1_1-1.jpg\",\"datePublished\":\"2024-08-10T14:08:52+00:00\",\"description\":\"Avec ses dimensions g\u00e9n\u00e9reuses de 70x70 cm et fabriqu\u00e9 en Italie, le coussin Jungle imprim\u00e9 en soie est agr\u00e9able et sauvage avec son imprim\u00e9 sp\u00e9cialement con\u00e7u repr\u00e9sentant des animaux de la jungle et une faune luxuriante, fini avec une signature Plein dor\u00e9e.\",\"breadcrumb\":{\"@id\":\"https:\\\/\\\/depagterinterieurs.nl\\\/fr\\\/collectie\\\/marques\\\/eichholtz\\\/cushion-silk-jungle\\\/#breadcrumb\"},\"inLanguage\":\"fr-FR\",\"potentialAction\":[{\"@type\":\"ReadAction\",\"target\":[\"https:\\\/\\\/depagterinterieurs.nl\\\/fr\\\/collectie\\\/marques\\\/eichholtz\\\/cushion-silk-jungle\\\/\"]}]},{\"@type\":\"ImageObject\",\"inLanguage\":\"fr-FR\",\"@id\":\"https:\\\/\\\/depagterinterieurs.nl\\\/fr\\\/collectie\\\/marques\\\/eichholtz\\\/cushion-silk-jungle\\\/#primaryimage\",\"url\":\"https:\\\/\\\/depagterinterieurs.nl\\\/wp-content\\\/uploads\\\/2024\\\/08\\\/PP0028_0_1_1-1.jpg\",\"contentUrl\":\"https:\\\/\\\/depagterinterieurs.nl\\\/wp-content\\\/uploads\\\/2024\\\/08\\\/PP0028_0_1_1-1.jpg\",\"width\":768,\"height\":768},{\"@type\":\"BreadcrumbList\",\"@id\":\"https:\\\/\\\/depagterinterieurs.nl\\\/fr\\\/collectie\\\/marques\\\/eichholtz\\\/cushion-silk-jungle\\\/#breadcrumb\",\"itemListElement\":[{\"@type\":\"ListItem\",\"position\":1,\"name\":\"Home\",\"item\":\"https:\\\/\\\/depagterinterieurs.nl\\\/fr\\\/domicile\\\/\"},{\"@type\":\"ListItem\",\"position\":2,\"name\":\"Collection\",\"item\":\"https:\\\/\\\/depagterinterieurs.nl\\\/fr\\\/collection\\\/\"},{\"@type\":\"ListItem\",\"position\":3,\"name\":\"CUSHION SILK JUNGLE&#x2122;\"}]},{\"@type\":\"WebSite\",\"@id\":\"https:\\\/\\\/depagterinterieurs.nl\\\/fr\\\/#website\",\"url\":\"https:\\\/\\\/depagterinterieurs.nl\\\/fr\\\/\",\"name\":\"De Pagter Interieurs\",\"description\":\"Woonwinkels in Middelburg - Domburg - Veere\",\"potentialAction\":[{\"@type\":\"SearchAction\",\"target\":{\"@type\":\"EntryPoint\",\"urlTemplate\":\"https:\\\/\\\/depagterinterieurs.nl\\\/fr\\\/?s={search_term_string}\"},\"query-input\":{\"@type\":\"PropertyValueSpecification\",\"valueRequired\":true,\"valueName\":\"search_term_string\"}}],\"inLanguage\":\"fr-FR\"}]}<\/script>\n<!-- \/ Yoast SEO plugin. -->","yoast_head_json":{"title":"CUSHION SILK JUNGLE&#x2122; - De Pagter Interieurs","description":"Avec ses dimensions g\u00e9n\u00e9reuses de 70x70 cm et fabriqu\u00e9 en Italie, le coussin Jungle imprim\u00e9 en soie est agr\u00e9able et sauvage avec son imprim\u00e9 sp\u00e9cialement con\u00e7u repr\u00e9sentant des animaux de la jungle et une faune luxuriante, fini avec une signature Plein dor\u00e9e.","robots":{"index":"index","follow":"follow","max-snippet":"max-snippet:-1","max-image-preview":"max-image-preview:large","max-video-preview":"max-video-preview:-1"},"canonical":"https:\/\/depagterinterieurs.nl\/fr\/collectie\/marques\/eichholtz\/cushion-silk-jungle\/","og_locale":"fr_FR","og_type":"article","og_title":"CUSHION SILK JUNGLE&#x2122; - De Pagter Interieurs","og_description":"Avec ses dimensions g\u00e9n\u00e9reuses de 70x70 cm et fabriqu\u00e9 en Italie, le coussin Jungle imprim\u00e9 en soie est agr\u00e9able et sauvage avec son imprim\u00e9 sp\u00e9cialement con\u00e7u repr\u00e9sentant des animaux de la jungle et une faune luxuriante, fini avec une signature Plein dor\u00e9e.","og_url":"https:\/\/depagterinterieurs.nl\/fr\/collectie\/marques\/eichholtz\/cushion-silk-jungle\/","og_site_name":"De Pagter Interieurs","article_publisher":"https:\/\/www.facebook.com\/depagterinterieurs\/","og_image":[{"width":768,"height":768,"url":"https:\/\/depagterinterieurs.nl\/wp-content\/uploads\/2024\/08\/PP0028_0_1_1-1.jpg","type":"image\/jpeg"}],"twitter_card":"summary_large_image","schema":{"@context":"https:\/\/schema.org","@graph":[{"@type":"WebPage","@id":"https:\/\/depagterinterieurs.nl\/fr\/collectie\/marques\/eichholtz\/cushion-silk-jungle\/","url":"https:\/\/depagterinterieurs.nl\/fr\/collectie\/marques\/eichholtz\/cushion-silk-jungle\/","name":"CUSHION SILK JUNGLE&#x2122; - De Pagter Interieurs","isPartOf":{"@id":"https:\/\/depagterinterieurs.nl\/fr\/#website"},"primaryImageOfPage":{"@id":"https:\/\/depagterinterieurs.nl\/fr\/collectie\/marques\/eichholtz\/cushion-silk-jungle\/#primaryimage"},"image":{"@id":"https:\/\/depagterinterieurs.nl\/fr\/collectie\/marques\/eichholtz\/cushion-silk-jungle\/#primaryimage"},"thumbnailUrl":"https:\/\/depagterinterieurs.nl\/wp-content\/uploads\/2024\/08\/PP0028_0_1_1-1.jpg","datePublished":"2024-08-10T14:08:52+00:00","description":"Avec ses dimensions g\u00e9n\u00e9reuses de 70x70 cm et fabriqu\u00e9 en Italie, le coussin Jungle imprim\u00e9 en soie est agr\u00e9able et sauvage avec son imprim\u00e9 sp\u00e9cialement con\u00e7u repr\u00e9sentant des animaux de la jungle et une faune luxuriante, fini avec une signature Plein dor\u00e9e.","breadcrumb":{"@id":"https:\/\/depagterinterieurs.nl\/fr\/collectie\/marques\/eichholtz\/cushion-silk-jungle\/#breadcrumb"},"inLanguage":"fr-FR","potentialAction":[{"@type":"ReadAction","target":["https:\/\/depagterinterieurs.nl\/fr\/collectie\/marques\/eichholtz\/cushion-silk-jungle\/"]}]},{"@type":"ImageObject","inLanguage":"fr-FR","@id":"https:\/\/depagterinterieurs.nl\/fr\/collectie\/marques\/eichholtz\/cushion-silk-jungle\/#primaryimage","url":"https:\/\/depagterinterieurs.nl\/wp-content\/uploads\/2024\/08\/PP0028_0_1_1-1.jpg","contentUrl":"https:\/\/depagterinterieurs.nl\/wp-content\/uploads\/2024\/08\/PP0028_0_1_1-1.jpg","width":768,"height":768},{"@type":"BreadcrumbList","@id":"https:\/\/depagterinterieurs.nl\/fr\/collectie\/marques\/eichholtz\/cushion-silk-jungle\/#breadcrumb","itemListElement":[{"@type":"ListItem","position":1,"name":"Home","item":"https:\/\/depagterinterieurs.nl\/fr\/domicile\/"},{"@type":"ListItem","position":2,"name":"Collection","item":"https:\/\/depagterinterieurs.nl\/fr\/collection\/"},{"@type":"ListItem","position":3,"name":"CUSHION SILK JUNGLE&#x2122;"}]},{"@type":"WebSite","@id":"https:\/\/depagterinterieurs.nl\/fr\/#website","url":"https:\/\/depagterinterieurs.nl\/fr\/","name":"De Pagter Interieurs","description":"Woonwinkels in Middelburg - Domburg - Veere","potentialAction":[{"@type":"SearchAction","target":{"@type":"EntryPoint","urlTemplate":"https:\/\/depagterinterieurs.nl\/fr\/?s={search_term_string}"},"query-input":{"@type":"PropertyValueSpecification","valueRequired":true,"valueName":"search_term_string"}}],"inLanguage":"fr-FR"}]}},"_links":{"self":[{"href":"https:\/\/depagterinterieurs.nl\/fr\/wp-json\/wp\/v2\/product\/122711","targetHints":{"allow":["GET"]}}],"collection":[{"href":"https:\/\/depagterinterieurs.nl\/fr\/wp-json\/wp\/v2\/product"}],"about":[{"href":"https:\/\/depagterinterieurs.nl\/fr\/wp-json\/wp\/v2\/types\/product"}],"wp:featuredmedia":[{"embeddable":true,"href":"https:\/\/depagterinterieurs.nl\/fr\/wp-json\/wp\/v2\/media\/122516"}],"wp:attachment":[{"href":"https:\/\/depagterinterieurs.nl\/fr\/wp-json\/wp\/v2\/media?parent=122711"}],"wp:term":[{"taxonomy":"product_brand","embeddable":true,"href":"https:\/\/depagterinterieurs.nl\/fr\/wp-json\/wp\/v2\/product_brand?post=122711"},{"taxonomy":"product_cat","embeddable":true,"href":"https:\/\/depagterinterieurs.nl\/fr\/wp-json\/wp\/v2\/product_cat?post=122711"},{"taxonomy":"product_tag","embeddable":true,"href":"https:\/\/depagterinterieurs.nl\/fr\/wp-json\/wp\/v2\/product_tag?post=122711"}],"curies":[{"name":"wp","href":"https:\/\/api.w.org\/{rel}","templated":true}]}}