{"id":122719,"date":"2024-08-10T14:23:23","date_gmt":"2024-08-12T07:40:20","guid":{"rendered":"https:\/\/depagterinterieurs.nl\/collectie\/non class\u00e9\/cushion-parrot\/"},"modified":"2024-08-12T08:40:20","modified_gmt":"2024-08-12T07:40:20","slug":"cushion-parrot","status":"publish","type":"product","link":"https:\/\/depagterinterieurs.nl\/fr\/collectie\/marques\/eichholtz\/cushion-parrot\/","title":{"rendered":"CUSHION PARROT&#x2122;"},"content":{"rendered":"","protected":false},"excerpt":{"rendered":"<p>L\u2019ambiance cool des ann\u00e9es 70 de l\u2019oreiller Parrot en soie m\u00e9lang\u00e9e et fabriqu\u00e9 en Italie, avec ses tons de bijoux satur\u00e9s et sa signature manuscrite, ressemble \u00e0 une invitation \u00e0 apporter l\u2019exotisme de l\u2019ext\u00e9rieur \u00e0 l\u2019int\u00e9rieur.<\/p>\n","protected":false},"featured_media":122686,"template":"","meta":[],"product_brand":[],"product_cat":[1038,1071,1042,1079,1060],"product_tag":[],"class_list":{"0":"post-122719","1":"product","2":"type-product","3":"status-publish","4":"has-post-thumbnail","6":"product_cat-accessoires-pour-la-maison","7":"product_cat-eichholtz","8":"product_cat-marques","9":"product_cat-philipp-plein-x-eichholtz-fr","10":"product_cat-promo","12":"first","13":"instock","14":"sale","15":"shipping-taxable","16":"purchasable","17":"product-type-simple"},"yoast_head":"<!-- This site is optimized with the Yoast SEO plugin v27.3 - https:\/\/yoast.com\/product\/yoast-seo-wordpress\/ -->\n<title>CUSHION PARROT&#x2122; - De Pagter Interieurs<\/title>\n<meta name=\"description\" content=\"L\u2019ambiance cool des ann\u00e9es 70 de l\u2019oreiller Parrot en soie m\u00e9lang\u00e9e et fabriqu\u00e9 en Italie, avec ses tons de bijoux satur\u00e9s et sa signature manuscrite, ressemble \u00e0 une invitation \u00e0 apporter l\u2019exotisme de l\u2019ext\u00e9rieur \u00e0 l\u2019int\u00e9rieur.\" \/>\n<meta name=\"robots\" content=\"index, follow, max-snippet:-1, max-image-preview:large, max-video-preview:-1\" \/>\n<link rel=\"canonical\" href=\"https:\/\/depagterinterieurs.nl\/fr\/collectie\/marques\/eichholtz\/cushion-parrot\/\" \/>\n<meta property=\"og:locale\" content=\"fr_FR\" \/>\n<meta property=\"og:type\" content=\"article\" \/>\n<meta property=\"og:title\" content=\"CUSHION PARROT&#x2122; - De Pagter Interieurs\" \/>\n<meta property=\"og:description\" content=\"L\u2019ambiance cool des ann\u00e9es 70 de l\u2019oreiller Parrot en soie m\u00e9lang\u00e9e et fabriqu\u00e9 en Italie, avec ses tons de bijoux satur\u00e9s et sa signature manuscrite, ressemble \u00e0 une invitation \u00e0 apporter l\u2019exotisme de l\u2019ext\u00e9rieur \u00e0 l\u2019int\u00e9rieur.\" \/>\n<meta property=\"og:url\" content=\"https:\/\/depagterinterieurs.nl\/fr\/collectie\/marques\/eichholtz\/cushion-parrot\/\" \/>\n<meta property=\"og:site_name\" content=\"De Pagter Interieurs\" \/>\n<meta property=\"article:publisher\" content=\"https:\/\/www.facebook.com\/depagterinterieurs\/\" \/>\n<meta property=\"og:image\" content=\"https:\/\/depagterinterieurs.nl\/wp-content\/uploads\/2024\/08\/CUSHION-PARROT.jpg\" \/>\n\t<meta property=\"og:image:width\" content=\"768\" \/>\n\t<meta property=\"og:image:height\" content=\"978\" \/>\n\t<meta property=\"og:image:type\" content=\"image\/jpeg\" \/>\n<meta name=\"twitter:card\" content=\"summary_large_image\" \/>\n<script type=\"application\/ld+json\" class=\"yoast-schema-graph\">{\"@context\":\"https:\\\/\\\/schema.org\",\"@graph\":[{\"@type\":\"WebPage\",\"@id\":\"https:\\\/\\\/depagterinterieurs.nl\\\/fr\\\/collectie\\\/marques\\\/eichholtz\\\/cushion-parrot\\\/\",\"url\":\"https:\\\/\\\/depagterinterieurs.nl\\\/fr\\\/collectie\\\/marques\\\/eichholtz\\\/cushion-parrot\\\/\",\"name\":\"CUSHION PARROT&#x2122; - De Pagter Interieurs\",\"isPartOf\":{\"@id\":\"https:\\\/\\\/depagterinterieurs.nl\\\/fr\\\/#website\"},\"primaryImageOfPage\":{\"@id\":\"https:\\\/\\\/depagterinterieurs.nl\\\/fr\\\/collectie\\\/marques\\\/eichholtz\\\/cushion-parrot\\\/#primaryimage\"},\"image\":{\"@id\":\"https:\\\/\\\/depagterinterieurs.nl\\\/fr\\\/collectie\\\/marques\\\/eichholtz\\\/cushion-parrot\\\/#primaryimage\"},\"thumbnailUrl\":\"https:\\\/\\\/depagterinterieurs.nl\\\/wp-content\\\/uploads\\\/2024\\\/08\\\/CUSHION-PARROT.jpg\",\"datePublished\":\"2024-08-12T07:40:20+00:00\",\"description\":\"L\u2019ambiance cool des ann\u00e9es 70 de l\u2019oreiller Parrot en soie m\u00e9lang\u00e9e et fabriqu\u00e9 en Italie, avec ses tons de bijoux satur\u00e9s et sa signature manuscrite, ressemble \u00e0 une invitation \u00e0 apporter l\u2019exotisme de l\u2019ext\u00e9rieur \u00e0 l\u2019int\u00e9rieur.\",\"breadcrumb\":{\"@id\":\"https:\\\/\\\/depagterinterieurs.nl\\\/fr\\\/collectie\\\/marques\\\/eichholtz\\\/cushion-parrot\\\/#breadcrumb\"},\"inLanguage\":\"fr-FR\",\"potentialAction\":[{\"@type\":\"ReadAction\",\"target\":[\"https:\\\/\\\/depagterinterieurs.nl\\\/fr\\\/collectie\\\/marques\\\/eichholtz\\\/cushion-parrot\\\/\"]}]},{\"@type\":\"ImageObject\",\"inLanguage\":\"fr-FR\",\"@id\":\"https:\\\/\\\/depagterinterieurs.nl\\\/fr\\\/collectie\\\/marques\\\/eichholtz\\\/cushion-parrot\\\/#primaryimage\",\"url\":\"https:\\\/\\\/depagterinterieurs.nl\\\/wp-content\\\/uploads\\\/2024\\\/08\\\/CUSHION-PARROT.jpg\",\"contentUrl\":\"https:\\\/\\\/depagterinterieurs.nl\\\/wp-content\\\/uploads\\\/2024\\\/08\\\/CUSHION-PARROT.jpg\",\"width\":768,\"height\":978},{\"@type\":\"BreadcrumbList\",\"@id\":\"https:\\\/\\\/depagterinterieurs.nl\\\/fr\\\/collectie\\\/marques\\\/eichholtz\\\/cushion-parrot\\\/#breadcrumb\",\"itemListElement\":[{\"@type\":\"ListItem\",\"position\":1,\"name\":\"Home\",\"item\":\"https:\\\/\\\/depagterinterieurs.nl\\\/fr\\\/domicile\\\/\"},{\"@type\":\"ListItem\",\"position\":2,\"name\":\"Collection\",\"item\":\"https:\\\/\\\/depagterinterieurs.nl\\\/fr\\\/collection\\\/\"},{\"@type\":\"ListItem\",\"position\":3,\"name\":\"CUSHION PARROT&#x2122;\"}]},{\"@type\":\"WebSite\",\"@id\":\"https:\\\/\\\/depagterinterieurs.nl\\\/fr\\\/#website\",\"url\":\"https:\\\/\\\/depagterinterieurs.nl\\\/fr\\\/\",\"name\":\"De Pagter Interieurs\",\"description\":\"Woonwinkels in Middelburg - Domburg - Veere\",\"potentialAction\":[{\"@type\":\"SearchAction\",\"target\":{\"@type\":\"EntryPoint\",\"urlTemplate\":\"https:\\\/\\\/depagterinterieurs.nl\\\/fr\\\/?s={search_term_string}\"},\"query-input\":{\"@type\":\"PropertyValueSpecification\",\"valueRequired\":true,\"valueName\":\"search_term_string\"}}],\"inLanguage\":\"fr-FR\"}]}<\/script>\n<!-- \/ Yoast SEO plugin. -->","yoast_head_json":{"title":"CUSHION PARROT&#x2122; - De Pagter Interieurs","description":"L\u2019ambiance cool des ann\u00e9es 70 de l\u2019oreiller Parrot en soie m\u00e9lang\u00e9e et fabriqu\u00e9 en Italie, avec ses tons de bijoux satur\u00e9s et sa signature manuscrite, ressemble \u00e0 une invitation \u00e0 apporter l\u2019exotisme de l\u2019ext\u00e9rieur \u00e0 l\u2019int\u00e9rieur.","robots":{"index":"index","follow":"follow","max-snippet":"max-snippet:-1","max-image-preview":"max-image-preview:large","max-video-preview":"max-video-preview:-1"},"canonical":"https:\/\/depagterinterieurs.nl\/fr\/collectie\/marques\/eichholtz\/cushion-parrot\/","og_locale":"fr_FR","og_type":"article","og_title":"CUSHION PARROT&#x2122; - De Pagter Interieurs","og_description":"L\u2019ambiance cool des ann\u00e9es 70 de l\u2019oreiller Parrot en soie m\u00e9lang\u00e9e et fabriqu\u00e9 en Italie, avec ses tons de bijoux satur\u00e9s et sa signature manuscrite, ressemble \u00e0 une invitation \u00e0 apporter l\u2019exotisme de l\u2019ext\u00e9rieur \u00e0 l\u2019int\u00e9rieur.","og_url":"https:\/\/depagterinterieurs.nl\/fr\/collectie\/marques\/eichholtz\/cushion-parrot\/","og_site_name":"De Pagter Interieurs","article_publisher":"https:\/\/www.facebook.com\/depagterinterieurs\/","og_image":[{"width":768,"height":978,"url":"https:\/\/depagterinterieurs.nl\/wp-content\/uploads\/2024\/08\/CUSHION-PARROT.jpg","type":"image\/jpeg"}],"twitter_card":"summary_large_image","schema":{"@context":"https:\/\/schema.org","@graph":[{"@type":"WebPage","@id":"https:\/\/depagterinterieurs.nl\/fr\/collectie\/marques\/eichholtz\/cushion-parrot\/","url":"https:\/\/depagterinterieurs.nl\/fr\/collectie\/marques\/eichholtz\/cushion-parrot\/","name":"CUSHION PARROT&#x2122; - De Pagter Interieurs","isPartOf":{"@id":"https:\/\/depagterinterieurs.nl\/fr\/#website"},"primaryImageOfPage":{"@id":"https:\/\/depagterinterieurs.nl\/fr\/collectie\/marques\/eichholtz\/cushion-parrot\/#primaryimage"},"image":{"@id":"https:\/\/depagterinterieurs.nl\/fr\/collectie\/marques\/eichholtz\/cushion-parrot\/#primaryimage"},"thumbnailUrl":"https:\/\/depagterinterieurs.nl\/wp-content\/uploads\/2024\/08\/CUSHION-PARROT.jpg","datePublished":"2024-08-12T07:40:20+00:00","description":"L\u2019ambiance cool des ann\u00e9es 70 de l\u2019oreiller Parrot en soie m\u00e9lang\u00e9e et fabriqu\u00e9 en Italie, avec ses tons de bijoux satur\u00e9s et sa signature manuscrite, ressemble \u00e0 une invitation \u00e0 apporter l\u2019exotisme de l\u2019ext\u00e9rieur \u00e0 l\u2019int\u00e9rieur.","breadcrumb":{"@id":"https:\/\/depagterinterieurs.nl\/fr\/collectie\/marques\/eichholtz\/cushion-parrot\/#breadcrumb"},"inLanguage":"fr-FR","potentialAction":[{"@type":"ReadAction","target":["https:\/\/depagterinterieurs.nl\/fr\/collectie\/marques\/eichholtz\/cushion-parrot\/"]}]},{"@type":"ImageObject","inLanguage":"fr-FR","@id":"https:\/\/depagterinterieurs.nl\/fr\/collectie\/marques\/eichholtz\/cushion-parrot\/#primaryimage","url":"https:\/\/depagterinterieurs.nl\/wp-content\/uploads\/2024\/08\/CUSHION-PARROT.jpg","contentUrl":"https:\/\/depagterinterieurs.nl\/wp-content\/uploads\/2024\/08\/CUSHION-PARROT.jpg","width":768,"height":978},{"@type":"BreadcrumbList","@id":"https:\/\/depagterinterieurs.nl\/fr\/collectie\/marques\/eichholtz\/cushion-parrot\/#breadcrumb","itemListElement":[{"@type":"ListItem","position":1,"name":"Home","item":"https:\/\/depagterinterieurs.nl\/fr\/domicile\/"},{"@type":"ListItem","position":2,"name":"Collection","item":"https:\/\/depagterinterieurs.nl\/fr\/collection\/"},{"@type":"ListItem","position":3,"name":"CUSHION PARROT&#x2122;"}]},{"@type":"WebSite","@id":"https:\/\/depagterinterieurs.nl\/fr\/#website","url":"https:\/\/depagterinterieurs.nl\/fr\/","name":"De Pagter Interieurs","description":"Woonwinkels in Middelburg - Domburg - Veere","potentialAction":[{"@type":"SearchAction","target":{"@type":"EntryPoint","urlTemplate":"https:\/\/depagterinterieurs.nl\/fr\/?s={search_term_string}"},"query-input":{"@type":"PropertyValueSpecification","valueRequired":true,"valueName":"search_term_string"}}],"inLanguage":"fr-FR"}]}},"_links":{"self":[{"href":"https:\/\/depagterinterieurs.nl\/fr\/wp-json\/wp\/v2\/product\/122719","targetHints":{"allow":["GET"]}}],"collection":[{"href":"https:\/\/depagterinterieurs.nl\/fr\/wp-json\/wp\/v2\/product"}],"about":[{"href":"https:\/\/depagterinterieurs.nl\/fr\/wp-json\/wp\/v2\/types\/product"}],"wp:featuredmedia":[{"embeddable":true,"href":"https:\/\/depagterinterieurs.nl\/fr\/wp-json\/wp\/v2\/media\/122686"}],"wp:attachment":[{"href":"https:\/\/depagterinterieurs.nl\/fr\/wp-json\/wp\/v2\/media?parent=122719"}],"wp:term":[{"taxonomy":"product_brand","embeddable":true,"href":"https:\/\/depagterinterieurs.nl\/fr\/wp-json\/wp\/v2\/product_brand?post=122719"},{"taxonomy":"product_cat","embeddable":true,"href":"https:\/\/depagterinterieurs.nl\/fr\/wp-json\/wp\/v2\/product_cat?post=122719"},{"taxonomy":"product_tag","embeddable":true,"href":"https:\/\/depagterinterieurs.nl\/fr\/wp-json\/wp\/v2\/product_tag?post=122719"}],"curies":[{"name":"wp","href":"https:\/\/api.w.org\/{rel}","templated":true}]}}