{"id":124100,"date":"2024-08-28T15:37:36","date_gmt":"2024-08-28T19:16:39","guid":{"rendered":"https:\/\/depagterinterieurs.nl\/collectie\/non class\u00e9\/armoire-crotone-vert-fonce\/"},"modified":"2024-08-28T20:16:39","modified_gmt":"2024-08-28T19:16:39","slug":"armoire-crotone-vert-fonce","status":"publish","type":"product","link":"https:\/\/depagterinterieurs.nl\/fr\/collectie\/armoires-commodes\/armoires-de-rangement\/armoire-crotone-vert-fonce\/","title":{"rendered":"Armoire Crotone Vert Fonc\u00e9"},"content":{"rendered":"","protected":false},"excerpt":{"rendered":"<p>S\u00e9parateur de pi\u00e8ce laqu\u00e9 vert fonc\u00e9 &#8216;Crotone&#8217;, en vieux bois de pin.<br \/>\nLe bas de l\u2019armoire a des portes \u00e0 l\u2019avant et \u00e0 l\u2019arri\u00e8re.<br \/>\nL\u2019armoire est \u00e9galement magnifiquement finie avec une laque verte des deux c\u00f4t\u00e9s, ce qui la rend parfaite pour une utilisation comme s\u00e9parateur de pi\u00e8ce.  <\/p>\n","protected":false},"featured_media":123980,"template":"","meta":[],"product_brand":[],"product_cat":[1050,1053,1072,1042,1049],"product_tag":[],"class_list":{"0":"post-124100","1":"product","2":"type-product","3":"status-publish","4":"has-post-thumbnail","6":"product_cat-armoires-commodes","7":"product_cat-armoires-de-rangement","8":"product_cat-de-pagter-interieurs-fr","9":"product_cat-marques","10":"product_cat-meubles-laques","12":"first","13":"instock","14":"shipping-taxable","15":"purchasable","16":"product-type-simple"},"yoast_head":"<!-- This site is optimized with the Yoast SEO plugin v27.3 - https:\/\/yoast.com\/product\/yoast-seo-wordpress\/ -->\n<title>Armoire Crotone Vert Fonc\u00e9 - De Pagter Interieurs<\/title>\n<meta name=\"description\" content=\"S\u00e9parateur de pi\u00e8ce laqu\u00e9 vert fonc\u00e9 &#039;Crotone&#039;, en vieux bois de pin. Le bas de l\u2019armoire a des portes \u00e0 l\u2019avant et \u00e0 l\u2019arri\u00e8re.\" \/>\n<meta name=\"robots\" content=\"index, follow, max-snippet:-1, max-image-preview:large, max-video-preview:-1\" \/>\n<link rel=\"canonical\" href=\"https:\/\/depagterinterieurs.nl\/fr\/collectie\/armoires-commodes\/armoires-de-rangement\/armoire-crotone-vert-fonce\/\" \/>\n<meta property=\"og:locale\" content=\"fr_FR\" \/>\n<meta property=\"og:type\" content=\"article\" \/>\n<meta property=\"og:title\" content=\"Armoire Crotone Vert Fonc\u00e9 - De Pagter Interieurs\" \/>\n<meta property=\"og:description\" content=\"S\u00e9parateur de pi\u00e8ce laqu\u00e9 vert fonc\u00e9 &#039;Crotone&#039;, en vieux bois de pin. Le bas de l\u2019armoire a des portes \u00e0 l\u2019avant et \u00e0 l\u2019arri\u00e8re.\" \/>\n<meta property=\"og:url\" content=\"https:\/\/depagterinterieurs.nl\/fr\/collectie\/armoires-commodes\/armoires-de-rangement\/armoire-crotone-vert-fonce\/\" \/>\n<meta property=\"og:site_name\" content=\"De Pagter Interieurs\" \/>\n<meta property=\"article:publisher\" content=\"https:\/\/www.facebook.com\/depagterinterieurs\/\" \/>\n<meta property=\"og:image\" content=\"https:\/\/depagterinterieurs.nl\/wp-content\/uploads\/2024\/08\/IMG_9311.jpeg\" \/>\n\t<meta property=\"og:image:width\" content=\"1024\" \/>\n\t<meta property=\"og:image:height\" content=\"768\" \/>\n\t<meta property=\"og:image:type\" content=\"image\/jpeg\" \/>\n<meta name=\"twitter:card\" content=\"summary_large_image\" \/>\n<script type=\"application\/ld+json\" class=\"yoast-schema-graph\">{\"@context\":\"https:\\\/\\\/schema.org\",\"@graph\":[{\"@type\":\"WebPage\",\"@id\":\"https:\\\/\\\/depagterinterieurs.nl\\\/fr\\\/collectie\\\/armoires-commodes\\\/armoires-de-rangement\\\/armoire-crotone-vert-fonce\\\/\",\"url\":\"https:\\\/\\\/depagterinterieurs.nl\\\/fr\\\/collectie\\\/armoires-commodes\\\/armoires-de-rangement\\\/armoire-crotone-vert-fonce\\\/\",\"name\":\"Armoire Crotone Vert Fonc\u00e9 - De Pagter Interieurs\",\"isPartOf\":{\"@id\":\"https:\\\/\\\/depagterinterieurs.nl\\\/fr\\\/#website\"},\"primaryImageOfPage\":{\"@id\":\"https:\\\/\\\/depagterinterieurs.nl\\\/fr\\\/collectie\\\/armoires-commodes\\\/armoires-de-rangement\\\/armoire-crotone-vert-fonce\\\/#primaryimage\"},\"image\":{\"@id\":\"https:\\\/\\\/depagterinterieurs.nl\\\/fr\\\/collectie\\\/armoires-commodes\\\/armoires-de-rangement\\\/armoire-crotone-vert-fonce\\\/#primaryimage\"},\"thumbnailUrl\":\"https:\\\/\\\/depagterinterieurs.nl\\\/wp-content\\\/uploads\\\/2024\\\/08\\\/IMG_9311.jpeg\",\"datePublished\":\"2024-08-28T19:16:39+00:00\",\"description\":\"S\u00e9parateur de pi\u00e8ce laqu\u00e9 vert fonc\u00e9 'Crotone', en vieux bois de pin. Le bas de l\u2019armoire a des portes \u00e0 l\u2019avant et \u00e0 l\u2019arri\u00e8re.\",\"breadcrumb\":{\"@id\":\"https:\\\/\\\/depagterinterieurs.nl\\\/fr\\\/collectie\\\/armoires-commodes\\\/armoires-de-rangement\\\/armoire-crotone-vert-fonce\\\/#breadcrumb\"},\"inLanguage\":\"fr-FR\",\"potentialAction\":[{\"@type\":\"ReadAction\",\"target\":[\"https:\\\/\\\/depagterinterieurs.nl\\\/fr\\\/collectie\\\/armoires-commodes\\\/armoires-de-rangement\\\/armoire-crotone-vert-fonce\\\/\"]}]},{\"@type\":\"ImageObject\",\"inLanguage\":\"fr-FR\",\"@id\":\"https:\\\/\\\/depagterinterieurs.nl\\\/fr\\\/collectie\\\/armoires-commodes\\\/armoires-de-rangement\\\/armoire-crotone-vert-fonce\\\/#primaryimage\",\"url\":\"https:\\\/\\\/depagterinterieurs.nl\\\/wp-content\\\/uploads\\\/2024\\\/08\\\/IMG_9311.jpeg\",\"contentUrl\":\"https:\\\/\\\/depagterinterieurs.nl\\\/wp-content\\\/uploads\\\/2024\\\/08\\\/IMG_9311.jpeg\",\"width\":1024,\"height\":768},{\"@type\":\"BreadcrumbList\",\"@id\":\"https:\\\/\\\/depagterinterieurs.nl\\\/fr\\\/collectie\\\/armoires-commodes\\\/armoires-de-rangement\\\/armoire-crotone-vert-fonce\\\/#breadcrumb\",\"itemListElement\":[{\"@type\":\"ListItem\",\"position\":1,\"name\":\"Home\",\"item\":\"https:\\\/\\\/depagterinterieurs.nl\\\/fr\\\/domicile\\\/\"},{\"@type\":\"ListItem\",\"position\":2,\"name\":\"Collection\",\"item\":\"https:\\\/\\\/depagterinterieurs.nl\\\/fr\\\/collection\\\/\"},{\"@type\":\"ListItem\",\"position\":3,\"name\":\"Armoire Crotone Vert Fonc\u00e9\"}]},{\"@type\":\"WebSite\",\"@id\":\"https:\\\/\\\/depagterinterieurs.nl\\\/fr\\\/#website\",\"url\":\"https:\\\/\\\/depagterinterieurs.nl\\\/fr\\\/\",\"name\":\"De Pagter Interieurs\",\"description\":\"Woonwinkels in Middelburg - Domburg - Veere\",\"potentialAction\":[{\"@type\":\"SearchAction\",\"target\":{\"@type\":\"EntryPoint\",\"urlTemplate\":\"https:\\\/\\\/depagterinterieurs.nl\\\/fr\\\/?s={search_term_string}\"},\"query-input\":{\"@type\":\"PropertyValueSpecification\",\"valueRequired\":true,\"valueName\":\"search_term_string\"}}],\"inLanguage\":\"fr-FR\"}]}<\/script>\n<!-- \/ Yoast SEO plugin. -->","yoast_head_json":{"title":"Armoire Crotone Vert Fonc\u00e9 - De Pagter Interieurs","description":"S\u00e9parateur de pi\u00e8ce laqu\u00e9 vert fonc\u00e9 'Crotone', en vieux bois de pin. Le bas de l\u2019armoire a des portes \u00e0 l\u2019avant et \u00e0 l\u2019arri\u00e8re.","robots":{"index":"index","follow":"follow","max-snippet":"max-snippet:-1","max-image-preview":"max-image-preview:large","max-video-preview":"max-video-preview:-1"},"canonical":"https:\/\/depagterinterieurs.nl\/fr\/collectie\/armoires-commodes\/armoires-de-rangement\/armoire-crotone-vert-fonce\/","og_locale":"fr_FR","og_type":"article","og_title":"Armoire Crotone Vert Fonc\u00e9 - De Pagter Interieurs","og_description":"S\u00e9parateur de pi\u00e8ce laqu\u00e9 vert fonc\u00e9 'Crotone', en vieux bois de pin. Le bas de l\u2019armoire a des portes \u00e0 l\u2019avant et \u00e0 l\u2019arri\u00e8re.","og_url":"https:\/\/depagterinterieurs.nl\/fr\/collectie\/armoires-commodes\/armoires-de-rangement\/armoire-crotone-vert-fonce\/","og_site_name":"De Pagter Interieurs","article_publisher":"https:\/\/www.facebook.com\/depagterinterieurs\/","og_image":[{"width":1024,"height":768,"url":"https:\/\/depagterinterieurs.nl\/wp-content\/uploads\/2024\/08\/IMG_9311.jpeg","type":"image\/jpeg"}],"twitter_card":"summary_large_image","schema":{"@context":"https:\/\/schema.org","@graph":[{"@type":"WebPage","@id":"https:\/\/depagterinterieurs.nl\/fr\/collectie\/armoires-commodes\/armoires-de-rangement\/armoire-crotone-vert-fonce\/","url":"https:\/\/depagterinterieurs.nl\/fr\/collectie\/armoires-commodes\/armoires-de-rangement\/armoire-crotone-vert-fonce\/","name":"Armoire Crotone Vert Fonc\u00e9 - De Pagter Interieurs","isPartOf":{"@id":"https:\/\/depagterinterieurs.nl\/fr\/#website"},"primaryImageOfPage":{"@id":"https:\/\/depagterinterieurs.nl\/fr\/collectie\/armoires-commodes\/armoires-de-rangement\/armoire-crotone-vert-fonce\/#primaryimage"},"image":{"@id":"https:\/\/depagterinterieurs.nl\/fr\/collectie\/armoires-commodes\/armoires-de-rangement\/armoire-crotone-vert-fonce\/#primaryimage"},"thumbnailUrl":"https:\/\/depagterinterieurs.nl\/wp-content\/uploads\/2024\/08\/IMG_9311.jpeg","datePublished":"2024-08-28T19:16:39+00:00","description":"S\u00e9parateur de pi\u00e8ce laqu\u00e9 vert fonc\u00e9 'Crotone', en vieux bois de pin. Le bas de l\u2019armoire a des portes \u00e0 l\u2019avant et \u00e0 l\u2019arri\u00e8re.","breadcrumb":{"@id":"https:\/\/depagterinterieurs.nl\/fr\/collectie\/armoires-commodes\/armoires-de-rangement\/armoire-crotone-vert-fonce\/#breadcrumb"},"inLanguage":"fr-FR","potentialAction":[{"@type":"ReadAction","target":["https:\/\/depagterinterieurs.nl\/fr\/collectie\/armoires-commodes\/armoires-de-rangement\/armoire-crotone-vert-fonce\/"]}]},{"@type":"ImageObject","inLanguage":"fr-FR","@id":"https:\/\/depagterinterieurs.nl\/fr\/collectie\/armoires-commodes\/armoires-de-rangement\/armoire-crotone-vert-fonce\/#primaryimage","url":"https:\/\/depagterinterieurs.nl\/wp-content\/uploads\/2024\/08\/IMG_9311.jpeg","contentUrl":"https:\/\/depagterinterieurs.nl\/wp-content\/uploads\/2024\/08\/IMG_9311.jpeg","width":1024,"height":768},{"@type":"BreadcrumbList","@id":"https:\/\/depagterinterieurs.nl\/fr\/collectie\/armoires-commodes\/armoires-de-rangement\/armoire-crotone-vert-fonce\/#breadcrumb","itemListElement":[{"@type":"ListItem","position":1,"name":"Home","item":"https:\/\/depagterinterieurs.nl\/fr\/domicile\/"},{"@type":"ListItem","position":2,"name":"Collection","item":"https:\/\/depagterinterieurs.nl\/fr\/collection\/"},{"@type":"ListItem","position":3,"name":"Armoire Crotone Vert Fonc\u00e9"}]},{"@type":"WebSite","@id":"https:\/\/depagterinterieurs.nl\/fr\/#website","url":"https:\/\/depagterinterieurs.nl\/fr\/","name":"De Pagter Interieurs","description":"Woonwinkels in Middelburg - Domburg - Veere","potentialAction":[{"@type":"SearchAction","target":{"@type":"EntryPoint","urlTemplate":"https:\/\/depagterinterieurs.nl\/fr\/?s={search_term_string}"},"query-input":{"@type":"PropertyValueSpecification","valueRequired":true,"valueName":"search_term_string"}}],"inLanguage":"fr-FR"}]}},"_links":{"self":[{"href":"https:\/\/depagterinterieurs.nl\/fr\/wp-json\/wp\/v2\/product\/124100","targetHints":{"allow":["GET"]}}],"collection":[{"href":"https:\/\/depagterinterieurs.nl\/fr\/wp-json\/wp\/v2\/product"}],"about":[{"href":"https:\/\/depagterinterieurs.nl\/fr\/wp-json\/wp\/v2\/types\/product"}],"wp:featuredmedia":[{"embeddable":true,"href":"https:\/\/depagterinterieurs.nl\/fr\/wp-json\/wp\/v2\/media\/123980"}],"wp:attachment":[{"href":"https:\/\/depagterinterieurs.nl\/fr\/wp-json\/wp\/v2\/media?parent=124100"}],"wp:term":[{"taxonomy":"product_brand","embeddable":true,"href":"https:\/\/depagterinterieurs.nl\/fr\/wp-json\/wp\/v2\/product_brand?post=124100"},{"taxonomy":"product_cat","embeddable":true,"href":"https:\/\/depagterinterieurs.nl\/fr\/wp-json\/wp\/v2\/product_cat?post=124100"},{"taxonomy":"product_tag","embeddable":true,"href":"https:\/\/depagterinterieurs.nl\/fr\/wp-json\/wp\/v2\/product_tag?post=124100"}],"curies":[{"name":"wp","href":"https:\/\/api.w.org\/{rel}","templated":true}]}}