{"id":137390,"date":"2024-12-18T11:21:09","date_gmt":"2024-12-18T19:05:03","guid":{"rendered":"https:\/\/depagterinterieurs.nl\/collectie\/non class\u00e9\/chaise-de-salle-a-manger-icon-lot-de-4\/"},"modified":"2024-12-18T20:05:03","modified_gmt":"2024-12-18T19:05:03","slug":"chaise-de-salle-a-manger-icon-lot-de-4","status":"publish","type":"product","link":"https:\/\/depagterinterieurs.nl\/fr\/collectie\/marques\/eichholtz\/chaise-de-salle-a-manger-icon-lot-de-4\/","title":{"rendered":"Chaise De Salle \u00e0 Manger Icon&#x2122; (lot de 4)"},"content":{"rendered":"","protected":false},"excerpt":{"rendered":"<p>La chaise de salle \u00e0 manger Icon est recouverte d\u2019un riche velours noir avec le logo Philipp Plein d\u00e9coup\u00e9 au laser sur mesure et finie avec du laiton bross\u00e9 antique. La chaise respire l\u2019\u00e9l\u00e9gance contemporaine et le luxe. <\/p>\n","protected":false},"featured_media":137229,"template":"","meta":[],"product_brand":[],"product_cat":[1062,1071,1042,1079],"product_tag":[],"class_list":{"0":"post-137390","1":"product","2":"type-product","3":"status-publish","4":"has-post-thumbnail","6":"product_cat-chaises","7":"product_cat-eichholtz","8":"product_cat-marques","9":"product_cat-philipp-plein-x-eichholtz-fr","11":"first","12":"instock","13":"shipping-taxable","14":"purchasable","15":"product-type-simple"},"yoast_head":"<!-- This site is optimized with the Yoast SEO plugin v27.3 - https:\/\/yoast.com\/product\/yoast-seo-wordpress\/ -->\n<title>Chaise De Salle \u00e0 Manger Icon&#x2122; (lot de 4) - De Pagter Interieurs<\/title>\n<meta name=\"description\" content=\"La chaise de salle \u00e0 manger Icon est recouverte d\u2019un riche velours noir avec le logo Philipp Plein d\u00e9coup\u00e9 au laser sur mesure et finie avec du laiton bross\u00e9 antique. La chaise respire l\u2019\u00e9l\u00e9gance contemporaine et le luxe.\" \/>\n<meta name=\"robots\" content=\"index, follow, max-snippet:-1, max-image-preview:large, max-video-preview:-1\" \/>\n<link rel=\"canonical\" href=\"https:\/\/depagterinterieurs.nl\/fr\/collectie\/marques\/eichholtz\/chaise-de-salle-a-manger-icon-lot-de-4\/\" \/>\n<meta property=\"og:locale\" content=\"fr_FR\" \/>\n<meta property=\"og:type\" content=\"article\" \/>\n<meta property=\"og:title\" content=\"Chaise De Salle \u00e0 Manger Icon&#x2122; (lot de 4) - De Pagter Interieurs\" \/>\n<meta property=\"og:description\" content=\"La chaise de salle \u00e0 manger Icon est recouverte d\u2019un riche velours noir avec le logo Philipp Plein d\u00e9coup\u00e9 au laser sur mesure et finie avec du laiton bross\u00e9 antique. La chaise respire l\u2019\u00e9l\u00e9gance contemporaine et le luxe.\" \/>\n<meta property=\"og:url\" content=\"https:\/\/depagterinterieurs.nl\/fr\/collectie\/marques\/eichholtz\/chaise-de-salle-a-manger-icon-lot-de-4\/\" \/>\n<meta property=\"og:site_name\" content=\"De Pagter Interieurs\" \/>\n<meta property=\"article:publisher\" content=\"https:\/\/www.facebook.com\/depagterinterieurs\/\" \/>\n<meta property=\"og:image\" content=\"https:\/\/depagterinterieurs.nl\/wp-content\/uploads\/2024\/12\/PP0007_0_1_1.jpg\" \/>\n\t<meta property=\"og:image:width\" content=\"768\" \/>\n\t<meta property=\"og:image:height\" content=\"768\" \/>\n\t<meta property=\"og:image:type\" content=\"image\/jpeg\" \/>\n<meta name=\"twitter:card\" content=\"summary_large_image\" \/>\n<script type=\"application\/ld+json\" class=\"yoast-schema-graph\">{\"@context\":\"https:\\\/\\\/schema.org\",\"@graph\":[{\"@type\":\"WebPage\",\"@id\":\"https:\\\/\\\/depagterinterieurs.nl\\\/fr\\\/collectie\\\/marques\\\/eichholtz\\\/chaise-de-salle-a-manger-icon-lot-de-4\\\/\",\"url\":\"https:\\\/\\\/depagterinterieurs.nl\\\/fr\\\/collectie\\\/marques\\\/eichholtz\\\/chaise-de-salle-a-manger-icon-lot-de-4\\\/\",\"name\":\"Chaise De Salle \u00e0 Manger Icon&#x2122; (lot de 4) - De Pagter Interieurs\",\"isPartOf\":{\"@id\":\"https:\\\/\\\/depagterinterieurs.nl\\\/fr\\\/#website\"},\"primaryImageOfPage\":{\"@id\":\"https:\\\/\\\/depagterinterieurs.nl\\\/fr\\\/collectie\\\/marques\\\/eichholtz\\\/chaise-de-salle-a-manger-icon-lot-de-4\\\/#primaryimage\"},\"image\":{\"@id\":\"https:\\\/\\\/depagterinterieurs.nl\\\/fr\\\/collectie\\\/marques\\\/eichholtz\\\/chaise-de-salle-a-manger-icon-lot-de-4\\\/#primaryimage\"},\"thumbnailUrl\":\"https:\\\/\\\/depagterinterieurs.nl\\\/wp-content\\\/uploads\\\/2024\\\/12\\\/PP0007_0_1_1.jpg\",\"datePublished\":\"2024-12-18T19:05:03+00:00\",\"description\":\"La chaise de salle \u00e0 manger Icon est recouverte d\u2019un riche velours noir avec le logo Philipp Plein d\u00e9coup\u00e9 au laser sur mesure et finie avec du laiton bross\u00e9 antique. La chaise respire l\u2019\u00e9l\u00e9gance contemporaine et le luxe.\",\"breadcrumb\":{\"@id\":\"https:\\\/\\\/depagterinterieurs.nl\\\/fr\\\/collectie\\\/marques\\\/eichholtz\\\/chaise-de-salle-a-manger-icon-lot-de-4\\\/#breadcrumb\"},\"inLanguage\":\"fr-FR\",\"potentialAction\":[{\"@type\":\"ReadAction\",\"target\":[\"https:\\\/\\\/depagterinterieurs.nl\\\/fr\\\/collectie\\\/marques\\\/eichholtz\\\/chaise-de-salle-a-manger-icon-lot-de-4\\\/\"]}]},{\"@type\":\"ImageObject\",\"inLanguage\":\"fr-FR\",\"@id\":\"https:\\\/\\\/depagterinterieurs.nl\\\/fr\\\/collectie\\\/marques\\\/eichholtz\\\/chaise-de-salle-a-manger-icon-lot-de-4\\\/#primaryimage\",\"url\":\"https:\\\/\\\/depagterinterieurs.nl\\\/wp-content\\\/uploads\\\/2024\\\/12\\\/PP0007_0_1_1.jpg\",\"contentUrl\":\"https:\\\/\\\/depagterinterieurs.nl\\\/wp-content\\\/uploads\\\/2024\\\/12\\\/PP0007_0_1_1.jpg\",\"width\":768,\"height\":768},{\"@type\":\"BreadcrumbList\",\"@id\":\"https:\\\/\\\/depagterinterieurs.nl\\\/fr\\\/collectie\\\/marques\\\/eichholtz\\\/chaise-de-salle-a-manger-icon-lot-de-4\\\/#breadcrumb\",\"itemListElement\":[{\"@type\":\"ListItem\",\"position\":1,\"name\":\"Home\",\"item\":\"https:\\\/\\\/depagterinterieurs.nl\\\/fr\\\/domicile\\\/\"},{\"@type\":\"ListItem\",\"position\":2,\"name\":\"Collection\",\"item\":\"https:\\\/\\\/depagterinterieurs.nl\\\/fr\\\/collection\\\/\"},{\"@type\":\"ListItem\",\"position\":3,\"name\":\"Chaise De Salle \u00e0 Manger Icon&#x2122; (lot de 4)\"}]},{\"@type\":\"WebSite\",\"@id\":\"https:\\\/\\\/depagterinterieurs.nl\\\/fr\\\/#website\",\"url\":\"https:\\\/\\\/depagterinterieurs.nl\\\/fr\\\/\",\"name\":\"De Pagter Interieurs\",\"description\":\"Woonwinkels in Middelburg - Domburg - Veere\",\"potentialAction\":[{\"@type\":\"SearchAction\",\"target\":{\"@type\":\"EntryPoint\",\"urlTemplate\":\"https:\\\/\\\/depagterinterieurs.nl\\\/fr\\\/?s={search_term_string}\"},\"query-input\":{\"@type\":\"PropertyValueSpecification\",\"valueRequired\":true,\"valueName\":\"search_term_string\"}}],\"inLanguage\":\"fr-FR\"}]}<\/script>\n<!-- \/ Yoast SEO plugin. -->","yoast_head_json":{"title":"Chaise De Salle \u00e0 Manger Icon&#x2122; (lot de 4) - De Pagter Interieurs","description":"La chaise de salle \u00e0 manger Icon est recouverte d\u2019un riche velours noir avec le logo Philipp Plein d\u00e9coup\u00e9 au laser sur mesure et finie avec du laiton bross\u00e9 antique. La chaise respire l\u2019\u00e9l\u00e9gance contemporaine et le luxe.","robots":{"index":"index","follow":"follow","max-snippet":"max-snippet:-1","max-image-preview":"max-image-preview:large","max-video-preview":"max-video-preview:-1"},"canonical":"https:\/\/depagterinterieurs.nl\/fr\/collectie\/marques\/eichholtz\/chaise-de-salle-a-manger-icon-lot-de-4\/","og_locale":"fr_FR","og_type":"article","og_title":"Chaise De Salle \u00e0 Manger Icon&#x2122; (lot de 4) - De Pagter Interieurs","og_description":"La chaise de salle \u00e0 manger Icon est recouverte d\u2019un riche velours noir avec le logo Philipp Plein d\u00e9coup\u00e9 au laser sur mesure et finie avec du laiton bross\u00e9 antique. La chaise respire l\u2019\u00e9l\u00e9gance contemporaine et le luxe.","og_url":"https:\/\/depagterinterieurs.nl\/fr\/collectie\/marques\/eichholtz\/chaise-de-salle-a-manger-icon-lot-de-4\/","og_site_name":"De Pagter Interieurs","article_publisher":"https:\/\/www.facebook.com\/depagterinterieurs\/","og_image":[{"width":768,"height":768,"url":"https:\/\/depagterinterieurs.nl\/wp-content\/uploads\/2024\/12\/PP0007_0_1_1.jpg","type":"image\/jpeg"}],"twitter_card":"summary_large_image","schema":{"@context":"https:\/\/schema.org","@graph":[{"@type":"WebPage","@id":"https:\/\/depagterinterieurs.nl\/fr\/collectie\/marques\/eichholtz\/chaise-de-salle-a-manger-icon-lot-de-4\/","url":"https:\/\/depagterinterieurs.nl\/fr\/collectie\/marques\/eichholtz\/chaise-de-salle-a-manger-icon-lot-de-4\/","name":"Chaise De Salle \u00e0 Manger Icon&#x2122; (lot de 4) - De Pagter Interieurs","isPartOf":{"@id":"https:\/\/depagterinterieurs.nl\/fr\/#website"},"primaryImageOfPage":{"@id":"https:\/\/depagterinterieurs.nl\/fr\/collectie\/marques\/eichholtz\/chaise-de-salle-a-manger-icon-lot-de-4\/#primaryimage"},"image":{"@id":"https:\/\/depagterinterieurs.nl\/fr\/collectie\/marques\/eichholtz\/chaise-de-salle-a-manger-icon-lot-de-4\/#primaryimage"},"thumbnailUrl":"https:\/\/depagterinterieurs.nl\/wp-content\/uploads\/2024\/12\/PP0007_0_1_1.jpg","datePublished":"2024-12-18T19:05:03+00:00","description":"La chaise de salle \u00e0 manger Icon est recouverte d\u2019un riche velours noir avec le logo Philipp Plein d\u00e9coup\u00e9 au laser sur mesure et finie avec du laiton bross\u00e9 antique. La chaise respire l\u2019\u00e9l\u00e9gance contemporaine et le luxe.","breadcrumb":{"@id":"https:\/\/depagterinterieurs.nl\/fr\/collectie\/marques\/eichholtz\/chaise-de-salle-a-manger-icon-lot-de-4\/#breadcrumb"},"inLanguage":"fr-FR","potentialAction":[{"@type":"ReadAction","target":["https:\/\/depagterinterieurs.nl\/fr\/collectie\/marques\/eichholtz\/chaise-de-salle-a-manger-icon-lot-de-4\/"]}]},{"@type":"ImageObject","inLanguage":"fr-FR","@id":"https:\/\/depagterinterieurs.nl\/fr\/collectie\/marques\/eichholtz\/chaise-de-salle-a-manger-icon-lot-de-4\/#primaryimage","url":"https:\/\/depagterinterieurs.nl\/wp-content\/uploads\/2024\/12\/PP0007_0_1_1.jpg","contentUrl":"https:\/\/depagterinterieurs.nl\/wp-content\/uploads\/2024\/12\/PP0007_0_1_1.jpg","width":768,"height":768},{"@type":"BreadcrumbList","@id":"https:\/\/depagterinterieurs.nl\/fr\/collectie\/marques\/eichholtz\/chaise-de-salle-a-manger-icon-lot-de-4\/#breadcrumb","itemListElement":[{"@type":"ListItem","position":1,"name":"Home","item":"https:\/\/depagterinterieurs.nl\/fr\/domicile\/"},{"@type":"ListItem","position":2,"name":"Collection","item":"https:\/\/depagterinterieurs.nl\/fr\/collection\/"},{"@type":"ListItem","position":3,"name":"Chaise De Salle \u00e0 Manger Icon&#x2122; (lot de 4)"}]},{"@type":"WebSite","@id":"https:\/\/depagterinterieurs.nl\/fr\/#website","url":"https:\/\/depagterinterieurs.nl\/fr\/","name":"De Pagter Interieurs","description":"Woonwinkels in Middelburg - Domburg - Veere","potentialAction":[{"@type":"SearchAction","target":{"@type":"EntryPoint","urlTemplate":"https:\/\/depagterinterieurs.nl\/fr\/?s={search_term_string}"},"query-input":{"@type":"PropertyValueSpecification","valueRequired":true,"valueName":"search_term_string"}}],"inLanguage":"fr-FR"}]}},"_links":{"self":[{"href":"https:\/\/depagterinterieurs.nl\/fr\/wp-json\/wp\/v2\/product\/137390","targetHints":{"allow":["GET"]}}],"collection":[{"href":"https:\/\/depagterinterieurs.nl\/fr\/wp-json\/wp\/v2\/product"}],"about":[{"href":"https:\/\/depagterinterieurs.nl\/fr\/wp-json\/wp\/v2\/types\/product"}],"wp:featuredmedia":[{"embeddable":true,"href":"https:\/\/depagterinterieurs.nl\/fr\/wp-json\/wp\/v2\/media\/137229"}],"wp:attachment":[{"href":"https:\/\/depagterinterieurs.nl\/fr\/wp-json\/wp\/v2\/media?parent=137390"}],"wp:term":[{"taxonomy":"product_brand","embeddable":true,"href":"https:\/\/depagterinterieurs.nl\/fr\/wp-json\/wp\/v2\/product_brand?post=137390"},{"taxonomy":"product_cat","embeddable":true,"href":"https:\/\/depagterinterieurs.nl\/fr\/wp-json\/wp\/v2\/product_cat?post=137390"},{"taxonomy":"product_tag","embeddable":true,"href":"https:\/\/depagterinterieurs.nl\/fr\/wp-json\/wp\/v2\/product_tag?post=137390"}],"curies":[{"name":"wp","href":"https:\/\/api.w.org\/{rel}","templated":true}]}}