{"id":148190,"date":"2025-03-20T05:00:49","date_gmt":"2025-03-20T04:00:49","guid":{"rendered":"https:\/\/depagterinterieurs.nl\/collectie\/non%20class\u00e9\/canape-fancy\/"},"modified":"2026-01-29T13:23:19","modified_gmt":"2026-01-29T12:23:19","slug":"canape-fancy","status":"publish","type":"product","link":"https:\/\/depagterinterieurs.nl\/fr\/collectie\/marques\/pmp-furniture\/canape-fancy\/","title":{"rendered":"Canap\u00e9 Fancy"},"content":{"rendered":"","protected":false},"excerpt":{"rendered":"<p>Canap\u00e9 Fancy<\/p>\n<p>Mod\u00e8le illustr\u00e9 : causeuse 100cm avec accoudoir gauche, causeuse 100cm sans accoudoir et \u00e9l\u00e9ment d\u2019angle 45gr. bras droit. <\/p>\n<p>Fabriqu\u00e9 en tissu : Collection Porem \u2013 Tyler 01<\/p>\n<p>D\u00e9couvrez toutes les options <strong><a href=\"https:\/\/depagterinterieurs.nl\/wp-content\/uploads\/2026\/01\/FANCY-2026.pdf\">ici .<\/a><\/strong><\/p>\n","protected":false},"featured_media":148125,"template":"","meta":[],"product_brand":[],"product_cat":[1044,1040,1042,1076],"product_tag":[],"class_list":{"0":"post-148190","1":"product","2":"type-product","3":"status-publish","4":"has-post-thumbnail","6":"product_cat-canapes","7":"product_cat-canapes-fauteuils","8":"product_cat-marques","9":"product_cat-pmp-furniture","11":"first","12":"instock","13":"shipping-taxable","14":"purchasable","15":"product-type-simple"},"yoast_head":"<!-- This site is optimized with the Yoast SEO plugin v27.3 - https:\/\/yoast.com\/product\/yoast-seo-wordpress\/ -->\n<title>Canap\u00e9 Fancy - De Pagter Interieurs<\/title>\n<meta name=\"description\" content=\"Canap\u00e9 Fancy.Mod\u00e8le illustr\u00e9 : causeuse 100cm avec accoudoir gauche, causeuse 100cm sans accoudoir &amp; \u00e9l\u00e9ment d\u2019angle 45gr. bras droit. Fabriqu\u00e9 en tissu\u00a0: Collection Porem \u2013 Tyler 01. D\u00e9couvrez toutes les options ici .\" \/>\n<meta name=\"robots\" content=\"index, follow, max-snippet:-1, max-image-preview:large, max-video-preview:-1\" \/>\n<link rel=\"canonical\" href=\"https:\/\/depagterinterieurs.nl\/fr\/collectie\/marques\/pmp-furniture\/canape-fancy\/\" \/>\n<meta property=\"og:locale\" content=\"fr_FR\" \/>\n<meta property=\"og:type\" content=\"article\" \/>\n<meta property=\"og:title\" content=\"Canap\u00e9 Fancy - De Pagter Interieurs\" \/>\n<meta property=\"og:description\" content=\"Canap\u00e9 Fancy.Mod\u00e8le illustr\u00e9 : causeuse 100cm avec accoudoir gauche, causeuse 100cm sans accoudoir &amp; \u00e9l\u00e9ment d\u2019angle 45gr. bras droit. Fabriqu\u00e9 en tissu\u00a0: Collection Porem \u2013 Tyler 01. D\u00e9couvrez toutes les options ici .\" \/>\n<meta property=\"og:url\" content=\"https:\/\/depagterinterieurs.nl\/fr\/collectie\/marques\/pmp-furniture\/canape-fancy\/\" \/>\n<meta property=\"og:site_name\" content=\"De Pagter Interieurs\" \/>\n<meta property=\"article:publisher\" content=\"https:\/\/www.facebook.com\/depagterinterieurs\/\" \/>\n<meta property=\"article:modified_time\" content=\"2026-01-29T12:23:19+00:00\" \/>\n<meta property=\"og:image\" content=\"https:\/\/depagterinterieurs.nl\/wp-content\/uploads\/2025\/03\/IMG_5008.jpeg\" \/>\n\t<meta property=\"og:image:width\" content=\"1024\" \/>\n\t<meta property=\"og:image:height\" content=\"768\" \/>\n\t<meta property=\"og:image:type\" content=\"image\/jpeg\" \/>\n<meta name=\"twitter:card\" content=\"summary_large_image\" \/>\n<script type=\"application\/ld+json\" class=\"yoast-schema-graph\">{\"@context\":\"https:\\\/\\\/schema.org\",\"@graph\":[{\"@type\":\"WebPage\",\"@id\":\"https:\\\/\\\/depagterinterieurs.nl\\\/fr\\\/collectie\\\/marques\\\/pmp-furniture\\\/canape-fancy\\\/\",\"url\":\"https:\\\/\\\/depagterinterieurs.nl\\\/fr\\\/collectie\\\/marques\\\/pmp-furniture\\\/canape-fancy\\\/\",\"name\":\"Canap\u00e9 Fancy - De Pagter Interieurs\",\"isPartOf\":{\"@id\":\"https:\\\/\\\/depagterinterieurs.nl\\\/fr\\\/#website\"},\"primaryImageOfPage\":{\"@id\":\"https:\\\/\\\/depagterinterieurs.nl\\\/fr\\\/collectie\\\/marques\\\/pmp-furniture\\\/canape-fancy\\\/#primaryimage\"},\"image\":{\"@id\":\"https:\\\/\\\/depagterinterieurs.nl\\\/fr\\\/collectie\\\/marques\\\/pmp-furniture\\\/canape-fancy\\\/#primaryimage\"},\"thumbnailUrl\":\"https:\\\/\\\/depagterinterieurs.nl\\\/wp-content\\\/uploads\\\/2025\\\/03\\\/IMG_5008.jpeg\",\"datePublished\":\"2025-03-20T04:00:49+00:00\",\"dateModified\":\"2026-01-29T12:23:19+00:00\",\"description\":\"Canap\u00e9 Fancy.Mod\u00e8le illustr\u00e9 : causeuse 100cm avec accoudoir gauche, causeuse 100cm sans accoudoir & \u00e9l\u00e9ment d\u2019angle 45gr. bras droit. Fabriqu\u00e9 en tissu\u00a0: Collection Porem \u2013 Tyler 01. D\u00e9couvrez toutes les options ici .\",\"breadcrumb\":{\"@id\":\"https:\\\/\\\/depagterinterieurs.nl\\\/fr\\\/collectie\\\/marques\\\/pmp-furniture\\\/canape-fancy\\\/#breadcrumb\"},\"inLanguage\":\"fr-FR\",\"potentialAction\":[{\"@type\":\"ReadAction\",\"target\":[\"https:\\\/\\\/depagterinterieurs.nl\\\/fr\\\/collectie\\\/marques\\\/pmp-furniture\\\/canape-fancy\\\/\"]}]},{\"@type\":\"ImageObject\",\"inLanguage\":\"fr-FR\",\"@id\":\"https:\\\/\\\/depagterinterieurs.nl\\\/fr\\\/collectie\\\/marques\\\/pmp-furniture\\\/canape-fancy\\\/#primaryimage\",\"url\":\"https:\\\/\\\/depagterinterieurs.nl\\\/wp-content\\\/uploads\\\/2025\\\/03\\\/IMG_5008.jpeg\",\"contentUrl\":\"https:\\\/\\\/depagterinterieurs.nl\\\/wp-content\\\/uploads\\\/2025\\\/03\\\/IMG_5008.jpeg\",\"width\":1024,\"height\":768},{\"@type\":\"BreadcrumbList\",\"@id\":\"https:\\\/\\\/depagterinterieurs.nl\\\/fr\\\/collectie\\\/marques\\\/pmp-furniture\\\/canape-fancy\\\/#breadcrumb\",\"itemListElement\":[{\"@type\":\"ListItem\",\"position\":1,\"name\":\"Home\",\"item\":\"https:\\\/\\\/depagterinterieurs.nl\\\/fr\\\/domicile\\\/\"},{\"@type\":\"ListItem\",\"position\":2,\"name\":\"Collection\",\"item\":\"https:\\\/\\\/depagterinterieurs.nl\\\/fr\\\/collection\\\/\"},{\"@type\":\"ListItem\",\"position\":3,\"name\":\"Canap\u00e9 Fancy\"}]},{\"@type\":\"WebSite\",\"@id\":\"https:\\\/\\\/depagterinterieurs.nl\\\/fr\\\/#website\",\"url\":\"https:\\\/\\\/depagterinterieurs.nl\\\/fr\\\/\",\"name\":\"De Pagter Interieurs\",\"description\":\"Woonwinkels in Middelburg - Domburg - Veere\",\"potentialAction\":[{\"@type\":\"SearchAction\",\"target\":{\"@type\":\"EntryPoint\",\"urlTemplate\":\"https:\\\/\\\/depagterinterieurs.nl\\\/fr\\\/?s={search_term_string}\"},\"query-input\":{\"@type\":\"PropertyValueSpecification\",\"valueRequired\":true,\"valueName\":\"search_term_string\"}}],\"inLanguage\":\"fr-FR\"}]}<\/script>\n<!-- \/ Yoast SEO plugin. -->","yoast_head_json":{"title":"Canap\u00e9 Fancy - De Pagter Interieurs","description":"Canap\u00e9 Fancy.Mod\u00e8le illustr\u00e9 : causeuse 100cm avec accoudoir gauche, causeuse 100cm sans accoudoir & \u00e9l\u00e9ment d\u2019angle 45gr. bras droit. Fabriqu\u00e9 en tissu\u00a0: Collection Porem \u2013 Tyler 01. D\u00e9couvrez toutes les options ici .","robots":{"index":"index","follow":"follow","max-snippet":"max-snippet:-1","max-image-preview":"max-image-preview:large","max-video-preview":"max-video-preview:-1"},"canonical":"https:\/\/depagterinterieurs.nl\/fr\/collectie\/marques\/pmp-furniture\/canape-fancy\/","og_locale":"fr_FR","og_type":"article","og_title":"Canap\u00e9 Fancy - De Pagter Interieurs","og_description":"Canap\u00e9 Fancy.Mod\u00e8le illustr\u00e9 : causeuse 100cm avec accoudoir gauche, causeuse 100cm sans accoudoir & \u00e9l\u00e9ment d\u2019angle 45gr. bras droit. Fabriqu\u00e9 en tissu\u00a0: Collection Porem \u2013 Tyler 01. D\u00e9couvrez toutes les options ici .","og_url":"https:\/\/depagterinterieurs.nl\/fr\/collectie\/marques\/pmp-furniture\/canape-fancy\/","og_site_name":"De Pagter Interieurs","article_publisher":"https:\/\/www.facebook.com\/depagterinterieurs\/","article_modified_time":"2026-01-29T12:23:19+00:00","og_image":[{"width":1024,"height":768,"url":"https:\/\/depagterinterieurs.nl\/wp-content\/uploads\/2025\/03\/IMG_5008.jpeg","type":"image\/jpeg"}],"twitter_card":"summary_large_image","schema":{"@context":"https:\/\/schema.org","@graph":[{"@type":"WebPage","@id":"https:\/\/depagterinterieurs.nl\/fr\/collectie\/marques\/pmp-furniture\/canape-fancy\/","url":"https:\/\/depagterinterieurs.nl\/fr\/collectie\/marques\/pmp-furniture\/canape-fancy\/","name":"Canap\u00e9 Fancy - De Pagter Interieurs","isPartOf":{"@id":"https:\/\/depagterinterieurs.nl\/fr\/#website"},"primaryImageOfPage":{"@id":"https:\/\/depagterinterieurs.nl\/fr\/collectie\/marques\/pmp-furniture\/canape-fancy\/#primaryimage"},"image":{"@id":"https:\/\/depagterinterieurs.nl\/fr\/collectie\/marques\/pmp-furniture\/canape-fancy\/#primaryimage"},"thumbnailUrl":"https:\/\/depagterinterieurs.nl\/wp-content\/uploads\/2025\/03\/IMG_5008.jpeg","datePublished":"2025-03-20T04:00:49+00:00","dateModified":"2026-01-29T12:23:19+00:00","description":"Canap\u00e9 Fancy.Mod\u00e8le illustr\u00e9 : causeuse 100cm avec accoudoir gauche, causeuse 100cm sans accoudoir & \u00e9l\u00e9ment d\u2019angle 45gr. bras droit. Fabriqu\u00e9 en tissu\u00a0: Collection Porem \u2013 Tyler 01. D\u00e9couvrez toutes les options ici .","breadcrumb":{"@id":"https:\/\/depagterinterieurs.nl\/fr\/collectie\/marques\/pmp-furniture\/canape-fancy\/#breadcrumb"},"inLanguage":"fr-FR","potentialAction":[{"@type":"ReadAction","target":["https:\/\/depagterinterieurs.nl\/fr\/collectie\/marques\/pmp-furniture\/canape-fancy\/"]}]},{"@type":"ImageObject","inLanguage":"fr-FR","@id":"https:\/\/depagterinterieurs.nl\/fr\/collectie\/marques\/pmp-furniture\/canape-fancy\/#primaryimage","url":"https:\/\/depagterinterieurs.nl\/wp-content\/uploads\/2025\/03\/IMG_5008.jpeg","contentUrl":"https:\/\/depagterinterieurs.nl\/wp-content\/uploads\/2025\/03\/IMG_5008.jpeg","width":1024,"height":768},{"@type":"BreadcrumbList","@id":"https:\/\/depagterinterieurs.nl\/fr\/collectie\/marques\/pmp-furniture\/canape-fancy\/#breadcrumb","itemListElement":[{"@type":"ListItem","position":1,"name":"Home","item":"https:\/\/depagterinterieurs.nl\/fr\/domicile\/"},{"@type":"ListItem","position":2,"name":"Collection","item":"https:\/\/depagterinterieurs.nl\/fr\/collection\/"},{"@type":"ListItem","position":3,"name":"Canap\u00e9 Fancy"}]},{"@type":"WebSite","@id":"https:\/\/depagterinterieurs.nl\/fr\/#website","url":"https:\/\/depagterinterieurs.nl\/fr\/","name":"De Pagter Interieurs","description":"Woonwinkels in Middelburg - Domburg - Veere","potentialAction":[{"@type":"SearchAction","target":{"@type":"EntryPoint","urlTemplate":"https:\/\/depagterinterieurs.nl\/fr\/?s={search_term_string}"},"query-input":{"@type":"PropertyValueSpecification","valueRequired":true,"valueName":"search_term_string"}}],"inLanguage":"fr-FR"}]}},"_links":{"self":[{"href":"https:\/\/depagterinterieurs.nl\/fr\/wp-json\/wp\/v2\/product\/148190","targetHints":{"allow":["GET"]}}],"collection":[{"href":"https:\/\/depagterinterieurs.nl\/fr\/wp-json\/wp\/v2\/product"}],"about":[{"href":"https:\/\/depagterinterieurs.nl\/fr\/wp-json\/wp\/v2\/types\/product"}],"wp:featuredmedia":[{"embeddable":true,"href":"https:\/\/depagterinterieurs.nl\/fr\/wp-json\/wp\/v2\/media\/148125"}],"wp:attachment":[{"href":"https:\/\/depagterinterieurs.nl\/fr\/wp-json\/wp\/v2\/media?parent=148190"}],"wp:term":[{"taxonomy":"product_brand","embeddable":true,"href":"https:\/\/depagterinterieurs.nl\/fr\/wp-json\/wp\/v2\/product_brand?post=148190"},{"taxonomy":"product_cat","embeddable":true,"href":"https:\/\/depagterinterieurs.nl\/fr\/wp-json\/wp\/v2\/product_cat?post=148190"},{"taxonomy":"product_tag","embeddable":true,"href":"https:\/\/depagterinterieurs.nl\/fr\/wp-json\/wp\/v2\/product_tag?post=148190"}],"curies":[{"name":"wp","href":"https:\/\/api.w.org\/{rel}","templated":true}]}}