{"id":154640,"date":"2025-05-19T10:09:19","date_gmt":"2025-05-19T09:09:19","guid":{"rendered":"https:\/\/depagterinterieurs.nl\/collectie\/non%20class\u00e9\/table-modena-drop\/"},"modified":"2025-09-22T13:34:48","modified_gmt":"2025-09-22T12:34:48","slug":"table-modena-drop","status":"publish","type":"product","link":"https:\/\/depagterinterieurs.nl\/fr\/collectie\/tables-fr\/tables-a-manger\/table-modena-drop\/","title":{"rendered":"Table Modena Drop"},"content":{"rendered":"","protected":false},"excerpt":{"rendered":"<p>La table Modena est fabriqu\u00e9e en bois de ch\u00eane, de couleur Lava Light et de la forme : Drop.<br \/>\nLe plateau de la table est soutenu par un pied en m\u00e9tal &#8216;Milau&#8217; de couleur &#8216;Champagne&#8217;.<\/p>\n<p>Le prix est pour le mod\u00e8le illustr\u00e9.<\/p>\n<p>Voir toutes les options pour le tableau <a href=\"https:\/\/depagterinterieurs.nl\/wp-content\/uploads\/2025\/09\/EPPIC-Tafels-9-2025.pdf\"><strong>ici<\/strong><\/a> .<\/p>\n","protected":false},"featured_media":152223,"template":"","meta":[],"product_brand":[],"product_cat":[1289,1042,1063,1065],"product_tag":[],"class_list":{"0":"post-154640","1":"product","2":"type-product","3":"status-publish","4":"has-post-thumbnail","6":"product_cat-eppic-fr","7":"product_cat-marques","8":"product_cat-tables-fr","9":"product_cat-tables-a-manger","11":"first","12":"instock","13":"shipping-taxable","14":"purchasable","15":"product-type-simple"},"yoast_head":"<!-- This site is optimized with the Yoast SEO plugin v27.3 - https:\/\/yoast.com\/product\/yoast-seo-wordpress\/ -->\n<title>Table Modena Drop - De Pagter Interieurs<\/title>\n<meta name=\"description\" content=\"La table Modena est fabriqu\u00e9e en bois de ch\u00eane, de couleur Lava Light et de la forme : Drop. Le plateau de la table est soutenu par un pied en m\u00e9tal &#039;Milau&#039; de couleur &#039;Champagne&#039;. Le prix est pour le mod\u00e8le illustr\u00e9.\" \/>\n<meta name=\"robots\" content=\"index, follow, max-snippet:-1, max-image-preview:large, max-video-preview:-1\" \/>\n<link rel=\"canonical\" href=\"https:\/\/depagterinterieurs.nl\/fr\/collectie\/tables-fr\/tables-a-manger\/table-modena-drop\/\" \/>\n<meta property=\"og:locale\" content=\"fr_FR\" \/>\n<meta property=\"og:type\" content=\"article\" \/>\n<meta property=\"og:title\" content=\"Table Modena Drop - De Pagter Interieurs\" \/>\n<meta property=\"og:description\" content=\"La table Modena est fabriqu\u00e9e en bois de ch\u00eane, de couleur Lava Light et de la forme : Drop. Le plateau de la table est soutenu par un pied en m\u00e9tal &#039;Milau&#039; de couleur &#039;Champagne&#039;. Le prix est pour le mod\u00e8le illustr\u00e9.\" \/>\n<meta property=\"og:url\" content=\"https:\/\/depagterinterieurs.nl\/fr\/collectie\/tables-fr\/tables-a-manger\/table-modena-drop\/\" \/>\n<meta property=\"og:site_name\" content=\"De Pagter Interieurs\" \/>\n<meta property=\"article:publisher\" content=\"https:\/\/www.facebook.com\/depagterinterieurs\/\" \/>\n<meta property=\"article:modified_time\" content=\"2025-09-22T12:34:48+00:00\" \/>\n<meta property=\"og:image\" content=\"https:\/\/depagterinterieurs.nl\/wp-content\/uploads\/2025\/04\/Eetkamertafel-Constance-260x115cm-druppel-deer-brown-poot-champagne-scaled-1-1024x768.png\" \/>\n\t<meta property=\"og:image:width\" content=\"1024\" \/>\n\t<meta property=\"og:image:height\" content=\"768\" \/>\n\t<meta property=\"og:image:type\" content=\"image\/png\" \/>\n<meta name=\"twitter:card\" content=\"summary_large_image\" \/>\n<script type=\"application\/ld+json\" class=\"yoast-schema-graph\">{\"@context\":\"https:\\\/\\\/schema.org\",\"@graph\":[{\"@type\":\"WebPage\",\"@id\":\"https:\\\/\\\/depagterinterieurs.nl\\\/fr\\\/collectie\\\/tables-fr\\\/tables-a-manger\\\/table-modena-drop\\\/\",\"url\":\"https:\\\/\\\/depagterinterieurs.nl\\\/fr\\\/collectie\\\/tables-fr\\\/tables-a-manger\\\/table-modena-drop\\\/\",\"name\":\"Table Modena Drop - De Pagter Interieurs\",\"isPartOf\":{\"@id\":\"https:\\\/\\\/depagterinterieurs.nl\\\/fr\\\/#website\"},\"primaryImageOfPage\":{\"@id\":\"https:\\\/\\\/depagterinterieurs.nl\\\/fr\\\/collectie\\\/tables-fr\\\/tables-a-manger\\\/table-modena-drop\\\/#primaryimage\"},\"image\":{\"@id\":\"https:\\\/\\\/depagterinterieurs.nl\\\/fr\\\/collectie\\\/tables-fr\\\/tables-a-manger\\\/table-modena-drop\\\/#primaryimage\"},\"thumbnailUrl\":\"https:\\\/\\\/depagterinterieurs.nl\\\/wp-content\\\/uploads\\\/2025\\\/04\\\/Eetkamertafel-Constance-260x115cm-druppel-deer-brown-poot-champagne-scaled-1.png\",\"datePublished\":\"2025-05-19T09:09:19+00:00\",\"dateModified\":\"2025-09-22T12:34:48+00:00\",\"description\":\"La table Modena est fabriqu\u00e9e en bois de ch\u00eane, de couleur Lava Light et de la forme : Drop. Le plateau de la table est soutenu par un pied en m\u00e9tal 'Milau' de couleur 'Champagne'. Le prix est pour le mod\u00e8le illustr\u00e9.\",\"breadcrumb\":{\"@id\":\"https:\\\/\\\/depagterinterieurs.nl\\\/fr\\\/collectie\\\/tables-fr\\\/tables-a-manger\\\/table-modena-drop\\\/#breadcrumb\"},\"inLanguage\":\"fr-FR\",\"potentialAction\":[{\"@type\":\"ReadAction\",\"target\":[\"https:\\\/\\\/depagterinterieurs.nl\\\/fr\\\/collectie\\\/tables-fr\\\/tables-a-manger\\\/table-modena-drop\\\/\"]}]},{\"@type\":\"ImageObject\",\"inLanguage\":\"fr-FR\",\"@id\":\"https:\\\/\\\/depagterinterieurs.nl\\\/fr\\\/collectie\\\/tables-fr\\\/tables-a-manger\\\/table-modena-drop\\\/#primaryimage\",\"url\":\"https:\\\/\\\/depagterinterieurs.nl\\\/wp-content\\\/uploads\\\/2025\\\/04\\\/Eetkamertafel-Constance-260x115cm-druppel-deer-brown-poot-champagne-scaled-1.png\",\"contentUrl\":\"https:\\\/\\\/depagterinterieurs.nl\\\/wp-content\\\/uploads\\\/2025\\\/04\\\/Eetkamertafel-Constance-260x115cm-druppel-deer-brown-poot-champagne-scaled-1.png\",\"width\":2560,\"height\":1920},{\"@type\":\"BreadcrumbList\",\"@id\":\"https:\\\/\\\/depagterinterieurs.nl\\\/fr\\\/collectie\\\/tables-fr\\\/tables-a-manger\\\/table-modena-drop\\\/#breadcrumb\",\"itemListElement\":[{\"@type\":\"ListItem\",\"position\":1,\"name\":\"Home\",\"item\":\"https:\\\/\\\/depagterinterieurs.nl\\\/fr\\\/domicile\\\/\"},{\"@type\":\"ListItem\",\"position\":2,\"name\":\"Collection\",\"item\":\"https:\\\/\\\/depagterinterieurs.nl\\\/fr\\\/collection\\\/\"},{\"@type\":\"ListItem\",\"position\":3,\"name\":\"Table Modena Drop\"}]},{\"@type\":\"WebSite\",\"@id\":\"https:\\\/\\\/depagterinterieurs.nl\\\/fr\\\/#website\",\"url\":\"https:\\\/\\\/depagterinterieurs.nl\\\/fr\\\/\",\"name\":\"De Pagter Interieurs\",\"description\":\"Woonwinkels in Middelburg - Domburg - Veere\",\"potentialAction\":[{\"@type\":\"SearchAction\",\"target\":{\"@type\":\"EntryPoint\",\"urlTemplate\":\"https:\\\/\\\/depagterinterieurs.nl\\\/fr\\\/?s={search_term_string}\"},\"query-input\":{\"@type\":\"PropertyValueSpecification\",\"valueRequired\":true,\"valueName\":\"search_term_string\"}}],\"inLanguage\":\"fr-FR\"}]}<\/script>\n<!-- \/ Yoast SEO plugin. -->","yoast_head_json":{"title":"Table Modena Drop - De Pagter Interieurs","description":"La table Modena est fabriqu\u00e9e en bois de ch\u00eane, de couleur Lava Light et de la forme : Drop. Le plateau de la table est soutenu par un pied en m\u00e9tal 'Milau' de couleur 'Champagne'. Le prix est pour le mod\u00e8le illustr\u00e9.","robots":{"index":"index","follow":"follow","max-snippet":"max-snippet:-1","max-image-preview":"max-image-preview:large","max-video-preview":"max-video-preview:-1"},"canonical":"https:\/\/depagterinterieurs.nl\/fr\/collectie\/tables-fr\/tables-a-manger\/table-modena-drop\/","og_locale":"fr_FR","og_type":"article","og_title":"Table Modena Drop - De Pagter Interieurs","og_description":"La table Modena est fabriqu\u00e9e en bois de ch\u00eane, de couleur Lava Light et de la forme : Drop. Le plateau de la table est soutenu par un pied en m\u00e9tal 'Milau' de couleur 'Champagne'. Le prix est pour le mod\u00e8le illustr\u00e9.","og_url":"https:\/\/depagterinterieurs.nl\/fr\/collectie\/tables-fr\/tables-a-manger\/table-modena-drop\/","og_site_name":"De Pagter Interieurs","article_publisher":"https:\/\/www.facebook.com\/depagterinterieurs\/","article_modified_time":"2025-09-22T12:34:48+00:00","og_image":[{"width":1024,"height":768,"url":"https:\/\/depagterinterieurs.nl\/wp-content\/uploads\/2025\/04\/Eetkamertafel-Constance-260x115cm-druppel-deer-brown-poot-champagne-scaled-1-1024x768.png","type":"image\/png"}],"twitter_card":"summary_large_image","schema":{"@context":"https:\/\/schema.org","@graph":[{"@type":"WebPage","@id":"https:\/\/depagterinterieurs.nl\/fr\/collectie\/tables-fr\/tables-a-manger\/table-modena-drop\/","url":"https:\/\/depagterinterieurs.nl\/fr\/collectie\/tables-fr\/tables-a-manger\/table-modena-drop\/","name":"Table Modena Drop - De Pagter Interieurs","isPartOf":{"@id":"https:\/\/depagterinterieurs.nl\/fr\/#website"},"primaryImageOfPage":{"@id":"https:\/\/depagterinterieurs.nl\/fr\/collectie\/tables-fr\/tables-a-manger\/table-modena-drop\/#primaryimage"},"image":{"@id":"https:\/\/depagterinterieurs.nl\/fr\/collectie\/tables-fr\/tables-a-manger\/table-modena-drop\/#primaryimage"},"thumbnailUrl":"https:\/\/depagterinterieurs.nl\/wp-content\/uploads\/2025\/04\/Eetkamertafel-Constance-260x115cm-druppel-deer-brown-poot-champagne-scaled-1.png","datePublished":"2025-05-19T09:09:19+00:00","dateModified":"2025-09-22T12:34:48+00:00","description":"La table Modena est fabriqu\u00e9e en bois de ch\u00eane, de couleur Lava Light et de la forme : Drop. Le plateau de la table est soutenu par un pied en m\u00e9tal 'Milau' de couleur 'Champagne'. Le prix est pour le mod\u00e8le illustr\u00e9.","breadcrumb":{"@id":"https:\/\/depagterinterieurs.nl\/fr\/collectie\/tables-fr\/tables-a-manger\/table-modena-drop\/#breadcrumb"},"inLanguage":"fr-FR","potentialAction":[{"@type":"ReadAction","target":["https:\/\/depagterinterieurs.nl\/fr\/collectie\/tables-fr\/tables-a-manger\/table-modena-drop\/"]}]},{"@type":"ImageObject","inLanguage":"fr-FR","@id":"https:\/\/depagterinterieurs.nl\/fr\/collectie\/tables-fr\/tables-a-manger\/table-modena-drop\/#primaryimage","url":"https:\/\/depagterinterieurs.nl\/wp-content\/uploads\/2025\/04\/Eetkamertafel-Constance-260x115cm-druppel-deer-brown-poot-champagne-scaled-1.png","contentUrl":"https:\/\/depagterinterieurs.nl\/wp-content\/uploads\/2025\/04\/Eetkamertafel-Constance-260x115cm-druppel-deer-brown-poot-champagne-scaled-1.png","width":2560,"height":1920},{"@type":"BreadcrumbList","@id":"https:\/\/depagterinterieurs.nl\/fr\/collectie\/tables-fr\/tables-a-manger\/table-modena-drop\/#breadcrumb","itemListElement":[{"@type":"ListItem","position":1,"name":"Home","item":"https:\/\/depagterinterieurs.nl\/fr\/domicile\/"},{"@type":"ListItem","position":2,"name":"Collection","item":"https:\/\/depagterinterieurs.nl\/fr\/collection\/"},{"@type":"ListItem","position":3,"name":"Table Modena Drop"}]},{"@type":"WebSite","@id":"https:\/\/depagterinterieurs.nl\/fr\/#website","url":"https:\/\/depagterinterieurs.nl\/fr\/","name":"De Pagter Interieurs","description":"Woonwinkels in Middelburg - Domburg - Veere","potentialAction":[{"@type":"SearchAction","target":{"@type":"EntryPoint","urlTemplate":"https:\/\/depagterinterieurs.nl\/fr\/?s={search_term_string}"},"query-input":{"@type":"PropertyValueSpecification","valueRequired":true,"valueName":"search_term_string"}}],"inLanguage":"fr-FR"}]}},"_links":{"self":[{"href":"https:\/\/depagterinterieurs.nl\/fr\/wp-json\/wp\/v2\/product\/154640","targetHints":{"allow":["GET"]}}],"collection":[{"href":"https:\/\/depagterinterieurs.nl\/fr\/wp-json\/wp\/v2\/product"}],"about":[{"href":"https:\/\/depagterinterieurs.nl\/fr\/wp-json\/wp\/v2\/types\/product"}],"wp:featuredmedia":[{"embeddable":true,"href":"https:\/\/depagterinterieurs.nl\/fr\/wp-json\/wp\/v2\/media\/152223"}],"wp:attachment":[{"href":"https:\/\/depagterinterieurs.nl\/fr\/wp-json\/wp\/v2\/media?parent=154640"}],"wp:term":[{"taxonomy":"product_brand","embeddable":true,"href":"https:\/\/depagterinterieurs.nl\/fr\/wp-json\/wp\/v2\/product_brand?post=154640"},{"taxonomy":"product_cat","embeddable":true,"href":"https:\/\/depagterinterieurs.nl\/fr\/wp-json\/wp\/v2\/product_cat?post=154640"},{"taxonomy":"product_tag","embeddable":true,"href":"https:\/\/depagterinterieurs.nl\/fr\/wp-json\/wp\/v2\/product_tag?post=154640"}],"curies":[{"name":"wp","href":"https:\/\/api.w.org\/{rel}","templated":true}]}}