{"id":156127,"date":"2025-06-06T00:35:39","date_gmt":"2025-06-09T19:58:23","guid":{"rendered":"https:\/\/depagterinterieurs.nl\/collectie\/non%20class\u00e9\/suspension-martani\/"},"modified":"2025-06-09T20:59:00","modified_gmt":"2025-06-09T19:59:00","slug":"suspension-martani","status":"publish","type":"product","link":"https:\/\/depagterinterieurs.nl\/fr\/collectie\/eclairage\/suspension-martani\/","title":{"rendered":"Suspension Martani"},"content":{"rendered":"","protected":false},"excerpt":{"rendered":"<p>Suspension \u00ab Martani \u00bb, ex\u00e9cut\u00e9e en couleur Platine. \u00c9galement disponible en couleur Quartz et dans d\u2019autres tailles. <\/p>\n","protected":false},"featured_media":154652,"template":"","meta":[],"product_brand":[],"product_cat":[1039],"product_tag":[],"class_list":{"0":"post-156127","1":"product","2":"type-product","3":"status-publish","4":"has-post-thumbnail","6":"product_cat-eclairage","8":"first","9":"instock","10":"shipping-taxable","11":"purchasable","12":"product-type-simple"},"yoast_head":"<!-- This site is optimized with the Yoast SEO plugin v27.3 - https:\/\/yoast.com\/product\/yoast-seo-wordpress\/ -->\n<title>Suspension Martani - De Pagter Interieurs<\/title>\n<meta name=\"description\" content=\"Suspension \u00ab Martani \u00bb, ex\u00e9cut\u00e9e en couleur Platine. \u00c9galement disponible en couleur Quartz et dans d\u2019autres tailles.\" \/>\n<meta name=\"robots\" content=\"index, follow, max-snippet:-1, max-image-preview:large, max-video-preview:-1\" \/>\n<link rel=\"canonical\" href=\"https:\/\/depagterinterieurs.nl\/fr\/collectie\/eclairage\/suspension-martani\/\" \/>\n<meta property=\"og:locale\" content=\"fr_FR\" \/>\n<meta property=\"og:type\" content=\"article\" \/>\n<meta property=\"og:title\" content=\"Suspension Martani - De Pagter Interieurs\" \/>\n<meta property=\"og:description\" content=\"Suspension \u00ab Martani \u00bb, ex\u00e9cut\u00e9e en couleur Platine. \u00c9galement disponible en couleur Quartz et dans d\u2019autres tailles.\" \/>\n<meta property=\"og:url\" content=\"https:\/\/depagterinterieurs.nl\/fr\/collectie\/eclairage\/suspension-martani\/\" \/>\n<meta property=\"og:site_name\" content=\"De Pagter Interieurs\" \/>\n<meta property=\"article:publisher\" content=\"https:\/\/www.facebook.com\/depagterinterieurs\/\" \/>\n<meta property=\"article:modified_time\" content=\"2025-06-09T19:59:00+00:00\" \/>\n<meta property=\"og:image\" content=\"https:\/\/depagterinterieurs.nl\/wp-content\/uploads\/2025\/05\/IMG_6390.jpeg\" \/>\n\t<meta property=\"og:image:width\" content=\"1024\" \/>\n\t<meta property=\"og:image:height\" content=\"768\" \/>\n\t<meta property=\"og:image:type\" content=\"image\/jpeg\" \/>\n<meta name=\"twitter:card\" content=\"summary_large_image\" \/>\n<script type=\"application\/ld+json\" class=\"yoast-schema-graph\">{\"@context\":\"https:\\\/\\\/schema.org\",\"@graph\":[{\"@type\":\"WebPage\",\"@id\":\"https:\\\/\\\/depagterinterieurs.nl\\\/fr\\\/collectie\\\/eclairage\\\/suspension-martani\\\/\",\"url\":\"https:\\\/\\\/depagterinterieurs.nl\\\/fr\\\/collectie\\\/eclairage\\\/suspension-martani\\\/\",\"name\":\"Suspension Martani - De Pagter Interieurs\",\"isPartOf\":{\"@id\":\"https:\\\/\\\/depagterinterieurs.nl\\\/fr\\\/#website\"},\"primaryImageOfPage\":{\"@id\":\"https:\\\/\\\/depagterinterieurs.nl\\\/fr\\\/collectie\\\/eclairage\\\/suspension-martani\\\/#primaryimage\"},\"image\":{\"@id\":\"https:\\\/\\\/depagterinterieurs.nl\\\/fr\\\/collectie\\\/eclairage\\\/suspension-martani\\\/#primaryimage\"},\"thumbnailUrl\":\"https:\\\/\\\/depagterinterieurs.nl\\\/wp-content\\\/uploads\\\/2025\\\/05\\\/IMG_6390.jpeg\",\"datePublished\":\"2025-06-09T19:58:23+00:00\",\"dateModified\":\"2025-06-09T19:59:00+00:00\",\"description\":\"Suspension \u00ab Martani \u00bb, ex\u00e9cut\u00e9e en couleur Platine. \u00c9galement disponible en couleur Quartz et dans d\u2019autres tailles.\",\"breadcrumb\":{\"@id\":\"https:\\\/\\\/depagterinterieurs.nl\\\/fr\\\/collectie\\\/eclairage\\\/suspension-martani\\\/#breadcrumb\"},\"inLanguage\":\"fr-FR\",\"potentialAction\":[{\"@type\":\"ReadAction\",\"target\":[\"https:\\\/\\\/depagterinterieurs.nl\\\/fr\\\/collectie\\\/eclairage\\\/suspension-martani\\\/\"]}]},{\"@type\":\"ImageObject\",\"inLanguage\":\"fr-FR\",\"@id\":\"https:\\\/\\\/depagterinterieurs.nl\\\/fr\\\/collectie\\\/eclairage\\\/suspension-martani\\\/#primaryimage\",\"url\":\"https:\\\/\\\/depagterinterieurs.nl\\\/wp-content\\\/uploads\\\/2025\\\/05\\\/IMG_6390.jpeg\",\"contentUrl\":\"https:\\\/\\\/depagterinterieurs.nl\\\/wp-content\\\/uploads\\\/2025\\\/05\\\/IMG_6390.jpeg\",\"width\":1024,\"height\":768},{\"@type\":\"BreadcrumbList\",\"@id\":\"https:\\\/\\\/depagterinterieurs.nl\\\/fr\\\/collectie\\\/eclairage\\\/suspension-martani\\\/#breadcrumb\",\"itemListElement\":[{\"@type\":\"ListItem\",\"position\":1,\"name\":\"Home\",\"item\":\"https:\\\/\\\/depagterinterieurs.nl\\\/fr\\\/domicile\\\/\"},{\"@type\":\"ListItem\",\"position\":2,\"name\":\"Collection\",\"item\":\"https:\\\/\\\/depagterinterieurs.nl\\\/fr\\\/collection\\\/\"},{\"@type\":\"ListItem\",\"position\":3,\"name\":\"Suspension Martani\"}]},{\"@type\":\"WebSite\",\"@id\":\"https:\\\/\\\/depagterinterieurs.nl\\\/fr\\\/#website\",\"url\":\"https:\\\/\\\/depagterinterieurs.nl\\\/fr\\\/\",\"name\":\"De Pagter Interieurs\",\"description\":\"Woonwinkels in Middelburg - Domburg - Veere\",\"potentialAction\":[{\"@type\":\"SearchAction\",\"target\":{\"@type\":\"EntryPoint\",\"urlTemplate\":\"https:\\\/\\\/depagterinterieurs.nl\\\/fr\\\/?s={search_term_string}\"},\"query-input\":{\"@type\":\"PropertyValueSpecification\",\"valueRequired\":true,\"valueName\":\"search_term_string\"}}],\"inLanguage\":\"fr-FR\"}]}<\/script>\n<!-- \/ Yoast SEO plugin. -->","yoast_head_json":{"title":"Suspension Martani - De Pagter Interieurs","description":"Suspension \u00ab Martani \u00bb, ex\u00e9cut\u00e9e en couleur Platine. \u00c9galement disponible en couleur Quartz et dans d\u2019autres tailles.","robots":{"index":"index","follow":"follow","max-snippet":"max-snippet:-1","max-image-preview":"max-image-preview:large","max-video-preview":"max-video-preview:-1"},"canonical":"https:\/\/depagterinterieurs.nl\/fr\/collectie\/eclairage\/suspension-martani\/","og_locale":"fr_FR","og_type":"article","og_title":"Suspension Martani - De Pagter Interieurs","og_description":"Suspension \u00ab Martani \u00bb, ex\u00e9cut\u00e9e en couleur Platine. \u00c9galement disponible en couleur Quartz et dans d\u2019autres tailles.","og_url":"https:\/\/depagterinterieurs.nl\/fr\/collectie\/eclairage\/suspension-martani\/","og_site_name":"De Pagter Interieurs","article_publisher":"https:\/\/www.facebook.com\/depagterinterieurs\/","article_modified_time":"2025-06-09T19:59:00+00:00","og_image":[{"width":1024,"height":768,"url":"https:\/\/depagterinterieurs.nl\/wp-content\/uploads\/2025\/05\/IMG_6390.jpeg","type":"image\/jpeg"}],"twitter_card":"summary_large_image","schema":{"@context":"https:\/\/schema.org","@graph":[{"@type":"WebPage","@id":"https:\/\/depagterinterieurs.nl\/fr\/collectie\/eclairage\/suspension-martani\/","url":"https:\/\/depagterinterieurs.nl\/fr\/collectie\/eclairage\/suspension-martani\/","name":"Suspension Martani - De Pagter Interieurs","isPartOf":{"@id":"https:\/\/depagterinterieurs.nl\/fr\/#website"},"primaryImageOfPage":{"@id":"https:\/\/depagterinterieurs.nl\/fr\/collectie\/eclairage\/suspension-martani\/#primaryimage"},"image":{"@id":"https:\/\/depagterinterieurs.nl\/fr\/collectie\/eclairage\/suspension-martani\/#primaryimage"},"thumbnailUrl":"https:\/\/depagterinterieurs.nl\/wp-content\/uploads\/2025\/05\/IMG_6390.jpeg","datePublished":"2025-06-09T19:58:23+00:00","dateModified":"2025-06-09T19:59:00+00:00","description":"Suspension \u00ab Martani \u00bb, ex\u00e9cut\u00e9e en couleur Platine. \u00c9galement disponible en couleur Quartz et dans d\u2019autres tailles.","breadcrumb":{"@id":"https:\/\/depagterinterieurs.nl\/fr\/collectie\/eclairage\/suspension-martani\/#breadcrumb"},"inLanguage":"fr-FR","potentialAction":[{"@type":"ReadAction","target":["https:\/\/depagterinterieurs.nl\/fr\/collectie\/eclairage\/suspension-martani\/"]}]},{"@type":"ImageObject","inLanguage":"fr-FR","@id":"https:\/\/depagterinterieurs.nl\/fr\/collectie\/eclairage\/suspension-martani\/#primaryimage","url":"https:\/\/depagterinterieurs.nl\/wp-content\/uploads\/2025\/05\/IMG_6390.jpeg","contentUrl":"https:\/\/depagterinterieurs.nl\/wp-content\/uploads\/2025\/05\/IMG_6390.jpeg","width":1024,"height":768},{"@type":"BreadcrumbList","@id":"https:\/\/depagterinterieurs.nl\/fr\/collectie\/eclairage\/suspension-martani\/#breadcrumb","itemListElement":[{"@type":"ListItem","position":1,"name":"Home","item":"https:\/\/depagterinterieurs.nl\/fr\/domicile\/"},{"@type":"ListItem","position":2,"name":"Collection","item":"https:\/\/depagterinterieurs.nl\/fr\/collection\/"},{"@type":"ListItem","position":3,"name":"Suspension Martani"}]},{"@type":"WebSite","@id":"https:\/\/depagterinterieurs.nl\/fr\/#website","url":"https:\/\/depagterinterieurs.nl\/fr\/","name":"De Pagter Interieurs","description":"Woonwinkels in Middelburg - Domburg - Veere","potentialAction":[{"@type":"SearchAction","target":{"@type":"EntryPoint","urlTemplate":"https:\/\/depagterinterieurs.nl\/fr\/?s={search_term_string}"},"query-input":{"@type":"PropertyValueSpecification","valueRequired":true,"valueName":"search_term_string"}}],"inLanguage":"fr-FR"}]}},"_links":{"self":[{"href":"https:\/\/depagterinterieurs.nl\/fr\/wp-json\/wp\/v2\/product\/156127","targetHints":{"allow":["GET"]}}],"collection":[{"href":"https:\/\/depagterinterieurs.nl\/fr\/wp-json\/wp\/v2\/product"}],"about":[{"href":"https:\/\/depagterinterieurs.nl\/fr\/wp-json\/wp\/v2\/types\/product"}],"wp:featuredmedia":[{"embeddable":true,"href":"https:\/\/depagterinterieurs.nl\/fr\/wp-json\/wp\/v2\/media\/154652"}],"wp:attachment":[{"href":"https:\/\/depagterinterieurs.nl\/fr\/wp-json\/wp\/v2\/media?parent=156127"}],"wp:term":[{"taxonomy":"product_brand","embeddable":true,"href":"https:\/\/depagterinterieurs.nl\/fr\/wp-json\/wp\/v2\/product_brand?post=156127"},{"taxonomy":"product_cat","embeddable":true,"href":"https:\/\/depagterinterieurs.nl\/fr\/wp-json\/wp\/v2\/product_cat?post=156127"},{"taxonomy":"product_tag","embeddable":true,"href":"https:\/\/depagterinterieurs.nl\/fr\/wp-json\/wp\/v2\/product_tag?post=156127"}],"curies":[{"name":"wp","href":"https:\/\/api.w.org\/{rel}","templated":true}]}}