{"id":156247,"date":"2025-06-12T13:59:50","date_gmt":"2025-06-12T12:59:50","guid":{"rendered":"https:\/\/depagterinterieurs.nl\/collectie\/non%20class\u00e9\/banc-de-salle-a-manger-diego-oval-280cm\/"},"modified":"2026-01-29T12:26:01","modified_gmt":"2026-01-29T11:26:01","slug":"banc-de-salle-a-manger-diego-oval-280cm","status":"publish","type":"product","link":"https:\/\/depagterinterieurs.nl\/fr\/collectie\/marques\/olav-home\/banc-de-salle-a-manger-diego-oval-280cm\/","title":{"rendered":"Banc \u00e0 manger Diego Oval 280 CM"},"content":{"rendered":"","protected":false},"excerpt":{"rendered":"<p>Le canap\u00e9 de la salle \u00e0 manger de Diego. Mod\u00e8le pr\u00e9sent\u00e9 : ovale 280 cm avec pieds m\u00e9talliques. <\/p>\n<p>En tissu : Deluxe 02 (H).<\/p>\n<p>Le prix est pour le mod\u00e8le illustr\u00e9.<\/p>\n<p>D\u00e9couvrez toutes les options <a href=\"https:\/\/depagterinterieurs.nl\/wp-content\/uploads\/2026\/01\/Eetkamerbanken-Verkoop-2026.pdf\"><strong>ici .<\/strong><\/a><\/p>\n","protected":false},"featured_media":156234,"template":"","meta":[],"product_brand":[],"product_cat":[1062,1042,1080],"product_tag":[],"class_list":{"0":"post-156247","1":"product","2":"type-product","3":"status-publish","4":"has-post-thumbnail","6":"product_cat-chaises","7":"product_cat-marques","8":"product_cat-olav-home","10":"first","11":"instock","12":"shipping-taxable","13":"purchasable","14":"product-type-simple"},"yoast_head":"<!-- This site is optimized with the Yoast SEO plugin v27.3 - https:\/\/yoast.com\/product\/yoast-seo-wordpress\/ -->\n<title>Banc \u00e0 manger Diego Oval 280 CM - De Pagter Interieurs<\/title>\n<meta name=\"description\" content=\"Le canap\u00e9 de la salle \u00e0 manger de Diego. Mod\u00e8le pr\u00e9sent\u00e9 : ovale 280 cm avec pieds m\u00e9talliques. En tissu : Deluxe 02 (H). Le prix est pour le mod\u00e8le illustr\u00e9. D\u00e9couvrez toutes les options ici .\" \/>\n<meta name=\"robots\" content=\"index, follow, max-snippet:-1, max-image-preview:large, max-video-preview:-1\" \/>\n<link rel=\"canonical\" href=\"https:\/\/depagterinterieurs.nl\/fr\/collectie\/marques\/olav-home\/banc-de-salle-a-manger-diego-oval-280cm\/\" \/>\n<meta property=\"og:locale\" content=\"fr_FR\" \/>\n<meta property=\"og:type\" content=\"article\" \/>\n<meta property=\"og:title\" content=\"Banc \u00e0 manger Diego Oval 280 CM - De Pagter Interieurs\" \/>\n<meta property=\"og:description\" content=\"Le canap\u00e9 de la salle \u00e0 manger de Diego. Mod\u00e8le pr\u00e9sent\u00e9 : ovale 280 cm avec pieds m\u00e9talliques. En tissu : Deluxe 02 (H). Le prix est pour le mod\u00e8le illustr\u00e9. D\u00e9couvrez toutes les options ici .\" \/>\n<meta property=\"og:url\" content=\"https:\/\/depagterinterieurs.nl\/fr\/collectie\/marques\/olav-home\/banc-de-salle-a-manger-diego-oval-280cm\/\" \/>\n<meta property=\"og:site_name\" content=\"De Pagter Interieurs\" \/>\n<meta property=\"article:publisher\" content=\"https:\/\/www.facebook.com\/depagterinterieurs\/\" \/>\n<meta property=\"article:modified_time\" content=\"2026-01-29T11:26:01+00:00\" \/>\n<meta property=\"og:image\" content=\"https:\/\/depagterinterieurs.nl\/wp-content\/uploads\/2025\/06\/IMG_0008.jpg\" \/>\n\t<meta property=\"og:image:width\" content=\"1024\" \/>\n\t<meta property=\"og:image:height\" content=\"768\" \/>\n\t<meta property=\"og:image:type\" content=\"image\/jpeg\" \/>\n<meta name=\"twitter:card\" content=\"summary_large_image\" \/>\n<script type=\"application\/ld+json\" class=\"yoast-schema-graph\">{\"@context\":\"https:\\\/\\\/schema.org\",\"@graph\":[{\"@type\":\"WebPage\",\"@id\":\"https:\\\/\\\/depagterinterieurs.nl\\\/fr\\\/collectie\\\/marques\\\/olav-home\\\/banc-de-salle-a-manger-diego-oval-280cm\\\/\",\"url\":\"https:\\\/\\\/depagterinterieurs.nl\\\/fr\\\/collectie\\\/marques\\\/olav-home\\\/banc-de-salle-a-manger-diego-oval-280cm\\\/\",\"name\":\"Banc \u00e0 manger Diego Oval 280 CM - De Pagter Interieurs\",\"isPartOf\":{\"@id\":\"https:\\\/\\\/depagterinterieurs.nl\\\/fr\\\/#website\"},\"primaryImageOfPage\":{\"@id\":\"https:\\\/\\\/depagterinterieurs.nl\\\/fr\\\/collectie\\\/marques\\\/olav-home\\\/banc-de-salle-a-manger-diego-oval-280cm\\\/#primaryimage\"},\"image\":{\"@id\":\"https:\\\/\\\/depagterinterieurs.nl\\\/fr\\\/collectie\\\/marques\\\/olav-home\\\/banc-de-salle-a-manger-diego-oval-280cm\\\/#primaryimage\"},\"thumbnailUrl\":\"https:\\\/\\\/depagterinterieurs.nl\\\/wp-content\\\/uploads\\\/2025\\\/06\\\/IMG_0008.jpg\",\"datePublished\":\"2025-06-12T12:59:50+00:00\",\"dateModified\":\"2026-01-29T11:26:01+00:00\",\"description\":\"Le canap\u00e9 de la salle \u00e0 manger de Diego. Mod\u00e8le pr\u00e9sent\u00e9 : ovale 280 cm avec pieds m\u00e9talliques. En tissu : Deluxe 02 (H). Le prix est pour le mod\u00e8le illustr\u00e9. D\u00e9couvrez toutes les options ici .\",\"breadcrumb\":{\"@id\":\"https:\\\/\\\/depagterinterieurs.nl\\\/fr\\\/collectie\\\/marques\\\/olav-home\\\/banc-de-salle-a-manger-diego-oval-280cm\\\/#breadcrumb\"},\"inLanguage\":\"fr-FR\",\"potentialAction\":[{\"@type\":\"ReadAction\",\"target\":[\"https:\\\/\\\/depagterinterieurs.nl\\\/fr\\\/collectie\\\/marques\\\/olav-home\\\/banc-de-salle-a-manger-diego-oval-280cm\\\/\"]}]},{\"@type\":\"ImageObject\",\"inLanguage\":\"fr-FR\",\"@id\":\"https:\\\/\\\/depagterinterieurs.nl\\\/fr\\\/collectie\\\/marques\\\/olav-home\\\/banc-de-salle-a-manger-diego-oval-280cm\\\/#primaryimage\",\"url\":\"https:\\\/\\\/depagterinterieurs.nl\\\/wp-content\\\/uploads\\\/2025\\\/06\\\/IMG_0008.jpg\",\"contentUrl\":\"https:\\\/\\\/depagterinterieurs.nl\\\/wp-content\\\/uploads\\\/2025\\\/06\\\/IMG_0008.jpg\",\"width\":1024,\"height\":768},{\"@type\":\"BreadcrumbList\",\"@id\":\"https:\\\/\\\/depagterinterieurs.nl\\\/fr\\\/collectie\\\/marques\\\/olav-home\\\/banc-de-salle-a-manger-diego-oval-280cm\\\/#breadcrumb\",\"itemListElement\":[{\"@type\":\"ListItem\",\"position\":1,\"name\":\"Home\",\"item\":\"https:\\\/\\\/depagterinterieurs.nl\\\/fr\\\/domicile\\\/\"},{\"@type\":\"ListItem\",\"position\":2,\"name\":\"Collection\",\"item\":\"https:\\\/\\\/depagterinterieurs.nl\\\/fr\\\/collection\\\/\"},{\"@type\":\"ListItem\",\"position\":3,\"name\":\"Banc \u00e0 manger Diego Oval 280 CM\"}]},{\"@type\":\"WebSite\",\"@id\":\"https:\\\/\\\/depagterinterieurs.nl\\\/fr\\\/#website\",\"url\":\"https:\\\/\\\/depagterinterieurs.nl\\\/fr\\\/\",\"name\":\"De Pagter Interieurs\",\"description\":\"Woonwinkels in Middelburg - Domburg - Veere\",\"potentialAction\":[{\"@type\":\"SearchAction\",\"target\":{\"@type\":\"EntryPoint\",\"urlTemplate\":\"https:\\\/\\\/depagterinterieurs.nl\\\/fr\\\/?s={search_term_string}\"},\"query-input\":{\"@type\":\"PropertyValueSpecification\",\"valueRequired\":true,\"valueName\":\"search_term_string\"}}],\"inLanguage\":\"fr-FR\"}]}<\/script>\n<!-- \/ Yoast SEO plugin. -->","yoast_head_json":{"title":"Banc \u00e0 manger Diego Oval 280 CM - De Pagter Interieurs","description":"Le canap\u00e9 de la salle \u00e0 manger de Diego. Mod\u00e8le pr\u00e9sent\u00e9 : ovale 280 cm avec pieds m\u00e9talliques. En tissu : Deluxe 02 (H). Le prix est pour le mod\u00e8le illustr\u00e9. D\u00e9couvrez toutes les options ici .","robots":{"index":"index","follow":"follow","max-snippet":"max-snippet:-1","max-image-preview":"max-image-preview:large","max-video-preview":"max-video-preview:-1"},"canonical":"https:\/\/depagterinterieurs.nl\/fr\/collectie\/marques\/olav-home\/banc-de-salle-a-manger-diego-oval-280cm\/","og_locale":"fr_FR","og_type":"article","og_title":"Banc \u00e0 manger Diego Oval 280 CM - De Pagter Interieurs","og_description":"Le canap\u00e9 de la salle \u00e0 manger de Diego. Mod\u00e8le pr\u00e9sent\u00e9 : ovale 280 cm avec pieds m\u00e9talliques. En tissu : Deluxe 02 (H). Le prix est pour le mod\u00e8le illustr\u00e9. D\u00e9couvrez toutes les options ici .","og_url":"https:\/\/depagterinterieurs.nl\/fr\/collectie\/marques\/olav-home\/banc-de-salle-a-manger-diego-oval-280cm\/","og_site_name":"De Pagter Interieurs","article_publisher":"https:\/\/www.facebook.com\/depagterinterieurs\/","article_modified_time":"2026-01-29T11:26:01+00:00","og_image":[{"width":1024,"height":768,"url":"https:\/\/depagterinterieurs.nl\/wp-content\/uploads\/2025\/06\/IMG_0008.jpg","type":"image\/jpeg"}],"twitter_card":"summary_large_image","schema":{"@context":"https:\/\/schema.org","@graph":[{"@type":"WebPage","@id":"https:\/\/depagterinterieurs.nl\/fr\/collectie\/marques\/olav-home\/banc-de-salle-a-manger-diego-oval-280cm\/","url":"https:\/\/depagterinterieurs.nl\/fr\/collectie\/marques\/olav-home\/banc-de-salle-a-manger-diego-oval-280cm\/","name":"Banc \u00e0 manger Diego Oval 280 CM - De Pagter Interieurs","isPartOf":{"@id":"https:\/\/depagterinterieurs.nl\/fr\/#website"},"primaryImageOfPage":{"@id":"https:\/\/depagterinterieurs.nl\/fr\/collectie\/marques\/olav-home\/banc-de-salle-a-manger-diego-oval-280cm\/#primaryimage"},"image":{"@id":"https:\/\/depagterinterieurs.nl\/fr\/collectie\/marques\/olav-home\/banc-de-salle-a-manger-diego-oval-280cm\/#primaryimage"},"thumbnailUrl":"https:\/\/depagterinterieurs.nl\/wp-content\/uploads\/2025\/06\/IMG_0008.jpg","datePublished":"2025-06-12T12:59:50+00:00","dateModified":"2026-01-29T11:26:01+00:00","description":"Le canap\u00e9 de la salle \u00e0 manger de Diego. Mod\u00e8le pr\u00e9sent\u00e9 : ovale 280 cm avec pieds m\u00e9talliques. En tissu : Deluxe 02 (H). Le prix est pour le mod\u00e8le illustr\u00e9. D\u00e9couvrez toutes les options ici .","breadcrumb":{"@id":"https:\/\/depagterinterieurs.nl\/fr\/collectie\/marques\/olav-home\/banc-de-salle-a-manger-diego-oval-280cm\/#breadcrumb"},"inLanguage":"fr-FR","potentialAction":[{"@type":"ReadAction","target":["https:\/\/depagterinterieurs.nl\/fr\/collectie\/marques\/olav-home\/banc-de-salle-a-manger-diego-oval-280cm\/"]}]},{"@type":"ImageObject","inLanguage":"fr-FR","@id":"https:\/\/depagterinterieurs.nl\/fr\/collectie\/marques\/olav-home\/banc-de-salle-a-manger-diego-oval-280cm\/#primaryimage","url":"https:\/\/depagterinterieurs.nl\/wp-content\/uploads\/2025\/06\/IMG_0008.jpg","contentUrl":"https:\/\/depagterinterieurs.nl\/wp-content\/uploads\/2025\/06\/IMG_0008.jpg","width":1024,"height":768},{"@type":"BreadcrumbList","@id":"https:\/\/depagterinterieurs.nl\/fr\/collectie\/marques\/olav-home\/banc-de-salle-a-manger-diego-oval-280cm\/#breadcrumb","itemListElement":[{"@type":"ListItem","position":1,"name":"Home","item":"https:\/\/depagterinterieurs.nl\/fr\/domicile\/"},{"@type":"ListItem","position":2,"name":"Collection","item":"https:\/\/depagterinterieurs.nl\/fr\/collection\/"},{"@type":"ListItem","position":3,"name":"Banc \u00e0 manger Diego Oval 280 CM"}]},{"@type":"WebSite","@id":"https:\/\/depagterinterieurs.nl\/fr\/#website","url":"https:\/\/depagterinterieurs.nl\/fr\/","name":"De Pagter Interieurs","description":"Woonwinkels in Middelburg - Domburg - Veere","potentialAction":[{"@type":"SearchAction","target":{"@type":"EntryPoint","urlTemplate":"https:\/\/depagterinterieurs.nl\/fr\/?s={search_term_string}"},"query-input":{"@type":"PropertyValueSpecification","valueRequired":true,"valueName":"search_term_string"}}],"inLanguage":"fr-FR"}]}},"_links":{"self":[{"href":"https:\/\/depagterinterieurs.nl\/fr\/wp-json\/wp\/v2\/product\/156247","targetHints":{"allow":["GET"]}}],"collection":[{"href":"https:\/\/depagterinterieurs.nl\/fr\/wp-json\/wp\/v2\/product"}],"about":[{"href":"https:\/\/depagterinterieurs.nl\/fr\/wp-json\/wp\/v2\/types\/product"}],"wp:featuredmedia":[{"embeddable":true,"href":"https:\/\/depagterinterieurs.nl\/fr\/wp-json\/wp\/v2\/media\/156234"}],"wp:attachment":[{"href":"https:\/\/depagterinterieurs.nl\/fr\/wp-json\/wp\/v2\/media?parent=156247"}],"wp:term":[{"taxonomy":"product_brand","embeddable":true,"href":"https:\/\/depagterinterieurs.nl\/fr\/wp-json\/wp\/v2\/product_brand?post=156247"},{"taxonomy":"product_cat","embeddable":true,"href":"https:\/\/depagterinterieurs.nl\/fr\/wp-json\/wp\/v2\/product_cat?post=156247"},{"taxonomy":"product_tag","embeddable":true,"href":"https:\/\/depagterinterieurs.nl\/fr\/wp-json\/wp\/v2\/product_tag?post=156247"}],"curies":[{"name":"wp","href":"https:\/\/api.w.org\/{rel}","templated":true}]}}