{"id":158375,"date":"2025-07-02T14:06:25","date_gmt":"2025-07-02T13:06:25","guid":{"rendered":"https:\/\/depagterinterieurs.nl\/?post_type=product&#038;p=158375"},"modified":"2026-04-02T12:24:12","modified_gmt":"2026-04-02T11:24:12","slug":"table-monza-noir-150cm-kopie","status":"publish","type":"product","link":"https:\/\/depagterinterieurs.nl\/fr\/collectie\/tables-fr\/tables-a-manger\/table-monza-noir-150cm-kopie\/","title":{"rendered":"Table Monza Noir 150CM"},"content":{"rendered":"","protected":false},"excerpt":{"rendered":"<p>Table ronde \u00ab Monza \u00bb, avec un pied d\u00e9coratif en bois, en vieux bois de pin. Le pied et le c\u00f4t\u00e9 du plateau sont finis en noir, mais la table est \u00e9galement enti\u00e8rement disponible dans une couleur claire. <\/p>\n<p>Disponible en stock dans cette taille. Dans d\u2019autres aspects, la table a un d\u00e9lai de livraison d\u2019environ 5 mois. <\/p>\n<p><strong>Attention: actuellement en rupture de stock. Disponible \u00e0 partir d\u2019environ ao\u00fbt 2026.<\/strong><\/p>\n","protected":false},"featured_media":131915,"template":"","meta":[],"product_brand":[],"product_cat":[1072,1042,1048,1063,1065],"product_tag":[],"class_list":{"0":"post-158375","1":"product","2":"type-product","3":"status-publish","4":"has-post-thumbnail","6":"product_cat-de-pagter-interieurs-fr","7":"product_cat-marques","8":"product_cat-orme-vieux-pin","9":"product_cat-tables-fr","10":"product_cat-tables-a-manger","12":"first","13":"instock","14":"shipping-taxable","15":"purchasable","16":"product-type-simple"},"yoast_head":"<!-- This site is optimized with the Yoast SEO plugin v27.3 - https:\/\/yoast.com\/product\/yoast-seo-wordpress\/ -->\n<title>Table Monza Noir 150CM - De Pagter Interieurs<\/title>\n<meta name=\"description\" content=\"Table ronde \u00ab Monza \u00bb, avec un pied d\u00e9coratif en bois, en vieux bois de pin. Le pied et le c\u00f4t\u00e9 du plateau sont finis en noir, mais la table est \u00e9galement enti\u00e8rement disponible dans une couleur claire.\" \/>\n<meta name=\"robots\" content=\"index, follow, max-snippet:-1, max-image-preview:large, max-video-preview:-1\" \/>\n<link rel=\"canonical\" href=\"https:\/\/depagterinterieurs.nl\/fr\/collectie\/tables-fr\/tables-a-manger\/table-monza-noir-150cm-kopie\/\" \/>\n<meta property=\"og:locale\" content=\"fr_FR\" \/>\n<meta property=\"og:type\" content=\"article\" \/>\n<meta property=\"og:title\" content=\"Table Monza Noir 150CM - De Pagter Interieurs\" \/>\n<meta property=\"og:description\" content=\"Table ronde \u00ab Monza \u00bb, avec un pied d\u00e9coratif en bois, en vieux bois de pin. Le pied et le c\u00f4t\u00e9 du plateau sont finis en noir, mais la table est \u00e9galement enti\u00e8rement disponible dans une couleur claire.\" \/>\n<meta property=\"og:url\" content=\"https:\/\/depagterinterieurs.nl\/fr\/collectie\/tables-fr\/tables-a-manger\/table-monza-noir-150cm-kopie\/\" \/>\n<meta property=\"og:site_name\" content=\"De Pagter Interieurs\" \/>\n<meta property=\"article:publisher\" content=\"https:\/\/www.facebook.com\/depagterinterieurs\/\" \/>\n<meta property=\"article:modified_time\" content=\"2026-04-02T11:24:12+00:00\" \/>\n<meta property=\"og:image\" content=\"https:\/\/depagterinterieurs.nl\/wp-content\/uploads\/2024\/11\/IMG_1714.jpeg\" \/>\n\t<meta property=\"og:image:width\" content=\"1024\" \/>\n\t<meta property=\"og:image:height\" content=\"768\" \/>\n\t<meta property=\"og:image:type\" content=\"image\/jpeg\" \/>\n<meta name=\"twitter:card\" content=\"summary_large_image\" \/>\n<script type=\"application\/ld+json\" class=\"yoast-schema-graph\">{\"@context\":\"https:\\\/\\\/schema.org\",\"@graph\":[{\"@type\":\"WebPage\",\"@id\":\"https:\\\/\\\/depagterinterieurs.nl\\\/fr\\\/collectie\\\/tables-fr\\\/tables-a-manger\\\/table-monza-noir-150cm-kopie\\\/\",\"url\":\"https:\\\/\\\/depagterinterieurs.nl\\\/fr\\\/collectie\\\/tables-fr\\\/tables-a-manger\\\/table-monza-noir-150cm-kopie\\\/\",\"name\":\"Table Monza Noir 150CM - De Pagter Interieurs\",\"isPartOf\":{\"@id\":\"https:\\\/\\\/depagterinterieurs.nl\\\/fr\\\/#website\"},\"primaryImageOfPage\":{\"@id\":\"https:\\\/\\\/depagterinterieurs.nl\\\/fr\\\/collectie\\\/tables-fr\\\/tables-a-manger\\\/table-monza-noir-150cm-kopie\\\/#primaryimage\"},\"image\":{\"@id\":\"https:\\\/\\\/depagterinterieurs.nl\\\/fr\\\/collectie\\\/tables-fr\\\/tables-a-manger\\\/table-monza-noir-150cm-kopie\\\/#primaryimage\"},\"thumbnailUrl\":\"https:\\\/\\\/depagterinterieurs.nl\\\/wp-content\\\/uploads\\\/2024\\\/11\\\/IMG_1714.jpeg\",\"datePublished\":\"2025-07-02T13:06:25+00:00\",\"dateModified\":\"2026-04-02T11:24:12+00:00\",\"description\":\"Table ronde \u00ab Monza \u00bb, avec un pied d\u00e9coratif en bois, en vieux bois de pin. Le pied et le c\u00f4t\u00e9 du plateau sont finis en noir, mais la table est \u00e9galement enti\u00e8rement disponible dans une couleur claire.\",\"breadcrumb\":{\"@id\":\"https:\\\/\\\/depagterinterieurs.nl\\\/fr\\\/collectie\\\/tables-fr\\\/tables-a-manger\\\/table-monza-noir-150cm-kopie\\\/#breadcrumb\"},\"inLanguage\":\"fr-FR\",\"potentialAction\":[{\"@type\":\"ReadAction\",\"target\":[\"https:\\\/\\\/depagterinterieurs.nl\\\/fr\\\/collectie\\\/tables-fr\\\/tables-a-manger\\\/table-monza-noir-150cm-kopie\\\/\"]}]},{\"@type\":\"ImageObject\",\"inLanguage\":\"fr-FR\",\"@id\":\"https:\\\/\\\/depagterinterieurs.nl\\\/fr\\\/collectie\\\/tables-fr\\\/tables-a-manger\\\/table-monza-noir-150cm-kopie\\\/#primaryimage\",\"url\":\"https:\\\/\\\/depagterinterieurs.nl\\\/wp-content\\\/uploads\\\/2024\\\/11\\\/IMG_1714.jpeg\",\"contentUrl\":\"https:\\\/\\\/depagterinterieurs.nl\\\/wp-content\\\/uploads\\\/2024\\\/11\\\/IMG_1714.jpeg\",\"width\":1024,\"height\":768},{\"@type\":\"BreadcrumbList\",\"@id\":\"https:\\\/\\\/depagterinterieurs.nl\\\/fr\\\/collectie\\\/tables-fr\\\/tables-a-manger\\\/table-monza-noir-150cm-kopie\\\/#breadcrumb\",\"itemListElement\":[{\"@type\":\"ListItem\",\"position\":1,\"name\":\"Home\",\"item\":\"https:\\\/\\\/depagterinterieurs.nl\\\/fr\\\/domicile\\\/\"},{\"@type\":\"ListItem\",\"position\":2,\"name\":\"Collection\",\"item\":\"https:\\\/\\\/depagterinterieurs.nl\\\/fr\\\/collection\\\/\"},{\"@type\":\"ListItem\",\"position\":3,\"name\":\"Table Monza Noir 150CM\"}]},{\"@type\":\"WebSite\",\"@id\":\"https:\\\/\\\/depagterinterieurs.nl\\\/fr\\\/#website\",\"url\":\"https:\\\/\\\/depagterinterieurs.nl\\\/fr\\\/\",\"name\":\"De Pagter Interieurs\",\"description\":\"Woonwinkels in Middelburg - Domburg - Veere\",\"potentialAction\":[{\"@type\":\"SearchAction\",\"target\":{\"@type\":\"EntryPoint\",\"urlTemplate\":\"https:\\\/\\\/depagterinterieurs.nl\\\/fr\\\/?s={search_term_string}\"},\"query-input\":{\"@type\":\"PropertyValueSpecification\",\"valueRequired\":true,\"valueName\":\"search_term_string\"}}],\"inLanguage\":\"fr-FR\"}]}<\/script>\n<!-- \/ Yoast SEO plugin. -->","yoast_head_json":{"title":"Table Monza Noir 150CM - De Pagter Interieurs","description":"Table ronde \u00ab Monza \u00bb, avec un pied d\u00e9coratif en bois, en vieux bois de pin. Le pied et le c\u00f4t\u00e9 du plateau sont finis en noir, mais la table est \u00e9galement enti\u00e8rement disponible dans une couleur claire.","robots":{"index":"index","follow":"follow","max-snippet":"max-snippet:-1","max-image-preview":"max-image-preview:large","max-video-preview":"max-video-preview:-1"},"canonical":"https:\/\/depagterinterieurs.nl\/fr\/collectie\/tables-fr\/tables-a-manger\/table-monza-noir-150cm-kopie\/","og_locale":"fr_FR","og_type":"article","og_title":"Table Monza Noir 150CM - De Pagter Interieurs","og_description":"Table ronde \u00ab Monza \u00bb, avec un pied d\u00e9coratif en bois, en vieux bois de pin. Le pied et le c\u00f4t\u00e9 du plateau sont finis en noir, mais la table est \u00e9galement enti\u00e8rement disponible dans une couleur claire.","og_url":"https:\/\/depagterinterieurs.nl\/fr\/collectie\/tables-fr\/tables-a-manger\/table-monza-noir-150cm-kopie\/","og_site_name":"De Pagter Interieurs","article_publisher":"https:\/\/www.facebook.com\/depagterinterieurs\/","article_modified_time":"2026-04-02T11:24:12+00:00","og_image":[{"width":1024,"height":768,"url":"https:\/\/depagterinterieurs.nl\/wp-content\/uploads\/2024\/11\/IMG_1714.jpeg","type":"image\/jpeg"}],"twitter_card":"summary_large_image","schema":{"@context":"https:\/\/schema.org","@graph":[{"@type":"WebPage","@id":"https:\/\/depagterinterieurs.nl\/fr\/collectie\/tables-fr\/tables-a-manger\/table-monza-noir-150cm-kopie\/","url":"https:\/\/depagterinterieurs.nl\/fr\/collectie\/tables-fr\/tables-a-manger\/table-monza-noir-150cm-kopie\/","name":"Table Monza Noir 150CM - De Pagter Interieurs","isPartOf":{"@id":"https:\/\/depagterinterieurs.nl\/fr\/#website"},"primaryImageOfPage":{"@id":"https:\/\/depagterinterieurs.nl\/fr\/collectie\/tables-fr\/tables-a-manger\/table-monza-noir-150cm-kopie\/#primaryimage"},"image":{"@id":"https:\/\/depagterinterieurs.nl\/fr\/collectie\/tables-fr\/tables-a-manger\/table-monza-noir-150cm-kopie\/#primaryimage"},"thumbnailUrl":"https:\/\/depagterinterieurs.nl\/wp-content\/uploads\/2024\/11\/IMG_1714.jpeg","datePublished":"2025-07-02T13:06:25+00:00","dateModified":"2026-04-02T11:24:12+00:00","description":"Table ronde \u00ab Monza \u00bb, avec un pied d\u00e9coratif en bois, en vieux bois de pin. Le pied et le c\u00f4t\u00e9 du plateau sont finis en noir, mais la table est \u00e9galement enti\u00e8rement disponible dans une couleur claire.","breadcrumb":{"@id":"https:\/\/depagterinterieurs.nl\/fr\/collectie\/tables-fr\/tables-a-manger\/table-monza-noir-150cm-kopie\/#breadcrumb"},"inLanguage":"fr-FR","potentialAction":[{"@type":"ReadAction","target":["https:\/\/depagterinterieurs.nl\/fr\/collectie\/tables-fr\/tables-a-manger\/table-monza-noir-150cm-kopie\/"]}]},{"@type":"ImageObject","inLanguage":"fr-FR","@id":"https:\/\/depagterinterieurs.nl\/fr\/collectie\/tables-fr\/tables-a-manger\/table-monza-noir-150cm-kopie\/#primaryimage","url":"https:\/\/depagterinterieurs.nl\/wp-content\/uploads\/2024\/11\/IMG_1714.jpeg","contentUrl":"https:\/\/depagterinterieurs.nl\/wp-content\/uploads\/2024\/11\/IMG_1714.jpeg","width":1024,"height":768},{"@type":"BreadcrumbList","@id":"https:\/\/depagterinterieurs.nl\/fr\/collectie\/tables-fr\/tables-a-manger\/table-monza-noir-150cm-kopie\/#breadcrumb","itemListElement":[{"@type":"ListItem","position":1,"name":"Home","item":"https:\/\/depagterinterieurs.nl\/fr\/domicile\/"},{"@type":"ListItem","position":2,"name":"Collection","item":"https:\/\/depagterinterieurs.nl\/fr\/collection\/"},{"@type":"ListItem","position":3,"name":"Table Monza Noir 150CM"}]},{"@type":"WebSite","@id":"https:\/\/depagterinterieurs.nl\/fr\/#website","url":"https:\/\/depagterinterieurs.nl\/fr\/","name":"De Pagter Interieurs","description":"Woonwinkels in Middelburg - Domburg - Veere","potentialAction":[{"@type":"SearchAction","target":{"@type":"EntryPoint","urlTemplate":"https:\/\/depagterinterieurs.nl\/fr\/?s={search_term_string}"},"query-input":{"@type":"PropertyValueSpecification","valueRequired":true,"valueName":"search_term_string"}}],"inLanguage":"fr-FR"}]}},"_links":{"self":[{"href":"https:\/\/depagterinterieurs.nl\/fr\/wp-json\/wp\/v2\/product\/158375","targetHints":{"allow":["GET"]}}],"collection":[{"href":"https:\/\/depagterinterieurs.nl\/fr\/wp-json\/wp\/v2\/product"}],"about":[{"href":"https:\/\/depagterinterieurs.nl\/fr\/wp-json\/wp\/v2\/types\/product"}],"wp:featuredmedia":[{"embeddable":true,"href":"https:\/\/depagterinterieurs.nl\/fr\/wp-json\/wp\/v2\/media\/131915"}],"wp:attachment":[{"href":"https:\/\/depagterinterieurs.nl\/fr\/wp-json\/wp\/v2\/media?parent=158375"}],"wp:term":[{"taxonomy":"product_brand","embeddable":true,"href":"https:\/\/depagterinterieurs.nl\/fr\/wp-json\/wp\/v2\/product_brand?post=158375"},{"taxonomy":"product_cat","embeddable":true,"href":"https:\/\/depagterinterieurs.nl\/fr\/wp-json\/wp\/v2\/product_cat?post=158375"},{"taxonomy":"product_tag","embeddable":true,"href":"https:\/\/depagterinterieurs.nl\/fr\/wp-json\/wp\/v2\/product_tag?post=158375"}],"curies":[{"name":"wp","href":"https:\/\/api.w.org\/{rel}","templated":true}]}}