{"id":163961,"date":"2025-08-05T14:52:00","date_gmt":"2025-08-05T13:52:00","guid":{"rendered":"https:\/\/depagterinterieurs.nl\/collectie\/uncategorized\/fauteuil-ibiza\/"},"modified":"2025-09-03T11:54:44","modified_gmt":"2025-09-03T10:54:44","slug":"fauteuil-ibiza","status":"publish","type":"product","link":"https:\/\/depagterinterieurs.nl\/fr\/collectie\/marques\/de-pagter-interieurs-fr\/fauteuil-ibiza\/","title":{"rendered":"Fauteuil Ibiza"},"content":{"rendered":"","protected":false},"excerpt":{"rendered":"<p>Fauteuil &#8216;Ibiza&#8217;, compos\u00e9 d\u2019un cadre en bois d\u2019orme grossier et d\u2019un coussin d\u2019assise et de dossier en tissu blanc.<\/p>\n<p>Uniquement disponible dans cette couleur. \u00c9galement disponible en tant que banc d\u2019une largeur de 220 centim\u00e8tres. <\/p>\n<p><strong>Attention: actuellement en rupture de stock. Disponible \u00e0 nouveau \u00e0 partir de f\u00e9vrier 2026 environ.<\/strong><\/p>\n","protected":false},"featured_media":163942,"template":"","meta":[],"product_brand":[],"product_cat":[1040,1072,1041,1042,1048],"product_tag":[],"class_list":{"0":"post-163961","1":"product","2":"type-product","3":"status-publish","4":"has-post-thumbnail","6":"product_cat-canapes-fauteuils","7":"product_cat-de-pagter-interieurs-fr","8":"product_cat-fauteuils-fr","9":"product_cat-marques","10":"product_cat-orme-vieux-pin","12":"first","13":"instock","14":"shipping-taxable","15":"purchasable","16":"product-type-simple"},"yoast_head":"<!-- This site is optimized with the Yoast SEO plugin v27.3 - https:\/\/yoast.com\/product\/yoast-seo-wordpress\/ -->\n<title>Fauteuil Ibiza - De Pagter Interieurs<\/title>\n<meta name=\"description\" content=\"Fauteuil &#039;Ibiza&#039;, compos\u00e9 d\u2019un cadre en bois d\u2019orme grossier et d\u2019un coussin d\u2019assise et de dossier en tissu blanc. Uniquement disponible dans cette couleur. \u00c9galement disponible en tant que banc d\u2019une largeur de 220 centim\u00e8tres.\" \/>\n<meta name=\"robots\" content=\"index, follow, max-snippet:-1, max-image-preview:large, max-video-preview:-1\" \/>\n<link rel=\"canonical\" href=\"https:\/\/depagterinterieurs.nl\/fr\/collectie\/marques\/de-pagter-interieurs-fr\/fauteuil-ibiza\/\" \/>\n<meta property=\"og:locale\" content=\"fr_FR\" \/>\n<meta property=\"og:type\" content=\"article\" \/>\n<meta property=\"og:title\" content=\"Fauteuil Ibiza - De Pagter Interieurs\" \/>\n<meta property=\"og:description\" content=\"Fauteuil &#039;Ibiza&#039;, compos\u00e9 d\u2019un cadre en bois d\u2019orme grossier et d\u2019un coussin d\u2019assise et de dossier en tissu blanc. Uniquement disponible dans cette couleur. \u00c9galement disponible en tant que banc d\u2019une largeur de 220 centim\u00e8tres.\" \/>\n<meta property=\"og:url\" content=\"https:\/\/depagterinterieurs.nl\/fr\/collectie\/marques\/de-pagter-interieurs-fr\/fauteuil-ibiza\/\" \/>\n<meta property=\"og:site_name\" content=\"De Pagter Interieurs\" \/>\n<meta property=\"article:publisher\" content=\"https:\/\/www.facebook.com\/depagterinterieurs\/\" \/>\n<meta property=\"article:modified_time\" content=\"2025-09-03T10:54:44+00:00\" \/>\n<meta property=\"og:image\" content=\"https:\/\/depagterinterieurs.nl\/wp-content\/uploads\/2025\/08\/IMG_8475.jpeg\" \/>\n\t<meta property=\"og:image:width\" content=\"1024\" \/>\n\t<meta property=\"og:image:height\" content=\"768\" \/>\n\t<meta property=\"og:image:type\" content=\"image\/jpeg\" \/>\n<meta name=\"twitter:card\" content=\"summary_large_image\" \/>\n<script type=\"application\/ld+json\" class=\"yoast-schema-graph\">{\"@context\":\"https:\\\/\\\/schema.org\",\"@graph\":[{\"@type\":\"WebPage\",\"@id\":\"https:\\\/\\\/depagterinterieurs.nl\\\/fr\\\/collectie\\\/marques\\\/de-pagter-interieurs-fr\\\/fauteuil-ibiza\\\/\",\"url\":\"https:\\\/\\\/depagterinterieurs.nl\\\/fr\\\/collectie\\\/marques\\\/de-pagter-interieurs-fr\\\/fauteuil-ibiza\\\/\",\"name\":\"Fauteuil Ibiza - De Pagter Interieurs\",\"isPartOf\":{\"@id\":\"https:\\\/\\\/depagterinterieurs.nl\\\/fr\\\/#website\"},\"primaryImageOfPage\":{\"@id\":\"https:\\\/\\\/depagterinterieurs.nl\\\/fr\\\/collectie\\\/marques\\\/de-pagter-interieurs-fr\\\/fauteuil-ibiza\\\/#primaryimage\"},\"image\":{\"@id\":\"https:\\\/\\\/depagterinterieurs.nl\\\/fr\\\/collectie\\\/marques\\\/de-pagter-interieurs-fr\\\/fauteuil-ibiza\\\/#primaryimage\"},\"thumbnailUrl\":\"https:\\\/\\\/depagterinterieurs.nl\\\/wp-content\\\/uploads\\\/2025\\\/08\\\/IMG_8475.jpeg\",\"datePublished\":\"2025-08-05T13:52:00+00:00\",\"dateModified\":\"2025-09-03T10:54:44+00:00\",\"description\":\"Fauteuil 'Ibiza', compos\u00e9 d\u2019un cadre en bois d\u2019orme grossier et d\u2019un coussin d\u2019assise et de dossier en tissu blanc. Uniquement disponible dans cette couleur. \u00c9galement disponible en tant que banc d\u2019une largeur de 220 centim\u00e8tres.\",\"breadcrumb\":{\"@id\":\"https:\\\/\\\/depagterinterieurs.nl\\\/fr\\\/collectie\\\/marques\\\/de-pagter-interieurs-fr\\\/fauteuil-ibiza\\\/#breadcrumb\"},\"inLanguage\":\"fr-FR\",\"potentialAction\":[{\"@type\":\"ReadAction\",\"target\":[\"https:\\\/\\\/depagterinterieurs.nl\\\/fr\\\/collectie\\\/marques\\\/de-pagter-interieurs-fr\\\/fauteuil-ibiza\\\/\"]}]},{\"@type\":\"ImageObject\",\"inLanguage\":\"fr-FR\",\"@id\":\"https:\\\/\\\/depagterinterieurs.nl\\\/fr\\\/collectie\\\/marques\\\/de-pagter-interieurs-fr\\\/fauteuil-ibiza\\\/#primaryimage\",\"url\":\"https:\\\/\\\/depagterinterieurs.nl\\\/wp-content\\\/uploads\\\/2025\\\/08\\\/IMG_8475.jpeg\",\"contentUrl\":\"https:\\\/\\\/depagterinterieurs.nl\\\/wp-content\\\/uploads\\\/2025\\\/08\\\/IMG_8475.jpeg\",\"width\":1024,\"height\":768},{\"@type\":\"BreadcrumbList\",\"@id\":\"https:\\\/\\\/depagterinterieurs.nl\\\/fr\\\/collectie\\\/marques\\\/de-pagter-interieurs-fr\\\/fauteuil-ibiza\\\/#breadcrumb\",\"itemListElement\":[{\"@type\":\"ListItem\",\"position\":1,\"name\":\"Home\",\"item\":\"https:\\\/\\\/depagterinterieurs.nl\\\/fr\\\/domicile\\\/\"},{\"@type\":\"ListItem\",\"position\":2,\"name\":\"Collection\",\"item\":\"https:\\\/\\\/depagterinterieurs.nl\\\/fr\\\/collection\\\/\"},{\"@type\":\"ListItem\",\"position\":3,\"name\":\"Fauteuil Ibiza\"}]},{\"@type\":\"WebSite\",\"@id\":\"https:\\\/\\\/depagterinterieurs.nl\\\/fr\\\/#website\",\"url\":\"https:\\\/\\\/depagterinterieurs.nl\\\/fr\\\/\",\"name\":\"De Pagter Interieurs\",\"description\":\"Woonwinkels in Middelburg - Domburg - Veere\",\"potentialAction\":[{\"@type\":\"SearchAction\",\"target\":{\"@type\":\"EntryPoint\",\"urlTemplate\":\"https:\\\/\\\/depagterinterieurs.nl\\\/fr\\\/?s={search_term_string}\"},\"query-input\":{\"@type\":\"PropertyValueSpecification\",\"valueRequired\":true,\"valueName\":\"search_term_string\"}}],\"inLanguage\":\"fr-FR\"}]}<\/script>\n<!-- \/ Yoast SEO plugin. -->","yoast_head_json":{"title":"Fauteuil Ibiza - De Pagter Interieurs","description":"Fauteuil 'Ibiza', compos\u00e9 d\u2019un cadre en bois d\u2019orme grossier et d\u2019un coussin d\u2019assise et de dossier en tissu blanc. Uniquement disponible dans cette couleur. \u00c9galement disponible en tant que banc d\u2019une largeur de 220 centim\u00e8tres.","robots":{"index":"index","follow":"follow","max-snippet":"max-snippet:-1","max-image-preview":"max-image-preview:large","max-video-preview":"max-video-preview:-1"},"canonical":"https:\/\/depagterinterieurs.nl\/fr\/collectie\/marques\/de-pagter-interieurs-fr\/fauteuil-ibiza\/","og_locale":"fr_FR","og_type":"article","og_title":"Fauteuil Ibiza - De Pagter Interieurs","og_description":"Fauteuil 'Ibiza', compos\u00e9 d\u2019un cadre en bois d\u2019orme grossier et d\u2019un coussin d\u2019assise et de dossier en tissu blanc. Uniquement disponible dans cette couleur. \u00c9galement disponible en tant que banc d\u2019une largeur de 220 centim\u00e8tres.","og_url":"https:\/\/depagterinterieurs.nl\/fr\/collectie\/marques\/de-pagter-interieurs-fr\/fauteuil-ibiza\/","og_site_name":"De Pagter Interieurs","article_publisher":"https:\/\/www.facebook.com\/depagterinterieurs\/","article_modified_time":"2025-09-03T10:54:44+00:00","og_image":[{"width":1024,"height":768,"url":"https:\/\/depagterinterieurs.nl\/wp-content\/uploads\/2025\/08\/IMG_8475.jpeg","type":"image\/jpeg"}],"twitter_card":"summary_large_image","schema":{"@context":"https:\/\/schema.org","@graph":[{"@type":"WebPage","@id":"https:\/\/depagterinterieurs.nl\/fr\/collectie\/marques\/de-pagter-interieurs-fr\/fauteuil-ibiza\/","url":"https:\/\/depagterinterieurs.nl\/fr\/collectie\/marques\/de-pagter-interieurs-fr\/fauteuil-ibiza\/","name":"Fauteuil Ibiza - De Pagter Interieurs","isPartOf":{"@id":"https:\/\/depagterinterieurs.nl\/fr\/#website"},"primaryImageOfPage":{"@id":"https:\/\/depagterinterieurs.nl\/fr\/collectie\/marques\/de-pagter-interieurs-fr\/fauteuil-ibiza\/#primaryimage"},"image":{"@id":"https:\/\/depagterinterieurs.nl\/fr\/collectie\/marques\/de-pagter-interieurs-fr\/fauteuil-ibiza\/#primaryimage"},"thumbnailUrl":"https:\/\/depagterinterieurs.nl\/wp-content\/uploads\/2025\/08\/IMG_8475.jpeg","datePublished":"2025-08-05T13:52:00+00:00","dateModified":"2025-09-03T10:54:44+00:00","description":"Fauteuil 'Ibiza', compos\u00e9 d\u2019un cadre en bois d\u2019orme grossier et d\u2019un coussin d\u2019assise et de dossier en tissu blanc. Uniquement disponible dans cette couleur. \u00c9galement disponible en tant que banc d\u2019une largeur de 220 centim\u00e8tres.","breadcrumb":{"@id":"https:\/\/depagterinterieurs.nl\/fr\/collectie\/marques\/de-pagter-interieurs-fr\/fauteuil-ibiza\/#breadcrumb"},"inLanguage":"fr-FR","potentialAction":[{"@type":"ReadAction","target":["https:\/\/depagterinterieurs.nl\/fr\/collectie\/marques\/de-pagter-interieurs-fr\/fauteuil-ibiza\/"]}]},{"@type":"ImageObject","inLanguage":"fr-FR","@id":"https:\/\/depagterinterieurs.nl\/fr\/collectie\/marques\/de-pagter-interieurs-fr\/fauteuil-ibiza\/#primaryimage","url":"https:\/\/depagterinterieurs.nl\/wp-content\/uploads\/2025\/08\/IMG_8475.jpeg","contentUrl":"https:\/\/depagterinterieurs.nl\/wp-content\/uploads\/2025\/08\/IMG_8475.jpeg","width":1024,"height":768},{"@type":"BreadcrumbList","@id":"https:\/\/depagterinterieurs.nl\/fr\/collectie\/marques\/de-pagter-interieurs-fr\/fauteuil-ibiza\/#breadcrumb","itemListElement":[{"@type":"ListItem","position":1,"name":"Home","item":"https:\/\/depagterinterieurs.nl\/fr\/domicile\/"},{"@type":"ListItem","position":2,"name":"Collection","item":"https:\/\/depagterinterieurs.nl\/fr\/collection\/"},{"@type":"ListItem","position":3,"name":"Fauteuil Ibiza"}]},{"@type":"WebSite","@id":"https:\/\/depagterinterieurs.nl\/fr\/#website","url":"https:\/\/depagterinterieurs.nl\/fr\/","name":"De Pagter Interieurs","description":"Woonwinkels in Middelburg - Domburg - Veere","potentialAction":[{"@type":"SearchAction","target":{"@type":"EntryPoint","urlTemplate":"https:\/\/depagterinterieurs.nl\/fr\/?s={search_term_string}"},"query-input":{"@type":"PropertyValueSpecification","valueRequired":true,"valueName":"search_term_string"}}],"inLanguage":"fr-FR"}]}},"_links":{"self":[{"href":"https:\/\/depagterinterieurs.nl\/fr\/wp-json\/wp\/v2\/product\/163961","targetHints":{"allow":["GET"]}}],"collection":[{"href":"https:\/\/depagterinterieurs.nl\/fr\/wp-json\/wp\/v2\/product"}],"about":[{"href":"https:\/\/depagterinterieurs.nl\/fr\/wp-json\/wp\/v2\/types\/product"}],"wp:featuredmedia":[{"embeddable":true,"href":"https:\/\/depagterinterieurs.nl\/fr\/wp-json\/wp\/v2\/media\/163942"}],"wp:attachment":[{"href":"https:\/\/depagterinterieurs.nl\/fr\/wp-json\/wp\/v2\/media?parent=163961"}],"wp:term":[{"taxonomy":"product_brand","embeddable":true,"href":"https:\/\/depagterinterieurs.nl\/fr\/wp-json\/wp\/v2\/product_brand?post=163961"},{"taxonomy":"product_cat","embeddable":true,"href":"https:\/\/depagterinterieurs.nl\/fr\/wp-json\/wp\/v2\/product_cat?post=163961"},{"taxonomy":"product_tag","embeddable":true,"href":"https:\/\/depagterinterieurs.nl\/fr\/wp-json\/wp\/v2\/product_tag?post=163961"}],"curies":[{"name":"wp","href":"https:\/\/api.w.org\/{rel}","templated":true}]}}