{"id":167083,"date":"2025-09-15T13:08:43","date_gmt":"2025-09-15T12:08:43","guid":{"rendered":"https:\/\/depagterinterieurs.nl\/collectie\/uncategorized\/table-basse-modena-pebble-b\/"},"modified":"2025-09-15T19:48:24","modified_gmt":"2025-09-15T18:48:24","slug":"table-basse-modena-pebble-b","status":"publish","type":"product","link":"https:\/\/depagterinterieurs.nl\/fr\/collectie\/consoles\/tables-basses\/table-basse-modena-pebble-b\/","title":{"rendered":"Table Basse Modena Pebble B"},"content":{"rendered":"","protected":false},"excerpt":{"rendered":"<p>La table basse Modena est fabriqu\u00e9e en bois de ch\u00eane, dans la couleur Forrest &amp; Night Glow et dans la forme&nbsp;: Pebble B.<br \/>\nLe plateau de table est soutenu par un pied en m\u00e9tal &#8216;Crowle&#8217; en noir<\/p>\n<p>Le prix est pour la table basse de 120x60CM.<br \/>\n<strong>La table basse de 100x50CM co\u00fbte 470 euros. <\/strong><\/p>\n<p>Voir toutes les possibilit\u00e9s pour les tables basses <a href=\"https:\/\/depagterinterieurs.nl\/wp-content\/uploads\/2025\/09\/EEPIC-Salontafels-1.pdf\"><strong>ici<\/strong><\/a> .<\/p>\n","protected":false},"featured_media":166906,"template":"","meta":[],"product_brand":[],"product_cat":[1067,1289,1042,1068],"product_tag":[],"class_list":{"0":"post-167083","1":"product","2":"type-product","3":"status-publish","4":"has-post-thumbnail","6":"product_cat-consoles","7":"product_cat-eppic-fr","8":"product_cat-marques","9":"product_cat-tables-basses","11":"first","12":"instock","13":"shipping-taxable","14":"purchasable","15":"product-type-simple"},"yoast_head":"<!-- This site is optimized with the Yoast SEO plugin v27.3 - https:\/\/yoast.com\/product\/yoast-seo-wordpress\/ -->\n<title>Table Basse Modena Pebble B - De Pagter Interieurs<\/title>\n<meta name=\"robots\" content=\"index, follow, max-snippet:-1, max-image-preview:large, max-video-preview:-1\" \/>\n<link rel=\"canonical\" href=\"https:\/\/depagterinterieurs.nl\/fr\/collectie\/consoles\/tables-basses\/table-basse-modena-pebble-b\/\" \/>\n<meta property=\"og:locale\" content=\"fr_FR\" \/>\n<meta property=\"og:type\" content=\"article\" \/>\n<meta property=\"og:title\" content=\"Table Basse Modena Pebble B - De Pagter Interieurs\" \/>\n<meta property=\"og:description\" content=\"La table basse Modena est fabriqu\u00e9e en bois de ch\u00eane, dans la couleur Forrest &amp; Night Glow et dans la forme&nbsp;: Pebble B. Le plateau de table est soutenu par un pied en m\u00e9tal &#039;Crowle&#039; en noir Le prix est pour la table basse de 120x60CM. La table basse de 100x50CM co\u00fbte 470 euros.  Voir toutes les possibilit\u00e9s pour les tables basses ici .\" \/>\n<meta property=\"og:url\" content=\"https:\/\/depagterinterieurs.nl\/fr\/collectie\/consoles\/tables-basses\/table-basse-modena-pebble-b\/\" \/>\n<meta property=\"og:site_name\" content=\"De Pagter Interieurs\" \/>\n<meta property=\"article:publisher\" content=\"https:\/\/www.facebook.com\/depagterinterieurs\/\" \/>\n<meta property=\"article:modified_time\" content=\"2025-09-15T18:48:24+00:00\" \/>\n<meta property=\"og:image\" content=\"https:\/\/depagterinterieurs.nl\/wp-content\/uploads\/2025\/09\/Salontafel-Modena-1.jpg\" \/>\n\t<meta property=\"og:image:width\" content=\"1024\" \/>\n\t<meta property=\"og:image:height\" content=\"768\" \/>\n\t<meta property=\"og:image:type\" content=\"image\/jpeg\" \/>\n<meta name=\"twitter:card\" content=\"summary_large_image\" \/>\n<script type=\"application\/ld+json\" class=\"yoast-schema-graph\">{\"@context\":\"https:\\\/\\\/schema.org\",\"@graph\":[{\"@type\":\"WebPage\",\"@id\":\"https:\\\/\\\/depagterinterieurs.nl\\\/fr\\\/collectie\\\/consoles\\\/tables-basses\\\/table-basse-modena-pebble-b\\\/\",\"url\":\"https:\\\/\\\/depagterinterieurs.nl\\\/fr\\\/collectie\\\/consoles\\\/tables-basses\\\/table-basse-modena-pebble-b\\\/\",\"name\":\"Table Basse Modena Pebble B - De Pagter Interieurs\",\"isPartOf\":{\"@id\":\"https:\\\/\\\/depagterinterieurs.nl\\\/fr\\\/#website\"},\"primaryImageOfPage\":{\"@id\":\"https:\\\/\\\/depagterinterieurs.nl\\\/fr\\\/collectie\\\/consoles\\\/tables-basses\\\/table-basse-modena-pebble-b\\\/#primaryimage\"},\"image\":{\"@id\":\"https:\\\/\\\/depagterinterieurs.nl\\\/fr\\\/collectie\\\/consoles\\\/tables-basses\\\/table-basse-modena-pebble-b\\\/#primaryimage\"},\"thumbnailUrl\":\"https:\\\/\\\/depagterinterieurs.nl\\\/wp-content\\\/uploads\\\/2025\\\/09\\\/Salontafel-Modena-1.jpg\",\"datePublished\":\"2025-09-15T12:08:43+00:00\",\"dateModified\":\"2025-09-15T18:48:24+00:00\",\"breadcrumb\":{\"@id\":\"https:\\\/\\\/depagterinterieurs.nl\\\/fr\\\/collectie\\\/consoles\\\/tables-basses\\\/table-basse-modena-pebble-b\\\/#breadcrumb\"},\"inLanguage\":\"fr-FR\",\"potentialAction\":[{\"@type\":\"ReadAction\",\"target\":[\"https:\\\/\\\/depagterinterieurs.nl\\\/fr\\\/collectie\\\/consoles\\\/tables-basses\\\/table-basse-modena-pebble-b\\\/\"]}]},{\"@type\":\"ImageObject\",\"inLanguage\":\"fr-FR\",\"@id\":\"https:\\\/\\\/depagterinterieurs.nl\\\/fr\\\/collectie\\\/consoles\\\/tables-basses\\\/table-basse-modena-pebble-b\\\/#primaryimage\",\"url\":\"https:\\\/\\\/depagterinterieurs.nl\\\/wp-content\\\/uploads\\\/2025\\\/09\\\/Salontafel-Modena-1.jpg\",\"contentUrl\":\"https:\\\/\\\/depagterinterieurs.nl\\\/wp-content\\\/uploads\\\/2025\\\/09\\\/Salontafel-Modena-1.jpg\",\"width\":1024,\"height\":768},{\"@type\":\"BreadcrumbList\",\"@id\":\"https:\\\/\\\/depagterinterieurs.nl\\\/fr\\\/collectie\\\/consoles\\\/tables-basses\\\/table-basse-modena-pebble-b\\\/#breadcrumb\",\"itemListElement\":[{\"@type\":\"ListItem\",\"position\":1,\"name\":\"Home\",\"item\":\"https:\\\/\\\/depagterinterieurs.nl\\\/fr\\\/domicile\\\/\"},{\"@type\":\"ListItem\",\"position\":2,\"name\":\"Collection\",\"item\":\"https:\\\/\\\/depagterinterieurs.nl\\\/fr\\\/collection\\\/\"},{\"@type\":\"ListItem\",\"position\":3,\"name\":\"Table Basse Modena Pebble B\"}]},{\"@type\":\"WebSite\",\"@id\":\"https:\\\/\\\/depagterinterieurs.nl\\\/fr\\\/#website\",\"url\":\"https:\\\/\\\/depagterinterieurs.nl\\\/fr\\\/\",\"name\":\"De Pagter Interieurs\",\"description\":\"Woonwinkels in Middelburg - Domburg - Veere\",\"potentialAction\":[{\"@type\":\"SearchAction\",\"target\":{\"@type\":\"EntryPoint\",\"urlTemplate\":\"https:\\\/\\\/depagterinterieurs.nl\\\/fr\\\/?s={search_term_string}\"},\"query-input\":{\"@type\":\"PropertyValueSpecification\",\"valueRequired\":true,\"valueName\":\"search_term_string\"}}],\"inLanguage\":\"fr-FR\"}]}<\/script>\n<!-- \/ Yoast SEO plugin. -->","yoast_head_json":{"title":"Table Basse Modena Pebble B - De Pagter Interieurs","robots":{"index":"index","follow":"follow","max-snippet":"max-snippet:-1","max-image-preview":"max-image-preview:large","max-video-preview":"max-video-preview:-1"},"canonical":"https:\/\/depagterinterieurs.nl\/fr\/collectie\/consoles\/tables-basses\/table-basse-modena-pebble-b\/","og_locale":"fr_FR","og_type":"article","og_title":"Table Basse Modena Pebble B - De Pagter Interieurs","og_description":"La table basse Modena est fabriqu\u00e9e en bois de ch\u00eane, dans la couleur Forrest &amp; Night Glow et dans la forme&nbsp;: Pebble B. Le plateau de table est soutenu par un pied en m\u00e9tal 'Crowle' en noir Le prix est pour la table basse de 120x60CM. La table basse de 100x50CM co\u00fbte 470 euros.  Voir toutes les possibilit\u00e9s pour les tables basses ici .","og_url":"https:\/\/depagterinterieurs.nl\/fr\/collectie\/consoles\/tables-basses\/table-basse-modena-pebble-b\/","og_site_name":"De Pagter Interieurs","article_publisher":"https:\/\/www.facebook.com\/depagterinterieurs\/","article_modified_time":"2025-09-15T18:48:24+00:00","og_image":[{"width":1024,"height":768,"url":"https:\/\/depagterinterieurs.nl\/wp-content\/uploads\/2025\/09\/Salontafel-Modena-1.jpg","type":"image\/jpeg"}],"twitter_card":"summary_large_image","schema":{"@context":"https:\/\/schema.org","@graph":[{"@type":"WebPage","@id":"https:\/\/depagterinterieurs.nl\/fr\/collectie\/consoles\/tables-basses\/table-basse-modena-pebble-b\/","url":"https:\/\/depagterinterieurs.nl\/fr\/collectie\/consoles\/tables-basses\/table-basse-modena-pebble-b\/","name":"Table Basse Modena Pebble B - De Pagter Interieurs","isPartOf":{"@id":"https:\/\/depagterinterieurs.nl\/fr\/#website"},"primaryImageOfPage":{"@id":"https:\/\/depagterinterieurs.nl\/fr\/collectie\/consoles\/tables-basses\/table-basse-modena-pebble-b\/#primaryimage"},"image":{"@id":"https:\/\/depagterinterieurs.nl\/fr\/collectie\/consoles\/tables-basses\/table-basse-modena-pebble-b\/#primaryimage"},"thumbnailUrl":"https:\/\/depagterinterieurs.nl\/wp-content\/uploads\/2025\/09\/Salontafel-Modena-1.jpg","datePublished":"2025-09-15T12:08:43+00:00","dateModified":"2025-09-15T18:48:24+00:00","breadcrumb":{"@id":"https:\/\/depagterinterieurs.nl\/fr\/collectie\/consoles\/tables-basses\/table-basse-modena-pebble-b\/#breadcrumb"},"inLanguage":"fr-FR","potentialAction":[{"@type":"ReadAction","target":["https:\/\/depagterinterieurs.nl\/fr\/collectie\/consoles\/tables-basses\/table-basse-modena-pebble-b\/"]}]},{"@type":"ImageObject","inLanguage":"fr-FR","@id":"https:\/\/depagterinterieurs.nl\/fr\/collectie\/consoles\/tables-basses\/table-basse-modena-pebble-b\/#primaryimage","url":"https:\/\/depagterinterieurs.nl\/wp-content\/uploads\/2025\/09\/Salontafel-Modena-1.jpg","contentUrl":"https:\/\/depagterinterieurs.nl\/wp-content\/uploads\/2025\/09\/Salontafel-Modena-1.jpg","width":1024,"height":768},{"@type":"BreadcrumbList","@id":"https:\/\/depagterinterieurs.nl\/fr\/collectie\/consoles\/tables-basses\/table-basse-modena-pebble-b\/#breadcrumb","itemListElement":[{"@type":"ListItem","position":1,"name":"Home","item":"https:\/\/depagterinterieurs.nl\/fr\/domicile\/"},{"@type":"ListItem","position":2,"name":"Collection","item":"https:\/\/depagterinterieurs.nl\/fr\/collection\/"},{"@type":"ListItem","position":3,"name":"Table Basse Modena Pebble B"}]},{"@type":"WebSite","@id":"https:\/\/depagterinterieurs.nl\/fr\/#website","url":"https:\/\/depagterinterieurs.nl\/fr\/","name":"De Pagter Interieurs","description":"Woonwinkels in Middelburg - Domburg - Veere","potentialAction":[{"@type":"SearchAction","target":{"@type":"EntryPoint","urlTemplate":"https:\/\/depagterinterieurs.nl\/fr\/?s={search_term_string}"},"query-input":{"@type":"PropertyValueSpecification","valueRequired":true,"valueName":"search_term_string"}}],"inLanguage":"fr-FR"}]}},"_links":{"self":[{"href":"https:\/\/depagterinterieurs.nl\/fr\/wp-json\/wp\/v2\/product\/167083","targetHints":{"allow":["GET"]}}],"collection":[{"href":"https:\/\/depagterinterieurs.nl\/fr\/wp-json\/wp\/v2\/product"}],"about":[{"href":"https:\/\/depagterinterieurs.nl\/fr\/wp-json\/wp\/v2\/types\/product"}],"wp:featuredmedia":[{"embeddable":true,"href":"https:\/\/depagterinterieurs.nl\/fr\/wp-json\/wp\/v2\/media\/166906"}],"wp:attachment":[{"href":"https:\/\/depagterinterieurs.nl\/fr\/wp-json\/wp\/v2\/media?parent=167083"}],"wp:term":[{"taxonomy":"product_brand","embeddable":true,"href":"https:\/\/depagterinterieurs.nl\/fr\/wp-json\/wp\/v2\/product_brand?post=167083"},{"taxonomy":"product_cat","embeddable":true,"href":"https:\/\/depagterinterieurs.nl\/fr\/wp-json\/wp\/v2\/product_cat?post=167083"},{"taxonomy":"product_tag","embeddable":true,"href":"https:\/\/depagterinterieurs.nl\/fr\/wp-json\/wp\/v2\/product_tag?post=167083"}],"curies":[{"name":"wp","href":"https:\/\/api.w.org\/{rel}","templated":true}]}}