{"id":168132,"date":"2025-09-25T15:03:05","date_gmt":"2025-09-25T14:03:05","guid":{"rendered":"https:\/\/depagterinterieurs.nl\/collectie\/uncategorized\/fauteuil-inclinable-mondher\/"},"modified":"2025-09-25T15:50:22","modified_gmt":"2025-09-25T14:50:22","slug":"fauteuil-inclinable-mondher","status":"publish","type":"product","link":"https:\/\/depagterinterieurs.nl\/fr\/collectie\/marques\/ds-meubel\/fauteuil-inclinable-mondher\/","title":{"rendered":"Fauteuil inclinable Mondher"},"content":{"rendered":"","protected":false},"excerpt":{"rendered":"<p>Fauteuil de luxe Mondher avec repose-pieds r\u00e9glable \u00e9lectriquement et dossier pouvant \u00eatre actionn\u00e9 \u00e0 l\u2019aide de boutons tactiles.<\/p>\n<p>Fabriqu\u00e9 en cuir : Kenya \u2013 Anthracite.<\/p>\n<p>Comprend une batterie int\u00e9gr\u00e9e, des coutures de couleur assortie et un disque de pied rond. Le prix est pour le mod\u00e8le illustr\u00e9.<\/p>\n<p>D\u00e9couvrez toutes les options <a href=\"https:\/\/depagterinterieurs.nl\/wp-content\/uploads\/2025\/06\/MONDHER-NL-BE-1-5-2025.pdf\"><strong>ici .<\/strong><\/a><\/p>\n","protected":false},"featured_media":126776,"template":"","meta":[],"product_brand":[],"product_cat":[1040,1074,1046,1042],"product_tag":[],"class_list":{"0":"post-168132","1":"product","2":"type-product","3":"status-publish","4":"has-post-thumbnail","6":"product_cat-canapes-fauteuils","7":"product_cat-ds-meubel","8":"product_cat-fauteuils-relax","9":"product_cat-marques","11":"first","12":"instock","13":"shipping-taxable","14":"purchasable","15":"product-type-simple"},"yoast_head":"<!-- This site is optimized with the Yoast SEO plugin v27.3 - https:\/\/yoast.com\/product\/yoast-seo-wordpress\/ -->\n<title>Fauteuil inclinable Mondher - De Pagter Interieurs<\/title>\n<meta name=\"description\" content=\"Fauteuil de luxe Mondher avec repose-pieds r\u00e9glable \u00e9lectriquement et dossier pouvant \u00eatre actionn\u00e9 \u00e0 l\u2019aide de boutons tactiles. Fabriqu\u00e9 en cuir : Kenya \u2013 Anthracite. Comprend une batterie int\u00e9gr\u00e9e, des coutures de couleur assortie et un disque de pied rond. Le prix est pour le mod\u00e8le illustr\u00e9. D\u00e9couvrez toutes les options ici .\" \/>\n<meta name=\"robots\" content=\"index, follow, max-snippet:-1, max-image-preview:large, max-video-preview:-1\" \/>\n<link rel=\"canonical\" href=\"https:\/\/depagterinterieurs.nl\/fr\/collectie\/marques\/ds-meubel\/fauteuil-inclinable-mondher\/\" \/>\n<meta property=\"og:locale\" content=\"fr_FR\" \/>\n<meta property=\"og:type\" content=\"article\" \/>\n<meta property=\"og:title\" content=\"Fauteuil inclinable Mondher - De Pagter Interieurs\" \/>\n<meta property=\"og:description\" content=\"Fauteuil de luxe Mondher avec repose-pieds r\u00e9glable \u00e9lectriquement et dossier pouvant \u00eatre actionn\u00e9 \u00e0 l\u2019aide de boutons tactiles. Fabriqu\u00e9 en cuir : Kenya \u2013 Anthracite. Comprend une batterie int\u00e9gr\u00e9e, des coutures de couleur assortie et un disque de pied rond. Le prix est pour le mod\u00e8le illustr\u00e9. D\u00e9couvrez toutes les options ici .\" \/>\n<meta property=\"og:url\" content=\"https:\/\/depagterinterieurs.nl\/fr\/collectie\/marques\/ds-meubel\/fauteuil-inclinable-mondher\/\" \/>\n<meta property=\"og:site_name\" content=\"De Pagter Interieurs\" \/>\n<meta property=\"article:publisher\" content=\"https:\/\/www.facebook.com\/depagterinterieurs\/\" \/>\n<meta property=\"article:modified_time\" content=\"2025-09-25T14:50:22+00:00\" \/>\n<meta property=\"og:image\" content=\"https:\/\/depagterinterieurs.nl\/wp-content\/uploads\/2023\/11\/Relaxfauteuil-Mondher-3-1-scaled.jpeg\" \/>\n\t<meta property=\"og:image:width\" content=\"2560\" \/>\n\t<meta property=\"og:image:height\" content=\"1920\" \/>\n\t<meta property=\"og:image:type\" content=\"image\/jpeg\" \/>\n<meta name=\"twitter:card\" content=\"summary_large_image\" \/>\n<script type=\"application\/ld+json\" class=\"yoast-schema-graph\">{\"@context\":\"https:\\\/\\\/schema.org\",\"@graph\":[{\"@type\":\"WebPage\",\"@id\":\"https:\\\/\\\/depagterinterieurs.nl\\\/fr\\\/collectie\\\/marques\\\/ds-meubel\\\/fauteuil-inclinable-mondher\\\/\",\"url\":\"https:\\\/\\\/depagterinterieurs.nl\\\/fr\\\/collectie\\\/marques\\\/ds-meubel\\\/fauteuil-inclinable-mondher\\\/\",\"name\":\"Fauteuil inclinable Mondher - De Pagter Interieurs\",\"isPartOf\":{\"@id\":\"https:\\\/\\\/depagterinterieurs.nl\\\/fr\\\/#website\"},\"primaryImageOfPage\":{\"@id\":\"https:\\\/\\\/depagterinterieurs.nl\\\/fr\\\/collectie\\\/marques\\\/ds-meubel\\\/fauteuil-inclinable-mondher\\\/#primaryimage\"},\"image\":{\"@id\":\"https:\\\/\\\/depagterinterieurs.nl\\\/fr\\\/collectie\\\/marques\\\/ds-meubel\\\/fauteuil-inclinable-mondher\\\/#primaryimage\"},\"thumbnailUrl\":\"https:\\\/\\\/depagterinterieurs.nl\\\/wp-content\\\/uploads\\\/2023\\\/11\\\/Relaxfauteuil-Mondher-3-1-scaled.jpeg\",\"datePublished\":\"2025-09-25T14:03:05+00:00\",\"dateModified\":\"2025-09-25T14:50:22+00:00\",\"description\":\"Fauteuil de luxe Mondher avec repose-pieds r\u00e9glable \u00e9lectriquement et dossier pouvant \u00eatre actionn\u00e9 \u00e0 l\u2019aide de boutons tactiles. Fabriqu\u00e9 en cuir : Kenya \u2013 Anthracite. Comprend une batterie int\u00e9gr\u00e9e, des coutures de couleur assortie et un disque de pied rond. Le prix est pour le mod\u00e8le illustr\u00e9. D\u00e9couvrez toutes les options ici .\",\"breadcrumb\":{\"@id\":\"https:\\\/\\\/depagterinterieurs.nl\\\/fr\\\/collectie\\\/marques\\\/ds-meubel\\\/fauteuil-inclinable-mondher\\\/#breadcrumb\"},\"inLanguage\":\"fr-FR\",\"potentialAction\":[{\"@type\":\"ReadAction\",\"target\":[\"https:\\\/\\\/depagterinterieurs.nl\\\/fr\\\/collectie\\\/marques\\\/ds-meubel\\\/fauteuil-inclinable-mondher\\\/\"]}]},{\"@type\":\"ImageObject\",\"inLanguage\":\"fr-FR\",\"@id\":\"https:\\\/\\\/depagterinterieurs.nl\\\/fr\\\/collectie\\\/marques\\\/ds-meubel\\\/fauteuil-inclinable-mondher\\\/#primaryimage\",\"url\":\"https:\\\/\\\/depagterinterieurs.nl\\\/wp-content\\\/uploads\\\/2023\\\/11\\\/Relaxfauteuil-Mondher-3-1-scaled.jpeg\",\"contentUrl\":\"https:\\\/\\\/depagterinterieurs.nl\\\/wp-content\\\/uploads\\\/2023\\\/11\\\/Relaxfauteuil-Mondher-3-1-scaled.jpeg\",\"width\":2560,\"height\":1920},{\"@type\":\"BreadcrumbList\",\"@id\":\"https:\\\/\\\/depagterinterieurs.nl\\\/fr\\\/collectie\\\/marques\\\/ds-meubel\\\/fauteuil-inclinable-mondher\\\/#breadcrumb\",\"itemListElement\":[{\"@type\":\"ListItem\",\"position\":1,\"name\":\"Home\",\"item\":\"https:\\\/\\\/depagterinterieurs.nl\\\/fr\\\/domicile\\\/\"},{\"@type\":\"ListItem\",\"position\":2,\"name\":\"Collection\",\"item\":\"https:\\\/\\\/depagterinterieurs.nl\\\/fr\\\/collection\\\/\"},{\"@type\":\"ListItem\",\"position\":3,\"name\":\"Fauteuil inclinable Mondher\"}]},{\"@type\":\"WebSite\",\"@id\":\"https:\\\/\\\/depagterinterieurs.nl\\\/fr\\\/#website\",\"url\":\"https:\\\/\\\/depagterinterieurs.nl\\\/fr\\\/\",\"name\":\"De Pagter Interieurs\",\"description\":\"Woonwinkels in Middelburg - Domburg - Veere\",\"potentialAction\":[{\"@type\":\"SearchAction\",\"target\":{\"@type\":\"EntryPoint\",\"urlTemplate\":\"https:\\\/\\\/depagterinterieurs.nl\\\/fr\\\/?s={search_term_string}\"},\"query-input\":{\"@type\":\"PropertyValueSpecification\",\"valueRequired\":true,\"valueName\":\"search_term_string\"}}],\"inLanguage\":\"fr-FR\"}]}<\/script>\n<!-- \/ Yoast SEO plugin. -->","yoast_head_json":{"title":"Fauteuil inclinable Mondher - De Pagter Interieurs","description":"Fauteuil de luxe Mondher avec repose-pieds r\u00e9glable \u00e9lectriquement et dossier pouvant \u00eatre actionn\u00e9 \u00e0 l\u2019aide de boutons tactiles. Fabriqu\u00e9 en cuir : Kenya \u2013 Anthracite. Comprend une batterie int\u00e9gr\u00e9e, des coutures de couleur assortie et un disque de pied rond. Le prix est pour le mod\u00e8le illustr\u00e9. D\u00e9couvrez toutes les options ici .","robots":{"index":"index","follow":"follow","max-snippet":"max-snippet:-1","max-image-preview":"max-image-preview:large","max-video-preview":"max-video-preview:-1"},"canonical":"https:\/\/depagterinterieurs.nl\/fr\/collectie\/marques\/ds-meubel\/fauteuil-inclinable-mondher\/","og_locale":"fr_FR","og_type":"article","og_title":"Fauteuil inclinable Mondher - De Pagter Interieurs","og_description":"Fauteuil de luxe Mondher avec repose-pieds r\u00e9glable \u00e9lectriquement et dossier pouvant \u00eatre actionn\u00e9 \u00e0 l\u2019aide de boutons tactiles. Fabriqu\u00e9 en cuir : Kenya \u2013 Anthracite. Comprend une batterie int\u00e9gr\u00e9e, des coutures de couleur assortie et un disque de pied rond. Le prix est pour le mod\u00e8le illustr\u00e9. D\u00e9couvrez toutes les options ici .","og_url":"https:\/\/depagterinterieurs.nl\/fr\/collectie\/marques\/ds-meubel\/fauteuil-inclinable-mondher\/","og_site_name":"De Pagter Interieurs","article_publisher":"https:\/\/www.facebook.com\/depagterinterieurs\/","article_modified_time":"2025-09-25T14:50:22+00:00","og_image":[{"width":2560,"height":1920,"url":"https:\/\/depagterinterieurs.nl\/wp-content\/uploads\/2023\/11\/Relaxfauteuil-Mondher-3-1-scaled.jpeg","type":"image\/jpeg"}],"twitter_card":"summary_large_image","schema":{"@context":"https:\/\/schema.org","@graph":[{"@type":"WebPage","@id":"https:\/\/depagterinterieurs.nl\/fr\/collectie\/marques\/ds-meubel\/fauteuil-inclinable-mondher\/","url":"https:\/\/depagterinterieurs.nl\/fr\/collectie\/marques\/ds-meubel\/fauteuil-inclinable-mondher\/","name":"Fauteuil inclinable Mondher - De Pagter Interieurs","isPartOf":{"@id":"https:\/\/depagterinterieurs.nl\/fr\/#website"},"primaryImageOfPage":{"@id":"https:\/\/depagterinterieurs.nl\/fr\/collectie\/marques\/ds-meubel\/fauteuil-inclinable-mondher\/#primaryimage"},"image":{"@id":"https:\/\/depagterinterieurs.nl\/fr\/collectie\/marques\/ds-meubel\/fauteuil-inclinable-mondher\/#primaryimage"},"thumbnailUrl":"https:\/\/depagterinterieurs.nl\/wp-content\/uploads\/2023\/11\/Relaxfauteuil-Mondher-3-1-scaled.jpeg","datePublished":"2025-09-25T14:03:05+00:00","dateModified":"2025-09-25T14:50:22+00:00","description":"Fauteuil de luxe Mondher avec repose-pieds r\u00e9glable \u00e9lectriquement et dossier pouvant \u00eatre actionn\u00e9 \u00e0 l\u2019aide de boutons tactiles. Fabriqu\u00e9 en cuir : Kenya \u2013 Anthracite. Comprend une batterie int\u00e9gr\u00e9e, des coutures de couleur assortie et un disque de pied rond. Le prix est pour le mod\u00e8le illustr\u00e9. D\u00e9couvrez toutes les options ici .","breadcrumb":{"@id":"https:\/\/depagterinterieurs.nl\/fr\/collectie\/marques\/ds-meubel\/fauteuil-inclinable-mondher\/#breadcrumb"},"inLanguage":"fr-FR","potentialAction":[{"@type":"ReadAction","target":["https:\/\/depagterinterieurs.nl\/fr\/collectie\/marques\/ds-meubel\/fauteuil-inclinable-mondher\/"]}]},{"@type":"ImageObject","inLanguage":"fr-FR","@id":"https:\/\/depagterinterieurs.nl\/fr\/collectie\/marques\/ds-meubel\/fauteuil-inclinable-mondher\/#primaryimage","url":"https:\/\/depagterinterieurs.nl\/wp-content\/uploads\/2023\/11\/Relaxfauteuil-Mondher-3-1-scaled.jpeg","contentUrl":"https:\/\/depagterinterieurs.nl\/wp-content\/uploads\/2023\/11\/Relaxfauteuil-Mondher-3-1-scaled.jpeg","width":2560,"height":1920},{"@type":"BreadcrumbList","@id":"https:\/\/depagterinterieurs.nl\/fr\/collectie\/marques\/ds-meubel\/fauteuil-inclinable-mondher\/#breadcrumb","itemListElement":[{"@type":"ListItem","position":1,"name":"Home","item":"https:\/\/depagterinterieurs.nl\/fr\/domicile\/"},{"@type":"ListItem","position":2,"name":"Collection","item":"https:\/\/depagterinterieurs.nl\/fr\/collection\/"},{"@type":"ListItem","position":3,"name":"Fauteuil inclinable Mondher"}]},{"@type":"WebSite","@id":"https:\/\/depagterinterieurs.nl\/fr\/#website","url":"https:\/\/depagterinterieurs.nl\/fr\/","name":"De Pagter Interieurs","description":"Woonwinkels in Middelburg - Domburg - Veere","potentialAction":[{"@type":"SearchAction","target":{"@type":"EntryPoint","urlTemplate":"https:\/\/depagterinterieurs.nl\/fr\/?s={search_term_string}"},"query-input":{"@type":"PropertyValueSpecification","valueRequired":true,"valueName":"search_term_string"}}],"inLanguage":"fr-FR"}]}},"_links":{"self":[{"href":"https:\/\/depagterinterieurs.nl\/fr\/wp-json\/wp\/v2\/product\/168132","targetHints":{"allow":["GET"]}}],"collection":[{"href":"https:\/\/depagterinterieurs.nl\/fr\/wp-json\/wp\/v2\/product"}],"about":[{"href":"https:\/\/depagterinterieurs.nl\/fr\/wp-json\/wp\/v2\/types\/product"}],"wp:featuredmedia":[{"embeddable":true,"href":"https:\/\/depagterinterieurs.nl\/fr\/wp-json\/wp\/v2\/media\/126776"}],"wp:attachment":[{"href":"https:\/\/depagterinterieurs.nl\/fr\/wp-json\/wp\/v2\/media?parent=168132"}],"wp:term":[{"taxonomy":"product_brand","embeddable":true,"href":"https:\/\/depagterinterieurs.nl\/fr\/wp-json\/wp\/v2\/product_brand?post=168132"},{"taxonomy":"product_cat","embeddable":true,"href":"https:\/\/depagterinterieurs.nl\/fr\/wp-json\/wp\/v2\/product_cat?post=168132"},{"taxonomy":"product_tag","embeddable":true,"href":"https:\/\/depagterinterieurs.nl\/fr\/wp-json\/wp\/v2\/product_tag?post=168132"}],"curies":[{"name":"wp","href":"https:\/\/api.w.org\/{rel}","templated":true}]}}